{"id":10,"date":"2019-02-13T14:42:26","date_gmt":"2019-02-13T11:42:26","guid":{"rendered":"https:\/\/alptekinas.com\/en\/?page_id=10"},"modified":"2019-03-06T16:24:54","modified_gmt":"2019-03-06T13:24:54","slug":"about","status":"publish","type":"page","link":"https:\/\/www.alptekinas.com\/en\/about\/","title":{"rendered":"About"},"content":{"rendered":"<div id=\"pl-10\"  class=\"panel-layout\" ><div id=\"pg-10-0\"  class=\"panel-grid panel-no-style\" ><div id=\"pgc-10-0-0\"  class=\"panel-grid-cell\" ><div id=\"panel-10-0-0-0\" class=\"so-panel widget widget_sow-editor panel-first-child panel-last-child\" data-index=\"0\" ><div\n\t\t\t\n\t\t\tclass=\"so-widget-sow-editor so-widget-sow-editor-base\"\n\t\t\t\n\t\t>\n<div class=\"siteorigin-widget-tinymce textwidget\">\n\t<p>&nbsp;<\/p>\n<p>Serious, disciplined, safe and reliable working principle as our company has been serving the construction sector since 1968.<\/p>\n<p>The company attaches utmost importance to quality in service by adopting the expression hizmet LIFE TO LIFE IN COMPETITION ENVIRONMENT, WITH HIGH QUALITY AND HIGH PRODUCTIVITY.<\/p>\n<p>It is aware of the importance of evaluating time by using state-of-the-art technology to reach its goals.<\/p>\n<p>The expert technical staff and the large machine park are ready to serve in accordance with the company's quality policy.<\/p>\n<\/div>\n<\/div><\/div><\/div><div id=\"pgc-10-0-1\"  class=\"panel-grid-cell\" ><div id=\"panel-10-0-1-0\" class=\"so-panel widget widget_sow-image panel-first-child panel-last-child\" data-index=\"1\" ><div\n\t\t\t\n\t\t\tclass=\"so-widget-sow-image so-widget-sow-image-default-8b5b6f678277-10\"\n\t\t\t\n\t\t>\n<div class=\"sow-image-container\">\n\t\t<img \n\tsrc=\"https:\/\/www.alptekinas.com\/en\/wp-content\/uploads\/2019\/03\/Alptekin-Merkez-Bina-Ankara-hakk\u0131m\u0131zda-k\u0131sm\u0131na-konulacak.jpg\" width=\"1296\" height=\"976\" srcset=\"https:\/\/www.alptekinas.com\/en\/wp-content\/uploads\/2019\/03\/Alptekin-Merkez-Bina-Ankara-hakk\u0131m\u0131zda-k\u0131sm\u0131na-konulacak.jpg 1296w, https:\/\/www.alptekinas.com\/en\/wp-content\/uploads\/2019\/03\/Alptekin-Merkez-Bina-Ankara-hakk\u0131m\u0131zda-k\u0131sm\u0131na-konulacak-300x226.jpg 300w, https:\/\/www.alptekinas.com\/en\/wp-content\/uploads\/2019\/03\/Alptekin-Merkez-Bina-Ankara-hakk\u0131m\u0131zda-k\u0131sm\u0131na-konulacak-768x578.jpg 768w, https:\/\/www.alptekinas.com\/en\/wp-content\/uploads\/2019\/03\/Alptekin-Merkez-Bina-Ankara-hakk\u0131m\u0131zda-k\u0131sm\u0131na-konulacak-1024x771.jpg 1024w\" sizes=\"(max-width: 1296px) 100vw, 1296px\" title=\"Alptekin Merkez Bina-Ankara (hakk\u0131m\u0131zda k\u0131sm\u0131na konulacak,)\" alt=\"\" loading=\"lazy\" \t\tclass=\"so-widget-image\"\/>\n\t<\/div>\n\n<\/div><\/div><\/div><\/div><div id=\"pg-10-1\"  class=\"panel-grid panel-no-style\" ><div id=\"pgc-10-1-0\"  class=\"panel-grid-cell\" ><div id=\"panel-10-1-0-0\" class=\"so-panel widget widget_sow-image panel-first-child panel-last-child\" data-index=\"2\" ><div\n\t\t\t\n\t\t\tclass=\"so-widget-sow-image so-widget-sow-image-default-8b5b6f678277-10\"\n\t\t\t\n\t\t>\n<div class=\"sow-image-container\">\n\t\t<img \n\tsrc=\"https:\/\/www.alptekinas.com\/en\/wp-content\/uploads\/2019\/03\/\u00e7evre.jpg\" width=\"1654\" height=\"2338\" srcset=\"https:\/\/www.alptekinas.com\/en\/wp-content\/uploads\/2019\/03\/\u00e7evre.jpg 1654w, https:\/\/www.alptekinas.com\/en\/wp-content\/uploads\/2019\/03\/\u00e7evre-212x300.jpg 212w, https:\/\/www.alptekinas.com\/en\/wp-content\/uploads\/2019\/03\/\u00e7evre-768x1086.jpg 768w, https:\/\/www.alptekinas.com\/en\/wp-content\/uploads\/2019\/03\/\u00e7evre-724x1024.jpg 724w\" sizes=\"(max-width: 1654px) 100vw, 1654px\" alt=\"\" loading=\"lazy\" \t\tclass=\"so-widget-image\"\/>\n\t<\/div>\n\n<\/div><\/div><\/div><div id=\"pgc-10-1-1\"  class=\"panel-grid-cell\" ><div id=\"panel-10-1-1-0\" class=\"so-panel widget widget_sow-image panel-first-child panel-last-child\" data-index=\"3\" ><div\n\t\t\t\n\t\t\tclass=\"so-widget-sow-image so-widget-sow-image-default-8b5b6f678277-10\"\n\t\t\t\n\t\t>\n<div class=\"sow-image-container\">\n\t\t<img \n\tsrc=\"https:\/\/www.alptekinas.com\/en\/wp-content\/uploads\/2019\/03\/kys.jpg\" width=\"1654\" height=\"2338\" srcset=\"https:\/\/www.alptekinas.com\/en\/wp-content\/uploads\/2019\/03\/kys.jpg 1654w, https:\/\/www.alptekinas.com\/en\/wp-content\/uploads\/2019\/03\/kys-212x300.jpg 212w, https:\/\/www.alptekinas.com\/en\/wp-content\/uploads\/2019\/03\/kys-768x1086.jpg 768w, https:\/\/www.alptekinas.com\/en\/wp-content\/uploads\/2019\/03\/kys-724x1024.jpg 724w\" sizes=\"(max-width: 1654px) 100vw, 1654px\" alt=\"\" loading=\"lazy\" \t\tclass=\"so-widget-image\"\/>\n\t<\/div>\n\n<\/div><\/div><\/div><div id=\"pgc-10-1-2\"  class=\"panel-grid-cell\" ><div id=\"panel-10-1-2-0\" class=\"so-panel widget widget_sow-image panel-first-child panel-last-child\" data-index=\"4\" ><div\n\t\t\t\n\t\t\tclass=\"so-widget-sow-image so-widget-sow-image-default-8b5b6f678277-10\"\n\t\t\t\n\t\t>\n<div class=\"sow-image-container\">\n\t\t<img \n\tsrc=\"https:\/\/www.alptekinas.com\/en\/wp-content\/uploads\/2019\/03\/ohsas.jpg\" width=\"1654\" height=\"2338\" srcset=\"https:\/\/www.alptekinas.com\/en\/wp-content\/uploads\/2019\/03\/ohsas.jpg 1654w, https:\/\/www.alptekinas.com\/en\/wp-content\/uploads\/2019\/03\/ohsas-212x300.jpg 212w, https:\/\/www.alptekinas.com\/en\/wp-content\/uploads\/2019\/03\/ohsas-768x1086.jpg 768w, https:\/\/www.alptekinas.com\/en\/wp-content\/uploads\/2019\/03\/ohsas-724x1024.jpg 724w\" sizes=\"(max-width: 1654px) 100vw, 1654px\" alt=\"\" loading=\"lazy\" \t\tclass=\"so-widget-image\"\/>\n\t<\/div>\n\n<\/div><\/div><\/div><\/div><\/div>","protected":false},"excerpt":{"rendered":"<p>&nbsp; Serious, disciplined, safe and reliable working principle as our company has been serving the construction sector since 1968. The company attaches utmost importance to quality in service by adopting the expression hizmet LIFE TO LIFE IN COMPETITION ENVIRONMENT, WITH HIGH QUALITY AND HIGH PRODUCTIVITY. It is aware of the importance of evaluating time by [&hellip;]<\/p>\n","protected":false},"author":1,"featured_media":0,"parent":0,"menu_order":0,"comment_status":"closed","ping_status":"closed","template":"","meta":[],"_links":{"self":[{"href":"https:\/\/www.alptekinas.com\/en\/wp-json\/wp\/v2\/pages\/10"}],"collection":[{"href":"https:\/\/www.alptekinas.com\/en\/wp-json\/wp\/v2\/pages"}],"about":[{"href":"https:\/\/www.alptekinas.com\/en\/wp-json\/wp\/v2\/types\/page"}],"author":[{"embeddable":true,"href":"https:\/\/www.alptekinas.com\/en\/wp-json\/wp\/v2\/users\/1"}],"replies":[{"embeddable":true,"href":"https:\/\/www.alptekinas.com\/en\/wp-json\/wp\/v2\/comments?post=10"}],"version-history":[{"count":11,"href":"https:\/\/www.alptekinas.com\/en\/wp-json\/wp\/v2\/pages\/10\/revisions"}],"predecessor-version":[{"id":386,"href":"https:\/\/www.alptekinas.com\/en\/wp-json\/wp\/v2\/pages\/10\/revisions\/386"}],"wp:attachment":[{"href":"https:\/\/www.alptekinas.com\/en\/wp-json\/wp\/v2\/media?parent=10"}],"curies":[{"name":"wp","href":"https:\/\/api.w.org\/{rel}","templated":true}]}}