{"id":244,"date":"2019-03-04T15:10:05","date_gmt":"2019-03-04T12:10:05","guid":{"rendered":"https:\/\/alptekinas.com\/en\/?page_id=244"},"modified":"2019-03-04T15:10:06","modified_gmt":"2019-03-04T12:10:06","slug":"sulakyurt-baraji-insaati","status":"publish","type":"page","link":"https:\/\/www.alptekinas.com\/en\/sulakyurt-baraji-insaati\/","title":{"rendered":"SULAKYURT BARAJI \u0130N\u015eAATI"},"content":{"rendered":"<div id=\"pl-244\"  class=\"panel-layout\" ><div id=\"pg-244-0\"  class=\"panel-grid panel-no-style\" ><div id=\"pgc-244-0-0\"  class=\"panel-grid-cell\" ><div id=\"panel-244-0-0-0\" class=\"so-panel widget widget_sow-editor panel-first-child panel-last-child\" data-index=\"0\" ><div\n\t\t\t\n\t\t\tclass=\"so-widget-sow-editor so-widget-sow-editor-base\"\n\t\t\t\n\t\t>\n<div class=\"siteorigin-widget-tinymce textwidget\">\n\t<p><strong>SULAKYURT BARAJI \u0130N\u015eAATI<\/strong><\/p>\n<ul>\n<li><strong>YER\u0130:<\/strong>K\u0131r\u0131kkale \u0130li s\u0131n\u0131rlar\u0131 i\u00e7inde Sulakyurt \u0130l\u00e7esi<\/li>\n<li><strong>\u0130DARE:<\/strong>S.\u0130. V. B\u00f6lge M\u00fcd\u00fcrl\u00fc\u011f\u00fc \u2013 Ankara<\/li>\n<li><strong>PROJEN\u0130N AMACI:<\/strong>Sulama<\/li>\n<li><strong>\u0130\u015eE BA\u015eLAMA TAR\u0130H\u0130:<\/strong>01.2012<\/li>\n<li><strong>\u0130\u015e\u0130N B\u0130T\u0130\u015e TAR\u0130H\u0130:<\/strong>04.2015<\/li>\n<\/ul>\n<\/div>\n<\/div><\/div><\/div><\/div><div id=\"pg-244-1\"  class=\"panel-grid panel-no-style\" ><div id=\"pgc-244-1-0\"  class=\"panel-grid-cell\" ><div id=\"panel-244-1-0-0\" class=\"so-panel widget widget_sow-image panel-first-child panel-last-child\" data-index=\"1\" ><div\n\t\t\t\n\t\t\tclass=\"so-widget-sow-image so-widget-sow-image-default-8b5b6f678277-244\"\n\t\t\t\n\t\t>\n<div class=\"sow-image-container\">\n\t\t<img \n\tsrc=\"https:\/\/www.alptekinas.com\/en\/wp-content\/uploads\/2019\/02\/9.jpg\" width=\"620\" height=\"330\" srcset=\"https:\/\/www.alptekinas.com\/en\/wp-content\/uploads\/2019\/02\/9.jpg 620w, https:\/\/www.alptekinas.com\/en\/wp-content\/uploads\/2019\/02\/9-300x160.jpg 300w\" sizes=\"(max-width: 620px) 100vw, 620px\" alt=\"\" loading=\"lazy\" \t\tclass=\"so-widget-image\"\/>\n\t<\/div>\n\n<\/div><\/div><\/div><div id=\"pgc-244-1-1\"  class=\"panel-grid-cell\" ><div id=\"panel-244-1-1-0\" class=\"so-panel widget widget_sow-image panel-first-child panel-last-child\" data-index=\"2\" ><div\n\t\t\t\n\t\t\tclass=\"so-widget-sow-image so-widget-sow-image-default-8b5b6f678277-244\"\n\t\t\t\n\t\t>\n<div class=\"sow-image-container\">\n\t\t<img \n\tsrc=\"https:\/\/www.alptekinas.com\/en\/wp-content\/uploads\/2019\/02\/10.jpg\" width=\"800\" height=\"450\" srcset=\"https:\/\/www.alptekinas.com\/en\/wp-content\/uploads\/2019\/02\/10.jpg 800w, https:\/\/www.alptekinas.com\/en\/wp-content\/uploads\/2019\/02\/10-300x169.jpg 300w, https:\/\/www.alptekinas.com\/en\/wp-content\/uploads\/2019\/02\/10-768x432.jpg 768w\" sizes=\"(max-width: 800px) 100vw, 800px\" alt=\"\" loading=\"lazy\" \t\tclass=\"so-widget-image\"\/>\n\t<\/div>\n\n<\/div><\/div><\/div><\/div><\/div>","protected":false},"excerpt":{"rendered":"<p>SULAKYURT BARAJI \u0130N\u015eAATI YER\u0130:K\u0131r\u0131kkale \u0130li s\u0131n\u0131rlar\u0131 i\u00e7inde Sulakyurt \u0130l\u00e7esi \u0130DARE:S.\u0130. V. B\u00f6lge M\u00fcd\u00fcrl\u00fc\u011f\u00fc \u2013 Ankara PROJEN\u0130N AMACI:Sulama \u0130\u015eE BA\u015eLAMA TAR\u0130H\u0130:01.2012 \u0130\u015e\u0130N B\u0130T\u0130\u015e TAR\u0130H\u0130:04.2015<\/p>\n","protected":false},"author":1,"featured_media":0,"parent":0,"menu_order":0,"comment_status":"closed","ping_status":"closed","template":"","meta":[],"_links":{"self":[{"href":"https:\/\/www.alptekinas.com\/en\/wp-json\/wp\/v2\/pages\/244"}],"collection":[{"href":"https:\/\/www.alptekinas.com\/en\/wp-json\/wp\/v2\/pages"}],"about":[{"href":"https:\/\/www.alptekinas.com\/en\/wp-json\/wp\/v2\/types\/page"}],"author":[{"embeddable":true,"href":"https:\/\/www.alptekinas.com\/en\/wp-json\/wp\/v2\/users\/1"}],"replies":[{"embeddable":true,"href":"https:\/\/www.alptekinas.com\/en\/wp-json\/wp\/v2\/comments?post=244"}],"version-history":[{"count":2,"href":"https:\/\/www.alptekinas.com\/en\/wp-json\/wp\/v2\/pages\/244\/revisions"}],"predecessor-version":[{"id":246,"href":"https:\/\/www.alptekinas.com\/en\/wp-json\/wp\/v2\/pages\/244\/revisions\/246"}],"wp:attachment":[{"href":"https:\/\/www.alptekinas.com\/en\/wp-json\/wp\/v2\/media?parent=244"}],"curies":[{"name":"wp","href":"https:\/\/api.w.org\/{rel}","templated":true}]}}