{"id":356,"date":"2019-03-04T17:12:35","date_gmt":"2019-03-04T14:12:35","guid":{"rendered":"https:\/\/alptekinas.com\/en\/?page_id=356"},"modified":"2019-03-04T17:21:47","modified_gmt":"2019-03-04T14:21:47","slug":"shell-urkmez-2","status":"publish","type":"page","link":"https:\/\/www.alptekinas.com\/en\/shell-urkmez-2\/","title":{"rendered":"Shell-\u00dcrkmez 2"},"content":{"rendered":"<div id=\"pl-356\"  class=\"panel-layout\" ><div id=\"pg-356-0\"  class=\"panel-grid panel-no-style\" ><div id=\"pgc-356-0-0\"  class=\"panel-grid-cell\" ><div id=\"panel-356-0-0-0\" class=\"so-panel widget widget_sow-editor panel-first-child panel-last-child\" data-index=\"0\" ><div\n\t\t\t\n\t\t\tclass=\"so-widget-sow-editor so-widget-sow-editor-base\"\n\t\t\t\n\t\t>\n<div class=\"siteorigin-widget-tinymce textwidget\">\n\t<h4>Shell- \u00dcrkmez 2<\/h4>\n<p>Mersin Alan\u0131 Mahallesi, \u00dcrkmez Cd. No:211, 35485 <strong>Seferihisar\/\u0130zmir<\/strong><\/p>\n<\/div>\n<\/div><\/div><\/div><div id=\"pgc-356-0-1\"  class=\"panel-grid-cell\" ><div id=\"panel-356-0-1-0\" class=\"widget_text so-panel widget widget_custom_html panel-first-child panel-last-child\" data-index=\"1\" ><div class=\"textwidget custom-html-widget\"><iframe src=\"https:\/\/www.google.com\/maps\/embed?pb=!1m18!1m12!1m3!1d3140.5772256794357!2d26.96608231468251!3d38.08022590230084!2m3!1f0!2f0!3f0!3m2!1i1024!2i768!4f13.1!3m3!1m2!1s0x14bbf79de60f6137%3A0xa5b70fbfd0a70fee!2sShell!5e0!3m2!1str!2str!4v1551708648599\" width=\"500\" height=\"250\" frameborder=\"0\" style=\"border:0\" allowfullscreen><\/iframe><\/div><\/div><\/div><\/div><\/div>","protected":false},"excerpt":{"rendered":"<p>Shell- \u00dcrkmez 2 Mersin Alan\u0131 Mahallesi, \u00dcrkmez Cd. No:211, 35485 Seferihisar\/\u0130zmir<\/p>\n","protected":false},"author":1,"featured_media":0,"parent":0,"menu_order":0,"comment_status":"closed","ping_status":"closed","template":"","meta":[],"_links":{"self":[{"href":"https:\/\/www.alptekinas.com\/en\/wp-json\/wp\/v2\/pages\/356"}],"collection":[{"href":"https:\/\/www.alptekinas.com\/en\/wp-json\/wp\/v2\/pages"}],"about":[{"href":"https:\/\/www.alptekinas.com\/en\/wp-json\/wp\/v2\/types\/page"}],"author":[{"embeddable":true,"href":"https:\/\/www.alptekinas.com\/en\/wp-json\/wp\/v2\/users\/1"}],"replies":[{"embeddable":true,"href":"https:\/\/www.alptekinas.com\/en\/wp-json\/wp\/v2\/comments?post=356"}],"version-history":[{"count":3,"href":"https:\/\/www.alptekinas.com\/en\/wp-json\/wp\/v2\/pages\/356\/revisions"}],"predecessor-version":[{"id":361,"href":"https:\/\/www.alptekinas.com\/en\/wp-json\/wp\/v2\/pages\/356\/revisions\/361"}],"wp:attachment":[{"href":"https:\/\/www.alptekinas.com\/en\/wp-json\/wp\/v2\/media?parent=356"}],"curies":[{"name":"wp","href":"https:\/\/api.w.org\/{rel}","templated":true}]}}