{"id":14,"date":"2019-02-13T14:54:58","date_gmt":"2019-02-13T11:54:58","guid":{"rendered":"https:\/\/alptekinas.com\/tr\/?page_id=14"},"modified":"2019-03-06T10:00:11","modified_gmt":"2019-03-06T07:00:11","slug":"tamamlanan-projeler","status":"publish","type":"page","link":"https:\/\/www.alptekinas.com\/tr\/tamamlanan-projeler\/","title":{"rendered":"Tamamlanan Projeler"},"content":{"rendered":"<div id=\"pl-14\"  class=\"panel-layout\" ><div id=\"pg-14-0\"  class=\"panel-grid panel-no-style\" ><div id=\"pgc-14-0-0\"  class=\"panel-grid-cell\" ><div id=\"panel-14-0-0-0\" class=\"so-panel widget widget_sow-button panel-first-child panel-last-child\" data-index=\"0\" ><div\n\t\t\t\n\t\t\tclass=\"so-widget-sow-button so-widget-sow-button-atom-a10e8789ad6c-14\"\n\t\t\t\n\t\t><div class=\"ow-button-base ow-button-align-center\"\n>\n\t\t\t<a\n\t\t\t\t\thref=\"https:\/\/www.alptekinas.com\/tr\/kavakdere-baraji-insaati\/\"\n\t\t\t\t\tclass=\"sowb-button ow-icon-placement-left ow-button-hover\" target=\"_blank\" rel=\"noopener noreferrer\" \t>\n\t\t<span>\n\t\t\t\n\t\t\tKAVAKDERE BARAJI \u0130N\u015eAATI\t\t<\/span>\n\t\t\t<\/a>\n\t<\/div>\n<\/div><\/div><\/div><div id=\"pgc-14-0-1\"  class=\"panel-grid-cell\" ><div id=\"panel-14-0-1-0\" class=\"so-panel widget widget_sow-button panel-first-child panel-last-child\" data-index=\"1\" ><div\n\t\t\t\n\t\t\tclass=\"so-widget-sow-button so-widget-sow-button-atom-a10e8789ad6c-14\"\n\t\t\t\n\t\t><div class=\"ow-button-base ow-button-align-center\"\n>\n\t\t\t<a\n\t\t\t\t\thref=\"https:\/\/www.alptekinas.com\/tr\/altinova-dikili-ovalari-sulamasi\/\"\n\t\t\t\t\tclass=\"sowb-button ow-icon-placement-left ow-button-hover\" target=\"_blank\" rel=\"noopener noreferrer\" \t>\n\t\t<span>\n\t\t\t\n\t\t\tALTINOVA-D\u0130K\u0130L\u0130 OVALARI SULAMASI\t\t<\/span>\n\t\t\t<\/a>\n\t<\/div>\n<\/div><\/div><\/div><\/div><div id=\"pg-14-1\"  class=\"panel-grid panel-no-style\" ><div id=\"pgc-14-1-0\"  class=\"panel-grid-cell\" ><div id=\"panel-14-1-0-0\" class=\"so-panel widget widget_sow-button panel-first-child panel-last-child\" data-index=\"2\" ><div\n\t\t\t\n\t\t\tclass=\"so-widget-sow-button so-widget-sow-button-atom-7a1b22221a01-14\"\n\t\t\t\n\t\t><div class=\"ow-button-base ow-button-align-center\"\n>\n\t\t\t<a\n\t\t\t\t\thref=\"https:\/\/www.alptekinas.com\/tr\/cakmak-baraji-insaati\/\"\n\t\t\t\t\tclass=\"sowb-button ow-icon-placement-left ow-button-hover\" target=\"_blank\" rel=\"noopener noreferrer\" \t>\n\t\t<span>\n\t\t\t\n\t\t\t\u00c7AKMAK BARAJI \u0130N\u015eAATI\t\t<\/span>\n\t\t\t<\/a>\n\t<\/div>\n<\/div><\/div><\/div><div id=\"pgc-14-1-1\"  class=\"panel-grid-cell\" ><div id=\"panel-14-1-1-0\" class=\"so-panel widget widget_sow-button panel-first-child panel-last-child\" data-index=\"3\" ><div\n\t\t\t\n\t\t\tclass=\"so-widget-sow-button so-widget-sow-button-atom-a10e8789ad6c-14\"\n\t\t\t\n\t\t><div class=\"ow-button-base ow-button-align-center\"\n>\n\t\t\t<a\n\t\t\t\t\thref=\"https:\/\/www.alptekinas.com\/tr\/seyitomer-termik-santrali-kul-dagi-reh-ve-kul-baraji-insaati\/\"\n\t\t\t\t\tclass=\"sowb-button ow-icon-placement-left ow-button-hover\" target=\"_blank\" rel=\"noopener noreferrer\" \t>\n\t\t<span>\n\t\t\t\n\t\t\tSEY\u0130T\u00d6MER TERM\u0130K SANTRAL\u0130 K\u00dcL DA\u011eI REH. VE K\u00dcL BARAJI \u0130N\u015eAATI\t\t<\/span>\n\t\t\t<\/a>\n\t<\/div>\n<\/div><\/div><\/div><\/div><div id=\"pg-14-2\"  class=\"panel-grid panel-no-style\" ><div id=\"pgc-14-2-0\"  class=\"panel-grid-cell\" ><div id=\"panel-14-2-0-0\" class=\"so-panel widget widget_sow-button panel-first-child panel-last-child\" data-index=\"4\" ><div\n\t\t\t\n\t\t\tclass=\"so-widget-sow-button so-widget-sow-button-atom-a10e8789ad6c-14\"\n\t\t\t\n\t\t><div class=\"ow-button-base ow-button-align-center\"\n>\n\t\t\t<a\n\t\t\t\t\thref=\"https:\/\/www.alptekinas.com\/tr\/pecenek-baraji-insaati\/\"\n\t\t\t\t\tclass=\"sowb-button ow-icon-placement-left ow-button-hover\" target=\"_blank\" rel=\"noopener noreferrer\" \t>\n\t\t<span>\n\t\t\t\n\t\t\tPE\u00c7ENEK BARAJI \u0130N\u015eAATI\t\t<\/span>\n\t\t\t<\/a>\n\t<\/div>\n<\/div><\/div><\/div><div id=\"pgc-14-2-1\"  class=\"panel-grid-cell\" ><div id=\"panel-14-2-1-0\" class=\"so-panel widget widget_sow-button panel-first-child panel-last-child\" data-index=\"5\" ><div\n\t\t\t\n\t\t\tclass=\"so-widget-sow-button so-widget-sow-button-atom-a10e8789ad6c-14\"\n\t\t\t\n\t\t><div class=\"ow-button-base ow-button-align-center\"\n>\n\t\t\t<a\n\t\t\t\t\thref=\"https:\/\/www.alptekinas.com\/tr\/sulakyurt-baraji-insaati\/\"\n\t\t\t\t\tclass=\"sowb-button ow-icon-placement-left ow-button-hover\" target=\"_blank\" rel=\"noopener noreferrer\" \t>\n\t\t<span>\n\t\t\t\n\t\t\tSULAKYURT BARAJI \u0130N\u015eAATI\t\t<\/span>\n\t\t\t<\/a>\n\t<\/div>\n<\/div><\/div><\/div><\/div><div id=\"pg-14-3\"  class=\"panel-grid panel-no-style\" ><div id=\"pgc-14-3-0\"  class=\"panel-grid-cell\" ><div id=\"panel-14-3-0-0\" class=\"so-panel widget widget_sow-button panel-first-child panel-last-child\" data-index=\"6\" ><div\n\t\t\t\n\t\t\tclass=\"so-widget-sow-button so-widget-sow-button-atom-a10e8789ad6c-14\"\n\t\t\t\n\t\t><div class=\"ow-button-base ow-button-align-center\"\n>\n\t\t\t<a\n\t\t\t\t\thref=\"https:\/\/www.alptekinas.com\/tr\/nigde-yesilburc-baraji-ve-derivasyon-tesisleri-insaati\/\"\n\t\t\t\t\tclass=\"sowb-button ow-icon-placement-left ow-button-hover\" target=\"_blank\" rel=\"noopener noreferrer\" \t>\n\t\t<span>\n\t\t\t\n\t\t\tN\u0130\u011eDE YE\u015e\u0130LBUR\u00c7 BARAJI VE DER\u0130VASYON TES\u0130SLER\u0130 \u0130N\u015eAATI\t\t<\/span>\n\t\t\t<\/a>\n\t<\/div>\n<\/div><\/div><\/div><div id=\"pgc-14-3-1\"  class=\"panel-grid-cell\" ><div id=\"panel-14-3-1-0\" class=\"so-panel widget widget_sow-button panel-first-child panel-last-child\" data-index=\"7\" ><div\n\t\t\t\n\t\t\tclass=\"so-widget-sow-button so-widget-sow-button-atom-a10e8789ad6c-14\"\n\t\t\t\n\t\t><div class=\"ow-button-base ow-button-align-center\"\n>\n\t\t\t<a\n\t\t\t\t\thref=\"https:\/\/www.alptekinas.com\/tr\/nevsehir-ozkonak-goleti-ve-sulamasi-sari-emanet-insaati\/\"\n\t\t\t\t\tclass=\"sowb-button ow-icon-placement-left ow-button-hover\" target=\"_blank\" rel=\"noopener noreferrer\" \t>\n\t\t<span>\n\t\t\t\n\t\t\tNEV\u015eEH\u0130R \u00d6ZKONAK G\u00d6LET\u0130 VE SULAMASI SAR\u0130 EMANET \u0130N\u015eAATI\t\t<\/span>\n\t\t\t<\/a>\n\t<\/div>\n<\/div><\/div><\/div><\/div><div id=\"pg-14-4\"  class=\"panel-grid panel-no-style\" ><div id=\"pgc-14-4-0\"  class=\"panel-grid-cell\" ><div id=\"panel-14-4-0-0\" class=\"so-panel widget widget_sow-button panel-first-child panel-last-child\" data-index=\"8\" ><div\n\t\t\t\n\t\t\tclass=\"so-widget-sow-button so-widget-sow-button-atom-a10e8789ad6c-14\"\n\t\t\t\n\t\t><div class=\"ow-button-base ow-button-align-center\"\n>\n\t\t\t<a\n\t\t\t\t\thref=\"https:\/\/www.alptekinas.com\/tr\/izmir-menderes-atakoy-goleti-insaati\/\"\n\t\t\t\t\tclass=\"sowb-button ow-icon-placement-left ow-button-hover\" target=\"_blank\" rel=\"noopener noreferrer\" \t>\n\t\t<span>\n\t\t\t\n\t\t\t\u0130ZM\u0130R MENDERES ATAK\u00d6Y G\u00d6LET\u0130 \u0130N\u015eAATI\t\t<\/span>\n\t\t\t<\/a>\n\t<\/div>\n<\/div><\/div><\/div><div id=\"pgc-14-4-1\"  class=\"panel-grid-cell\" ><div id=\"panel-14-4-1-0\" class=\"so-panel widget widget_sow-button panel-first-child panel-last-child\" data-index=\"9\" ><div\n\t\t\t\n\t\t\tclass=\"so-widget-sow-button so-widget-sow-button-atom-a10e8789ad6c-14\"\n\t\t\t\n\t\t><div class=\"ow-button-base ow-button-align-center\"\n>\n\t\t\t<a\n\t\t\t\t\thref=\"https:\/\/www.alptekinas.com\/tr\/izmir-menemen-emiralem-goleti-insaati\/\"\n\t\t\t\t\tclass=\"sowb-button ow-icon-placement-left ow-button-hover\" target=\"_blank\" rel=\"noopener noreferrer\" \t>\n\t\t<span>\n\t\t\t\n\t\t\t\u0130ZM\u0130R MENEMEN EM\u0130RALEM G\u00d6LET\u0130 \u0130N\u015eAATI\t\t<\/span>\n\t\t\t<\/a>\n\t<\/div>\n<\/div><\/div><\/div><\/div><div id=\"pg-14-5\"  class=\"panel-grid panel-no-style\" ><div id=\"pgc-14-5-0\"  class=\"panel-grid-cell\" ><div id=\"panel-14-5-0-0\" class=\"so-panel widget widget_sow-button panel-first-child panel-last-child\" data-index=\"10\" ><div\n\t\t\t\n\t\t\tclass=\"so-widget-sow-button so-widget-sow-button-atom-a10e8789ad6c-14\"\n\t\t\t\n\t\t><div class=\"ow-button-base ow-button-align-center\"\n>\n\t\t\t<a\n\t\t\t\t\thref=\"https:\/\/www.alptekinas.com\/tr\/edirne-ipsala-koyuntepe-regulatoru\/\"\n\t\t\t\t\tclass=\"sowb-button ow-icon-placement-left ow-button-hover\" target=\"_blank\" rel=\"noopener noreferrer\" \t>\n\t\t<span>\n\t\t\t\n\t\t\tED\u0130RNE \u0130PSALA KOYUNTEPE REG\u00dcLAT\u00d6R\u00dc\t\t<\/span>\n\t\t\t<\/a>\n\t<\/div>\n<\/div><\/div><\/div><div id=\"pgc-14-5-1\"  class=\"panel-grid-cell\" ><div id=\"panel-14-5-1-0\" class=\"so-panel widget widget_sow-button panel-first-child panel-last-child\" data-index=\"11\" ><div\n\t\t\t\n\t\t\tclass=\"so-widget-sow-button so-widget-sow-button-atom-a10e8789ad6c-14\"\n\t\t\t\n\t\t><div class=\"ow-button-base ow-button-align-center\"\n>\n\t\t\t<a\n\t\t\t\t\thref=\"https:\/\/www.alptekinas.com\/tr\/edirne-enez-karaincirli-goleti\/\"\n\t\t\t\t\tclass=\"sowb-button ow-icon-placement-left ow-button-hover\" target=\"_blank\" rel=\"noopener noreferrer\" \t>\n\t\t<span>\n\t\t\t\n\t\t\tED\u0130RNE ENEZ KARA\u0130NC\u0130RL\u0130 G\u00d6LET\u0130\t\t<\/span>\n\t\t\t<\/a>\n\t<\/div>\n<\/div><\/div><\/div><\/div><div id=\"pg-14-6\"  class=\"panel-grid panel-no-style\" ><div id=\"pgc-14-6-0\"  class=\"panel-grid-cell\" ><div id=\"panel-14-6-0-0\" class=\"so-panel widget widget_sow-button panel-first-child panel-last-child\" data-index=\"12\" ><div\n\t\t\t\n\t\t\tclass=\"so-widget-sow-button so-widget-sow-button-atom-a10e8789ad6c-14\"\n\t\t\t\n\t\t><div class=\"ow-button-base ow-button-align-center\"\n>\n\t\t\t<a\n\t\t\t\t\thref=\"https:\/\/www.alptekinas.com\/tr\/kavakdere-baraji-sulamasi-insaati\/\"\n\t\t\t\t\tclass=\"sowb-button ow-icon-placement-left ow-button-hover\" target=\"_blank\" rel=\"noopener noreferrer\" \t>\n\t\t<span>\n\t\t\t\n\t\t\tKAVAKDERE BARAJI SULAMASI \u0130N\u015eAATI\t\t<\/span>\n\t\t\t<\/a>\n\t<\/div>\n<\/div><\/div><\/div><div id=\"pgc-14-6-1\"  class=\"panel-grid-cell\" ><div id=\"panel-14-6-1-0\" class=\"so-panel widget widget_sow-button panel-first-child panel-last-child\" data-index=\"13\" ><div\n\t\t\t\n\t\t\tclass=\"so-widget-sow-button so-widget-sow-button-atom-a10e8789ad6c-14\"\n\t\t\t\n\t\t><div class=\"ow-button-base ow-button-align-center\"\n>\n\t\t\t<a\n\t\t\t\t\thref=\"https:\/\/www.alptekinas.com\/tr\/biga-ayitdere-kemerovasi-sulamasi-insaati\/\"\n\t\t\t\t\tclass=\"sowb-button ow-icon-placement-left ow-button-hover\" target=\"_blank\" rel=\"noopener noreferrer\" \t>\n\t\t<span>\n\t\t\t\n\t\t\tB\u0130GA AYITDERE KEMEROVASI SULAMASI \u0130N\u015eAATI\t\t<\/span>\n\t\t\t<\/a>\n\t<\/div>\n<\/div><\/div><\/div><\/div><div id=\"pg-14-7\"  class=\"panel-grid panel-no-style\" ><div id=\"pgc-14-7-0\"  class=\"panel-grid-cell\" ><div id=\"panel-14-7-0-0\" class=\"so-panel widget widget_sow-button panel-first-child panel-last-child\" data-index=\"14\" ><div\n\t\t\t\n\t\t\tclass=\"so-widget-sow-button so-widget-sow-button-atom-a10e8789ad6c-14\"\n\t\t\t\n\t\t><div class=\"ow-button-base ow-button-align-center\"\n>\n\t\t\t<a\n\t\t\t\t\thref=\"https:\/\/www.alptekinas.com\/tr\/kizilcapinar-sulamasi-ve-ana-isale-hatti-insaati\/\"\n\t\t\t\t\tclass=\"sowb-button ow-icon-placement-left ow-button-hover\" target=\"_blank\" rel=\"noopener noreferrer\" \t>\n\t\t<span>\n\t\t\t\n\t\t\tKIZILCAPINAR SULAMASI VE ANA \u0130SALE HATTI \u0130N\u015eAATI\t\t<\/span>\n\t\t\t<\/a>\n\t<\/div>\n<\/div><\/div><\/div><div id=\"pgc-14-7-1\"  class=\"panel-grid-cell\" ><div id=\"panel-14-7-1-0\" class=\"so-panel widget widget_sow-button panel-first-child panel-last-child\" data-index=\"15\" ><div\n\t\t\t\n\t\t\tclass=\"so-widget-sow-button so-widget-sow-button-atom-a10e8789ad6c-14\"\n\t\t\t\n\t\t><div class=\"ow-button-base ow-button-align-center\"\n>\n\t\t\t<a\n\t\t\t\t\thref=\"https:\/\/www.alptekinas.com\/tr\/meric-nehri-sedde-ve-drenaj-kanallari-insaati\/\"\n\t\t\t\t\tclass=\"sowb-button ow-icon-placement-left ow-button-hover\" target=\"_blank\" rel=\"noopener noreferrer\" \t>\n\t\t<span>\n\t\t\t\n\t\t\tMER\u0130\u00c7 NEHR\u0130 SEDDE VE DRENAJ KANALLARI \u0130N\u015eAATI\t\t<\/span>\n\t\t\t<\/a>\n\t<\/div>\n<\/div><\/div><\/div><\/div><div id=\"pg-14-8\"  class=\"panel-grid panel-no-style\" ><div id=\"pgc-14-8-0\"  class=\"panel-grid-cell\" ><div id=\"panel-14-8-0-0\" class=\"so-panel widget widget_sow-button panel-first-child panel-last-child\" data-index=\"16\" ><div\n\t\t\t\n\t\t\tclass=\"so-widget-sow-button so-widget-sow-button-atom-a10e8789ad6c-14\"\n\t\t\t\n\t\t><div class=\"ow-button-base ow-button-align-center\"\n>\n\t\t\t<a\n\t\t\t\t\thref=\"https:\/\/www.alptekinas.com\/tr\/ankara-cubuk-hayvancilik-ihtisas-o-s-b-insaati\/\"\n\t\t\t\t\tclass=\"sowb-button ow-icon-placement-left ow-button-hover\" target=\"_blank\" rel=\"noopener noreferrer\" \t>\n\t\t<span>\n\t\t\t\n\t\t\tANKARA \u00c7UBUK HAYVANCILIK \u0130HT\u0130SAS O.S.B. \u0130N\u015eAATI\t\t<\/span>\n\t\t\t<\/a>\n\t<\/div>\n<\/div><\/div><\/div><div id=\"pgc-14-8-1\"  class=\"panel-grid-cell\" ><div id=\"panel-14-8-1-0\" class=\"so-panel widget widget_sow-button panel-first-child panel-last-child\" data-index=\"17\" ><div\n\t\t\t\n\t\t\tclass=\"so-widget-sow-button so-widget-sow-button-atom-a10e8789ad6c-14\"\n\t\t\t\n\t\t><div class=\"ow-button-base ow-button-align-center\"\n>\n\t\t\t<a\n\t\t\t\t\thref=\"https:\/\/www.alptekinas.com\/tr\/turgutlu-organize-sanayi-bolgesi-insaati\/\"\n\t\t\t\t\tclass=\"sowb-button ow-icon-placement-left ow-button-hover\" target=\"_blank\" rel=\"noopener noreferrer\" \t>\n\t\t<span>\n\t\t\t\n\t\t\tTURGUTLU ORGAN\u0130ZE SANAY\u0130 B\u00d6LGES\u0130 \u0130N\u015eAATI\t\t<\/span>\n\t\t\t<\/a>\n\t<\/div>\n<\/div><\/div><\/div><\/div><div id=\"pg-14-9\"  class=\"panel-grid panel-no-style\" ><div id=\"pgc-14-9-0\"  class=\"panel-grid-cell\" ><div id=\"panel-14-9-0-0\" class=\"so-panel widget widget_sow-button panel-first-child panel-last-child\" data-index=\"18\" ><div\n\t\t\t\n\t\t\tclass=\"so-widget-sow-button so-widget-sow-button-atom-a10e8789ad6c-14\"\n\t\t\t\n\t\t><div class=\"ow-button-base ow-button-align-center\"\n>\n\t\t\t<a\n\t\t\t\t\thref=\"https:\/\/www.alptekinas.com\/tr\/erzincan-organize-sanayi-bolgesi-insaati\/\"\n\t\t\t\t\tclass=\"sowb-button ow-icon-placement-left ow-button-hover\" target=\"_blank\" rel=\"noopener noreferrer\" \t>\n\t\t<span>\n\t\t\t\n\t\t\tERZ\u0130NCAN ORGAN\u0130ZE SANAY\u0130 B\u00d6LGES\u0130 \u0130N\u015eAATI\t\t<\/span>\n\t\t\t<\/a>\n\t<\/div>\n<\/div><\/div><\/div><div id=\"pgc-14-9-1\"  class=\"panel-grid-cell\" ><div id=\"panel-14-9-1-0\" class=\"so-panel widget widget_sow-button panel-first-child panel-last-child\" data-index=\"19\" ><div\n\t\t\t\n\t\t\tclass=\"so-widget-sow-button so-widget-sow-button-atom-a10e8789ad6c-14\"\n\t\t\t\n\t\t><div class=\"ow-button-base ow-button-align-center\"\n>\n\t\t\t<a\n\t\t\t\t\thref=\"https:\/\/www.alptekinas.com\/tr\/bursa-organize-sanayi-bolgesi-insaati\/\"\n\t\t\t\t\tclass=\"sowb-button ow-icon-placement-left ow-button-hover\" target=\"_blank\" rel=\"noopener noreferrer\" \t>\n\t\t<span>\n\t\t\t\n\t\t\tBURSA ORGAN\u0130ZE SANAY\u0130 B\u00d6LGES\u0130 \u0130N\u015eAATI\t\t<\/span>\n\t\t\t<\/a>\n\t<\/div>\n<\/div><\/div><\/div><\/div><div id=\"pg-14-10\"  class=\"panel-grid panel-no-style\" ><div id=\"pgc-14-10-0\"  class=\"panel-grid-cell panel-grid-cell-mobile-last\" ><div id=\"panel-14-10-0-0\" class=\"so-panel widget widget_sow-button panel-first-child panel-last-child\" data-index=\"20\" ><div\n\t\t\t\n\t\t\tclass=\"so-widget-sow-button so-widget-sow-button-atom-a10e8789ad6c-14\"\n\t\t\t\n\t\t><div class=\"ow-button-base ow-button-align-center\"\n>\n\t\t\t<a\n\t\t\t\t\thref=\"https:\/\/www.alptekinas.com\/tr\/bolu-gerede-organize-sanayi-bolgesi-insaati\/\"\n\t\t\t\t\tclass=\"sowb-button ow-icon-placement-left ow-button-hover\" target=\"_blank\" rel=\"noopener noreferrer\" \t>\n\t\t<span>\n\t\t\t\n\t\t\tBOLU GEREDE ORGAN\u0130ZE SANAY\u0130 B\u00d6LGES\u0130 \u0130N\u015eAATI\t\t<\/span>\n\t\t\t<\/a>\n\t<\/div>\n<\/div><\/div><\/div><div id=\"pgc-14-10-1\"  class=\"panel-grid-cell panel-grid-cell-empty\" ><\/div><\/div><\/div>","protected":false},"excerpt":{"rendered":"<p>KAVAKDERE BARAJI \u0130N\u015eAATI ALTINOVA-D\u0130K\u0130L\u0130 OVALARI SULAMASI \u00c7AKMAK BARAJI \u0130N\u015eAATI SEY\u0130T\u00d6MER TERM\u0130K SANTRAL\u0130 K\u00dcL DA\u011eI REH. VE K\u00dcL BARAJI \u0130N\u015eAATI PE\u00c7ENEK BARAJI \u0130N\u015eAATI SULAKYURT BARAJI \u0130N\u015eAATI N\u0130\u011eDE YE\u015e\u0130LBUR\u00c7 BARAJI VE DER\u0130VASYON TES\u0130SLER\u0130 \u0130N\u015eAATI NEV\u015eEH\u0130R \u00d6ZKONAK G\u00d6LET\u0130 VE SULAMASI SAR\u0130 EMANET \u0130N\u015eAATI \u0130ZM\u0130R MENDERES ATAK\u00d6Y G\u00d6LET\u0130 \u0130N\u015eAATI \u0130ZM\u0130R MENEMEN EM\u0130RALEM G\u00d6LET\u0130 \u0130N\u015eAATI ED\u0130RNE \u0130PSALA KOYUNTEPE REG\u00dcLAT\u00d6R\u00dc ED\u0130RNE [&hellip;]<\/p>\n","protected":false},"author":1,"featured_media":0,"parent":0,"menu_order":0,"comment_status":"closed","ping_status":"closed","template":"","meta":[],"_links":{"self":[{"href":"https:\/\/www.alptekinas.com\/tr\/wp-json\/wp\/v2\/pages\/14"}],"collection":[{"href":"https:\/\/www.alptekinas.com\/tr\/wp-json\/wp\/v2\/pages"}],"about":[{"href":"https:\/\/www.alptekinas.com\/tr\/wp-json\/wp\/v2\/types\/page"}],"author":[{"embeddable":true,"href":"https:\/\/www.alptekinas.com\/tr\/wp-json\/wp\/v2\/users\/1"}],"replies":[{"embeddable":true,"href":"https:\/\/www.alptekinas.com\/tr\/wp-json\/wp\/v2\/comments?post=14"}],"version-history":[{"count":61,"href":"https:\/\/www.alptekinas.com\/tr\/wp-json\/wp\/v2\/pages\/14\/revisions"}],"predecessor-version":[{"id":379,"href":"https:\/\/www.alptekinas.com\/tr\/wp-json\/wp\/v2\/pages\/14\/revisions\/379"}],"wp:attachment":[{"href":"https:\/\/www.alptekinas.com\/tr\/wp-json\/wp\/v2\/media?parent=14"}],"curies":[{"name":"wp","href":"https:\/\/api.w.org\/{rel}","templated":true}]}}