{"id":168,"date":"2019-02-13T17:39:26","date_gmt":"2019-02-13T14:39:26","guid":{"rendered":"https:\/\/alptekinas.com\/tr\/?page_id=168"},"modified":"2025-05-15T13:46:44","modified_gmt":"2025-05-15T10:46:44","slug":"iletisim","status":"publish","type":"page","link":"https:\/\/www.alptekinas.com\/tr\/iletisim\/","title":{"rendered":"\u0130leti\u015fim"},"content":{"rendered":"<div id=\"pl-168\"  class=\"panel-layout\" ><div id=\"pg-168-0\"  class=\"panel-grid panel-no-style\" ><div id=\"pgc-168-0-0\"  class=\"panel-grid-cell\" ><div id=\"panel-168-0-0-0\" class=\"widget_text so-panel widget widget_custom_html panel-first-child panel-last-child\" data-index=\"0\" ><div class=\"textwidget custom-html-widget\"> \n                \t<div class=\"inner-column\">\n                    \t<h2> Alptekin \u0130n\u015faat Sanayi ve Ticaret A.\u015e.<\/h2>\n                        <ul class=\"list-style-three\">\n                        \t<br><li><span class=\"icon fa fa-map-marker\"><\/span>Simon Bolivar Cad. No:10<br>\u00c7ankaya\/Ankara<\/li>\n                            <li><span class=\"icon fa fa-phone\"><\/span>0 312 442 56 32<\/li>\n                            <li><span class=\"icon fa fa-envelope\"><\/span>alptekin@alptekinas.com<\/li>\n                        <\/ul>\n                       \n                    <\/div>\n                <\/div><\/div><\/div><\/div><\/div>","protected":false},"excerpt":{"rendered":"<p>Alptekin \u0130n\u015faat Sanayi ve Ticaret A.\u015e. Simon Bolivar Cad. No:10\u00c7ankaya\/Ankara 0 312 442 56 32 alptekin@alptekinas.com<\/p>\n","protected":false},"author":1,"featured_media":0,"parent":0,"menu_order":0,"comment_status":"closed","ping_status":"closed","template":"","meta":[],"_links":{"self":[{"href":"https:\/\/www.alptekinas.com\/tr\/wp-json\/wp\/v2\/pages\/168"}],"collection":[{"href":"https:\/\/www.alptekinas.com\/tr\/wp-json\/wp\/v2\/pages"}],"about":[{"href":"https:\/\/www.alptekinas.com\/tr\/wp-json\/wp\/v2\/types\/page"}],"author":[{"embeddable":true,"href":"https:\/\/www.alptekinas.com\/tr\/wp-json\/wp\/v2\/users\/1"}],"replies":[{"embeddable":true,"href":"https:\/\/www.alptekinas.com\/tr\/wp-json\/wp\/v2\/comments?post=168"}],"version-history":[{"count":8,"href":"https:\/\/www.alptekinas.com\/tr\/wp-json\/wp\/v2\/pages\/168\/revisions"}],"predecessor-version":[{"id":393,"href":"https:\/\/www.alptekinas.com\/tr\/wp-json\/wp\/v2\/pages\/168\/revisions\/393"}],"wp:attachment":[{"href":"https:\/\/www.alptekinas.com\/tr\/wp-json\/wp\/v2\/media?parent=168"}],"curies":[{"name":"wp","href":"https:\/\/api.w.org\/{rel}","templated":true}]}}