{"id":185,"date":"2019-02-13T17:51:59","date_gmt":"2019-02-13T14:51:59","guid":{"rendered":"https:\/\/alptekinas.com\/tr\/?page_id=185"},"modified":"2019-02-13T17:51:59","modified_gmt":"2019-02-13T14:51:59","slug":"haberler","status":"publish","type":"page","link":"https:\/\/www.alptekinas.com\/tr\/haberler\/","title":{"rendered":"Haberler"},"content":{"rendered":"\r\n\t\t<div class=\"sp_wpspwpost_static wpspw-design-1 wpspw-grid-3 wpspw-clearfix \">\r\n\r\n\t\t\t\r\n<div class=\"wpspw-post-grid wpspw-medium-4 wpspw-columns first\">\r\n\t<div class=\"wpspw-post-grid-content  \">\r\n\r\n\t\t\t\t\t<div class=\"wpspw-post-image-bg\">\r\n\t\t\t\t<a href=\"https:\/\/www.alptekinas.com\/tr\/2019\/02\/13\/alptekine-buyuk-onur\/\">\r\n\t\t\t\t\t<img src=\"https:\/\/www.alptekinas.com\/tr\/wp-content\/uploads\/2019\/02\/333.jpg\" alt=\"Alptekin&#8217;e B\u00fcy\u00fck Onur\" \/>\r\n\t\t\t\t<\/a>\r\n\t\t\t<\/div>\r\n\t\t\t\t\t<div class=\"wpspw-post-categories\"><a href=\"https:\/\/www.alptekinas.com\/tr\/category\/haberler\/\">Haberler<\/a><\/div>\r\n\t\t\r\n\t\t<h2 class=\"wpspw-post-title\">\r\n\t\t\t<a href=\"https:\/\/www.alptekinas.com\/tr\/2019\/02\/13\/alptekine-buyuk-onur\/\">Alptekin&#8217;e B\u00fcy\u00fck Onur<\/a>\r\n\t\t<\/h2>\r\n\r\n\t\t\t\t\t<div class=\"wpspw-post-date\">\r\n\t\t\t\t13 \u015eubat 2019\t\t\t<\/div>\r\n\t\t\t\t\t<div class=\"wpspw-post-content\">\r\n\t\t\t\t\t\t\t\t\t<div>\r\n\t\t\t\t\t\tErzincanl\u0131 i\u015fadam\u0131 Mehmet Alptekin 2017 y\u0131l\u0131 Vergilendirme D\u00f6neminde Ankara ilinde en fazla vergi veren Vergi Rekortmenleri aras\u0131nda girdi. \u0130\u015fadam\u0131 Alptekin...\t\t\t\t\t<\/div>\r\n\t\t\t\t\t<a class=\"wpspw-readmorebtn\" href=\"https:\/\/www.alptekinas.com\/tr\/2019\/02\/13\/alptekine-buyuk-onur\/\">Read More<\/a>\r\n\t\t\t\t\t\t\t<\/div>\r\n\t\t\t<\/div>\r\n<\/div>\r\n<div class=\"wpspw-post-grid wpspw-medium-4 wpspw-columns \">\r\n\t<div class=\"wpspw-post-grid-content  \">\r\n\r\n\t\t\t\t\t<div class=\"wpspw-post-image-bg\">\r\n\t\t\t\t<a href=\"https:\/\/www.alptekinas.com\/tr\/2019\/02\/13\/secim-turkiyenin-onunu-acacak\/\">\r\n\t\t\t\t\t<img src=\"https:\/\/www.alptekinas.com\/tr\/wp-content\/uploads\/2019\/02\/222.jpg\" alt=\"Se\u00e7im T\u00fcrkiye&#8217;nin \u00f6n\u00fcn\u00fc a\u00e7acak\" \/>\r\n\t\t\t\t<\/a>\r\n\t\t\t<\/div>\r\n\t\t\t\t\t<div class=\"wpspw-post-categories\"><a href=\"https:\/\/www.alptekinas.com\/tr\/category\/haberler\/\">Haberler<\/a><\/div>\r\n\t\t\r\n\t\t<h2 class=\"wpspw-post-title\">\r\n\t\t\t<a href=\"https:\/\/www.alptekinas.com\/tr\/2019\/02\/13\/secim-turkiyenin-onunu-acacak\/\">Se\u00e7im T\u00fcrkiye&#8217;nin \u00f6n\u00fcn\u00fc a\u00e7acak<\/a>\r\n\t\t<\/h2>\r\n\r\n\t\t\t\t\t<div class=\"wpspw-post-date\">\r\n\t\t\t\t13 \u015eubat 2019\t\t\t<\/div>\r\n\t\t\t\t\t<div class=\"wpspw-post-content\">\r\n\t\t\t\t\t\t\t\t\t<div>\r\n\t\t\t\t\t\tHaziran\u2019da ger\u00e7ekle\u015ftirilecek se\u00e7imlerde AK Parti\u2019den Ankara Milletvekili Aday Aday\u0131 olmak \u00fczere ba\u015fvuru yapt\u0131\u011f\u0131n\u0131 belirten Ayd\u0131n Alptekin, ekonomi ve siyaset \u00fczerine...\t\t\t\t\t<\/div>\r\n\t\t\t\t\t<a class=\"wpspw-readmorebtn\" href=\"https:\/\/www.alptekinas.com\/tr\/2019\/02\/13\/secim-turkiyenin-onunu-acacak\/\">Read More<\/a>\r\n\t\t\t\t\t\t\t<\/div>\r\n\t\t\t<\/div>\r\n<\/div>\r\n<div class=\"wpspw-post-grid wpspw-medium-4 wpspw-columns \">\r\n\t<div class=\"wpspw-post-grid-content  \">\r\n\r\n\t\t\t\t\t<div class=\"wpspw-post-image-bg\">\r\n\t\t\t\t<a href=\"https:\/\/www.alptekinas.com\/tr\/2019\/02\/13\/alptekin-insaat-butik-otelcilikte-fark-yaratti\/\">\r\n\t\t\t\t\t<img src=\"https:\/\/www.alptekinas.com\/tr\/wp-content\/uploads\/2019\/02\/111.jpg\" alt=\"Alptekin \u0130n\u015faat, butik otelcilikte fark yaratt\u0131\" \/>\r\n\t\t\t\t<\/a>\r\n\t\t\t<\/div>\r\n\t\t\t\t\t<div class=\"wpspw-post-categories\"><a href=\"https:\/\/www.alptekinas.com\/tr\/category\/haberler\/\">Haberler<\/a><\/div>\r\n\t\t\r\n\t\t<h2 class=\"wpspw-post-title\">\r\n\t\t\t<a href=\"https:\/\/www.alptekinas.com\/tr\/2019\/02\/13\/alptekin-insaat-butik-otelcilikte-fark-yaratti\/\">Alptekin \u0130n\u015faat, butik otelcilikte fark yaratt\u0131<\/a>\r\n\t\t<\/h2>\r\n\r\n\t\t\t\t\t<div class=\"wpspw-post-date\">\r\n\t\t\t\t13 \u015eubat 2019\t\t\t<\/div>\r\n\t\t\t\t\t<div class=\"wpspw-post-content\">\r\n\t\t\t\t\t\t\t\t\t<div>\r\n\t\t\t\t\t\tAnkara'da 45 y\u0131l \u00f6nce faaliyete ge\u00e7en Alptekin \u0130n\u015faat, Y\u00f6netim Kurulu Ba\u015fkan\u0131 Ayd\u0131n Alptekin \u00f6nderli\u011finde ad\u0131m att\u0131\u011f\u0131 turizmde de ba\u015far\u0131y\u0131 yakalad\u0131....\t\t\t\t\t<\/div>\r\n\t\t\t\t\t<a class=\"wpspw-readmorebtn\" href=\"https:\/\/www.alptekinas.com\/tr\/2019\/02\/13\/alptekin-insaat-butik-otelcilikte-fark-yaratti\/\">Read More<\/a>\r\n\t\t\t\t\t\t\t<\/div>\r\n\t\t\t<\/div>\r\n<\/div>\r\n\t\t\t\t\t<\/div>\r\n\r\n\t\n","protected":false},"excerpt":{"rendered":"","protected":false},"author":1,"featured_media":0,"parent":0,"menu_order":0,"comment_status":"closed","ping_status":"closed","template":"","meta":[],"_links":{"self":[{"href":"https:\/\/www.alptekinas.com\/tr\/wp-json\/wp\/v2\/pages\/185"}],"collection":[{"href":"https:\/\/www.alptekinas.com\/tr\/wp-json\/wp\/v2\/pages"}],"about":[{"href":"https:\/\/www.alptekinas.com\/tr\/wp-json\/wp\/v2\/types\/page"}],"author":[{"embeddable":true,"href":"https:\/\/www.alptekinas.com\/tr\/wp-json\/wp\/v2\/users\/1"}],"replies":[{"embeddable":true,"href":"https:\/\/www.alptekinas.com\/tr\/wp-json\/wp\/v2\/comments?post=185"}],"version-history":[{"count":1,"href":"https:\/\/www.alptekinas.com\/tr\/wp-json\/wp\/v2\/pages\/185\/revisions"}],"predecessor-version":[{"id":186,"href":"https:\/\/www.alptekinas.com\/tr\/wp-json\/wp\/v2\/pages\/185\/revisions\/186"}],"wp:attachment":[{"href":"https:\/\/www.alptekinas.com\/tr\/wp-json\/wp\/v2\/media?parent=185"}],"curies":[{"name":"wp","href":"https:\/\/api.w.org\/{rel}","templated":true}]}}