{"id":225,"date":"2019-03-04T14:53:24","date_gmt":"2019-03-04T11:53:24","guid":{"rendered":"https:\/\/alptekinas.com\/tr\/?page_id=225"},"modified":"2019-03-04T14:53:25","modified_gmt":"2019-03-04T11:53:25","slug":"kavakdere-baraji-insaati","status":"publish","type":"page","link":"https:\/\/www.alptekinas.com\/tr\/kavakdere-baraji-insaati\/","title":{"rendered":"KAVAKDERE BARAJI \u0130N\u015eAATI"},"content":{"rendered":"<div id=\"pl-225\"  class=\"panel-layout\" ><div id=\"pg-225-0\"  class=\"panel-grid panel-no-style\" ><div id=\"pgc-225-0-0\"  class=\"panel-grid-cell\" ><div id=\"panel-225-0-0-0\" class=\"so-panel widget widget_sow-editor panel-first-child panel-last-child\" data-index=\"0\" ><div\n\t\t\t\n\t\t\tclass=\"so-widget-sow-editor so-widget-sow-editor-base\"\n\t\t\t\n\t\t>\n<div class=\"siteorigin-widget-tinymce textwidget\">\n\t<p><strong>KAVAKDERE BARAJI \u0130N\u015eAATI<\/strong><\/p>\n<ul>\n<li><strong>YER\u0130:<\/strong>\u0130ZM\u0130R \u0130li Seferihisar\u00a0 il\u00e7esinin takriben 12 Km. G\u00fcneyinde Kavakdere \u00c7ay\u0131\u00a0 \u00dczerinde yer almaktad\u0131r.<\/li>\n<li><strong>\u0130DARE:<\/strong>D.S.\u0130. II. B\u00f6lge M\u00fcd\u00fcrl\u00fc\u011f\u00fc \u2013 \u0130zmir<\/li>\n<li><strong>PROJEN\u0130N AMACI:<\/strong>Sulama<\/li>\n<li><strong>\u0130\u015eE BA\u015eLAMA TAR\u0130H\u0130:<\/strong>28.02.1994<\/li>\n<li><strong>\u0130\u015e\u0130N B\u0130T\u0130\u015e TAR\u0130H\u0130 :<\/strong>31.12.2005<\/li>\n<\/ul>\n<\/div>\n<\/div><\/div><\/div><\/div><div id=\"pg-225-1\"  class=\"panel-grid panel-no-style\" ><div id=\"pgc-225-1-0\"  class=\"panel-grid-cell\" ><div id=\"panel-225-1-0-0\" class=\"so-panel widget widget_sow-image panel-first-child panel-last-child\" data-index=\"1\" ><div\n\t\t\t\n\t\t\tclass=\"so-widget-sow-image so-widget-sow-image-default-8b5b6f678277-225\"\n\t\t\t\n\t\t>\n<div class=\"sow-image-container\">\n\t\t<img \n\tsrc=\"https:\/\/www.alptekinas.com\/tr\/wp-content\/uploads\/2019\/02\/kavakl\u0131dere.jpg\" width=\"2608\" height=\"1952\" srcset=\"https:\/\/www.alptekinas.com\/tr\/wp-content\/uploads\/2019\/02\/kavakl\u0131dere.jpg 2608w, https:\/\/www.alptekinas.com\/tr\/wp-content\/uploads\/2019\/02\/kavakl\u0131dere-300x225.jpg 300w, https:\/\/www.alptekinas.com\/tr\/wp-content\/uploads\/2019\/02\/kavakl\u0131dere-768x575.jpg 768w, https:\/\/www.alptekinas.com\/tr\/wp-content\/uploads\/2019\/02\/kavakl\u0131dere-1024x766.jpg 1024w\" sizes=\"(max-width: 2608px) 100vw, 2608px\" alt=\"\" loading=\"lazy\" \t\tclass=\"so-widget-image\"\/>\n\t<\/div>\n\n<\/div><\/div><\/div><div id=\"pgc-225-1-1\"  class=\"panel-grid-cell\" ><div id=\"panel-225-1-1-0\" class=\"so-panel widget widget_sow-image panel-first-child panel-last-child\" data-index=\"2\" ><div\n\t\t\t\n\t\t\tclass=\"so-widget-sow-image so-widget-sow-image-default-8b5b6f678277-225\"\n\t\t\t\n\t\t>\n<div class=\"sow-image-container\">\n\t\t<img \n\tsrc=\"https:\/\/www.alptekinas.com\/tr\/wp-content\/uploads\/2019\/02\/kvkdere.jpg\" width=\"1093\" height=\"825\" srcset=\"https:\/\/www.alptekinas.com\/tr\/wp-content\/uploads\/2019\/02\/kvkdere.jpg 1093w, https:\/\/www.alptekinas.com\/tr\/wp-content\/uploads\/2019\/02\/kvkdere-300x226.jpg 300w, https:\/\/www.alptekinas.com\/tr\/wp-content\/uploads\/2019\/02\/kvkdere-768x580.jpg 768w, https:\/\/www.alptekinas.com\/tr\/wp-content\/uploads\/2019\/02\/kvkdere-1024x773.jpg 1024w\" sizes=\"(max-width: 1093px) 100vw, 1093px\" alt=\"\" loading=\"lazy\" \t\tclass=\"so-widget-image\"\/>\n\t<\/div>\n\n<\/div><\/div><\/div><\/div><\/div>","protected":false},"excerpt":{"rendered":"<p>KAVAKDERE BARAJI \u0130N\u015eAATI YER\u0130:\u0130ZM\u0130R \u0130li Seferihisar\u00a0 il\u00e7esinin takriben 12 Km. G\u00fcneyinde Kavakdere \u00c7ay\u0131\u00a0 \u00dczerinde yer almaktad\u0131r. \u0130DARE:D.S.\u0130. II. B\u00f6lge M\u00fcd\u00fcrl\u00fc\u011f\u00fc \u2013 \u0130zmir PROJEN\u0130N AMACI:Sulama \u0130\u015eE BA\u015eLAMA TAR\u0130H\u0130:28.02.1994 \u0130\u015e\u0130N B\u0130T\u0130\u015e TAR\u0130H\u0130 :31.12.2005<\/p>\n","protected":false},"author":1,"featured_media":0,"parent":0,"menu_order":0,"comment_status":"closed","ping_status":"closed","template":"","meta":[],"_links":{"self":[{"href":"https:\/\/www.alptekinas.com\/tr\/wp-json\/wp\/v2\/pages\/225"}],"collection":[{"href":"https:\/\/www.alptekinas.com\/tr\/wp-json\/wp\/v2\/pages"}],"about":[{"href":"https:\/\/www.alptekinas.com\/tr\/wp-json\/wp\/v2\/types\/page"}],"author":[{"embeddable":true,"href":"https:\/\/www.alptekinas.com\/tr\/wp-json\/wp\/v2\/users\/1"}],"replies":[{"embeddable":true,"href":"https:\/\/www.alptekinas.com\/tr\/wp-json\/wp\/v2\/comments?post=225"}],"version-history":[{"count":2,"href":"https:\/\/www.alptekinas.com\/tr\/wp-json\/wp\/v2\/pages\/225\/revisions"}],"predecessor-version":[{"id":227,"href":"https:\/\/www.alptekinas.com\/tr\/wp-json\/wp\/v2\/pages\/225\/revisions\/227"}],"wp:attachment":[{"href":"https:\/\/www.alptekinas.com\/tr\/wp-json\/wp\/v2\/media?parent=225"}],"curies":[{"name":"wp","href":"https:\/\/api.w.org\/{rel}","templated":true}]}}