{"id":228,"date":"2019-03-04T14:56:38","date_gmt":"2019-03-04T11:56:38","guid":{"rendered":"https:\/\/alptekinas.com\/tr\/?page_id=228"},"modified":"2019-03-04T14:56:38","modified_gmt":"2019-03-04T11:56:38","slug":"altinova-dikili-ovalari-sulamasi","status":"publish","type":"page","link":"https:\/\/www.alptekinas.com\/tr\/altinova-dikili-ovalari-sulamasi\/","title":{"rendered":"ALTINOVA-D\u0130K\u0130L\u0130 OVALARI SULAMASI"},"content":{"rendered":"<div id=\"pl-228\"  class=\"panel-layout\" ><div id=\"pg-228-0\"  class=\"panel-grid panel-no-style\" ><div id=\"pgc-228-0-0\"  class=\"panel-grid-cell\" ><div id=\"panel-228-0-0-0\" class=\"so-panel widget widget_sow-editor panel-first-child panel-last-child\" data-index=\"0\" ><div\n\t\t\t\n\t\t\tclass=\"so-widget-sow-editor so-widget-sow-editor-base\"\n\t\t\t\n\t\t>\n<div class=\"siteorigin-widget-tinymce textwidget\">\n\t<p><strong>ALTINOVA-D\u0130K\u0130L\u0130 OVALARI SULAMASI<\/strong><\/p>\n<ul>\n<li><strong>YER\u0130:<\/strong>Dsi XXV. B\u00f6lge M\u00fcd\u00fcrl\u00fc\u011f\u00fc , Bal\u0131kesir \u0130li Ayval\u0131k \u0130l\u00e7esi S\u0131n\u0131rlar\u0131\u00a0\u00a0\u00a0 \u0130\u00e7erisindedir.<\/li>\n<li><strong>\u0130DARE:<\/strong>DS\u0130 XXV.\u00a0 B\u00f6lge M\u00fcd\u00fcrl\u00fc\u011f\u00fc - Bal\u0131kesir<\/li>\n<li><strong>PROJEN\u0130N AMACI:<\/strong>Sulama<\/li>\n<li><strong>S\u00d6ZLE\u015eME TAR\u0130H\u0130:<\/strong>11.2004 (DEV\u0130R)<\/li>\n<li><strong>\u0130\u015e B\u0130T\u0130M TAR\u0130H\u0130:<\/strong>08.2014<\/li>\n<\/ul>\n<\/div>\n<\/div><\/div><\/div><\/div><div id=\"pg-228-1\"  class=\"panel-grid panel-no-style\" ><div id=\"pgc-228-1-0\"  class=\"panel-grid-cell\" ><div id=\"panel-228-1-0-0\" class=\"so-panel widget widget_sow-image panel-first-child panel-last-child\" data-index=\"1\" ><div\n\t\t\t\n\t\t\tclass=\"so-widget-sow-image so-widget-sow-image-default-8b5b6f678277-228\"\n\t\t\t\n\t\t>\n<div class=\"sow-image-container\">\n\t\t<img \n\tsrc=\"https:\/\/www.alptekinas.com\/tr\/wp-content\/uploads\/2019\/02\/1.jpg\" width=\"1267\" height=\"785\" srcset=\"https:\/\/www.alptekinas.com\/tr\/wp-content\/uploads\/2019\/02\/1.jpg 1267w, https:\/\/www.alptekinas.com\/tr\/wp-content\/uploads\/2019\/02\/1-300x186.jpg 300w, https:\/\/www.alptekinas.com\/tr\/wp-content\/uploads\/2019\/02\/1-768x476.jpg 768w, https:\/\/www.alptekinas.com\/tr\/wp-content\/uploads\/2019\/02\/1-1024x634.jpg 1024w\" sizes=\"(max-width: 1267px) 100vw, 1267px\" alt=\"\" loading=\"lazy\" \t\tclass=\"so-widget-image\"\/>\n\t<\/div>\n\n<\/div><\/div><\/div><div id=\"pgc-228-1-1\"  class=\"panel-grid-cell\" ><div id=\"panel-228-1-1-0\" class=\"so-panel widget widget_sow-image panel-first-child panel-last-child\" data-index=\"2\" ><div\n\t\t\t\n\t\t\tclass=\"so-widget-sow-image so-widget-sow-image-default-8b5b6f678277-228\"\n\t\t\t\n\t\t>\n<div class=\"sow-image-container\">\n\t\t<img \n\tsrc=\"https:\/\/www.alptekinas.com\/tr\/wp-content\/uploads\/2019\/02\/2.jpg\" width=\"1273\" height=\"807\" srcset=\"https:\/\/www.alptekinas.com\/tr\/wp-content\/uploads\/2019\/02\/2.jpg 1273w, https:\/\/www.alptekinas.com\/tr\/wp-content\/uploads\/2019\/02\/2-300x190.jpg 300w, https:\/\/www.alptekinas.com\/tr\/wp-content\/uploads\/2019\/02\/2-768x487.jpg 768w, https:\/\/www.alptekinas.com\/tr\/wp-content\/uploads\/2019\/02\/2-1024x649.jpg 1024w\" sizes=\"(max-width: 1273px) 100vw, 1273px\" alt=\"\" loading=\"lazy\" \t\tclass=\"so-widget-image\"\/>\n\t<\/div>\n\n<\/div><\/div><\/div><\/div><\/div>","protected":false},"excerpt":{"rendered":"<p>ALTINOVA-D\u0130K\u0130L\u0130 OVALARI SULAMASI YER\u0130:Dsi XXV. B\u00f6lge M\u00fcd\u00fcrl\u00fc\u011f\u00fc , Bal\u0131kesir \u0130li Ayval\u0131k \u0130l\u00e7esi S\u0131n\u0131rlar\u0131\u00a0\u00a0\u00a0 \u0130\u00e7erisindedir. \u0130DARE:DS\u0130 XXV.\u00a0 B\u00f6lge M\u00fcd\u00fcrl\u00fc\u011f\u00fc &#8211; Bal\u0131kesir PROJEN\u0130N AMACI:Sulama S\u00d6ZLE\u015eME TAR\u0130H\u0130:11.2004 (DEV\u0130R) \u0130\u015e B\u0130T\u0130M TAR\u0130H\u0130:08.2014<\/p>\n","protected":false},"author":1,"featured_media":0,"parent":0,"menu_order":0,"comment_status":"closed","ping_status":"closed","template":"","meta":[],"_links":{"self":[{"href":"https:\/\/www.alptekinas.com\/tr\/wp-json\/wp\/v2\/pages\/228"}],"collection":[{"href":"https:\/\/www.alptekinas.com\/tr\/wp-json\/wp\/v2\/pages"}],"about":[{"href":"https:\/\/www.alptekinas.com\/tr\/wp-json\/wp\/v2\/types\/page"}],"author":[{"embeddable":true,"href":"https:\/\/www.alptekinas.com\/tr\/wp-json\/wp\/v2\/users\/1"}],"replies":[{"embeddable":true,"href":"https:\/\/www.alptekinas.com\/tr\/wp-json\/wp\/v2\/comments?post=228"}],"version-history":[{"count":2,"href":"https:\/\/www.alptekinas.com\/tr\/wp-json\/wp\/v2\/pages\/228\/revisions"}],"predecessor-version":[{"id":230,"href":"https:\/\/www.alptekinas.com\/tr\/wp-json\/wp\/v2\/pages\/228\/revisions\/230"}],"wp:attachment":[{"href":"https:\/\/www.alptekinas.com\/tr\/wp-json\/wp\/v2\/media?parent=228"}],"curies":[{"name":"wp","href":"https:\/\/api.w.org\/{rel}","templated":true}]}}