{"id":233,"date":"2019-03-04T15:00:11","date_gmt":"2019-03-04T12:00:11","guid":{"rendered":"https:\/\/alptekinas.com\/tr\/?page_id=233"},"modified":"2019-03-04T15:00:12","modified_gmt":"2019-03-04T12:00:12","slug":"cakmak-baraji-insaati","status":"publish","type":"page","link":"https:\/\/www.alptekinas.com\/tr\/cakmak-baraji-insaati\/","title":{"rendered":"\u00c7AKMAK BARAJI \u0130N\u015eAATI"},"content":{"rendered":"<div id=\"pl-233\"  class=\"panel-layout\" ><div id=\"pg-233-0\"  class=\"panel-grid panel-no-style\" ><div id=\"pgc-233-0-0\"  class=\"panel-grid-cell\" ><div id=\"panel-233-0-0-0\" class=\"so-panel widget widget_sow-editor panel-first-child panel-last-child\" data-index=\"0\" ><div\n\t\t\t\n\t\t\tclass=\"so-widget-sow-editor so-widget-sow-editor-base\"\n\t\t\t\n\t\t>\n<div class=\"siteorigin-widget-tinymce textwidget\">\n\t<p><strong>\u00c7AKMAK BARAJI \u0130N\u015eAATI<\/strong><\/p>\n<ul>\n<li><strong>YER\u0130<\/strong>:Edirne \u0130li Uzunk\u00f6pr\u00fc \u0130l\u00e7esinin \u00c7akmak K\u00f6y\u00fcn\u00fcn 500 m Kuzeydo\u011fusu<\/li>\n<li><strong>\u0130DARE<\/strong>:D.S.\u0130. XI. B\u00f6lge M\u00fcd\u00fcrl\u00fc\u011f\u00fc \u2013 Edirne<\/li>\n<li><strong>PROJEN\u0130N AMACI<\/strong>:Sulama<\/li>\n<li><strong>\u0130\u015eE BA\u015eLAMA TAR\u0130H\u0130<\/strong>:20.03.2008<\/li>\n<li><strong>\u0130\u015e\u0130N B\u0130T\u0130\u015e TAR\u0130H\u0130<\/strong>:15.10.2015<\/li>\n<\/ul>\n<\/div>\n<\/div><\/div><\/div><\/div><div id=\"pg-233-1\"  class=\"panel-grid panel-no-style\" ><div id=\"pgc-233-1-0\"  class=\"panel-grid-cell\" ><div id=\"panel-233-1-0-0\" class=\"so-panel widget widget_sow-image panel-first-child panel-last-child\" data-index=\"1\" ><div\n\t\t\t\n\t\t\tclass=\"so-widget-sow-image so-widget-sow-image-default-8b5b6f678277-233\"\n\t\t\t\n\t\t>\n<div class=\"sow-image-container\">\n\t\t<img \n\tsrc=\"https:\/\/www.alptekinas.com\/tr\/wp-content\/uploads\/2019\/02\/3.jpg\" width=\"500\" height=\"300\" srcset=\"https:\/\/www.alptekinas.com\/tr\/wp-content\/uploads\/2019\/02\/3.jpg 500w, https:\/\/www.alptekinas.com\/tr\/wp-content\/uploads\/2019\/02\/3-300x180.jpg 300w\" sizes=\"(max-width: 500px) 100vw, 500px\" alt=\"\" loading=\"lazy\" \t\tclass=\"so-widget-image\"\/>\n\t<\/div>\n\n<\/div><\/div><\/div><div id=\"pgc-233-1-1\"  class=\"panel-grid-cell\" ><div id=\"panel-233-1-1-0\" class=\"so-panel widget widget_sow-image panel-first-child panel-last-child\" data-index=\"2\" ><div\n\t\t\t\n\t\t\tclass=\"so-widget-sow-image so-widget-sow-image-default-8b5b6f678277-233\"\n\t\t\t\n\t\t>\n<div class=\"sow-image-container\">\n\t\t<img \n\tsrc=\"https:\/\/www.alptekinas.com\/tr\/wp-content\/uploads\/2019\/02\/4.jpg\" width=\"800\" height=\"600\" srcset=\"https:\/\/www.alptekinas.com\/tr\/wp-content\/uploads\/2019\/02\/4.jpg 800w, https:\/\/www.alptekinas.com\/tr\/wp-content\/uploads\/2019\/02\/4-300x225.jpg 300w, https:\/\/www.alptekinas.com\/tr\/wp-content\/uploads\/2019\/02\/4-768x576.jpg 768w\" sizes=\"(max-width: 800px) 100vw, 800px\" alt=\"\" loading=\"lazy\" \t\tclass=\"so-widget-image\"\/>\n\t<\/div>\n\n<\/div><\/div><\/div><\/div><\/div>","protected":false},"excerpt":{"rendered":"<p>\u00c7AKMAK BARAJI \u0130N\u015eAATI YER\u0130:Edirne \u0130li Uzunk\u00f6pr\u00fc \u0130l\u00e7esinin \u00c7akmak K\u00f6y\u00fcn\u00fcn 500 m Kuzeydo\u011fusu \u0130DARE:D.S.\u0130. XI. B\u00f6lge M\u00fcd\u00fcrl\u00fc\u011f\u00fc \u2013 Edirne PROJEN\u0130N AMACI:Sulama \u0130\u015eE BA\u015eLAMA TAR\u0130H\u0130:20.03.2008 \u0130\u015e\u0130N B\u0130T\u0130\u015e TAR\u0130H\u0130:15.10.2015<\/p>\n","protected":false},"author":1,"featured_media":0,"parent":0,"menu_order":0,"comment_status":"closed","ping_status":"closed","template":"","meta":[],"_links":{"self":[{"href":"https:\/\/www.alptekinas.com\/tr\/wp-json\/wp\/v2\/pages\/233"}],"collection":[{"href":"https:\/\/www.alptekinas.com\/tr\/wp-json\/wp\/v2\/pages"}],"about":[{"href":"https:\/\/www.alptekinas.com\/tr\/wp-json\/wp\/v2\/types\/page"}],"author":[{"embeddable":true,"href":"https:\/\/www.alptekinas.com\/tr\/wp-json\/wp\/v2\/users\/1"}],"replies":[{"embeddable":true,"href":"https:\/\/www.alptekinas.com\/tr\/wp-json\/wp\/v2\/comments?post=233"}],"version-history":[{"count":2,"href":"https:\/\/www.alptekinas.com\/tr\/wp-json\/wp\/v2\/pages\/233\/revisions"}],"predecessor-version":[{"id":235,"href":"https:\/\/www.alptekinas.com\/tr\/wp-json\/wp\/v2\/pages\/233\/revisions\/235"}],"wp:attachment":[{"href":"https:\/\/www.alptekinas.com\/tr\/wp-json\/wp\/v2\/media?parent=233"}],"curies":[{"name":"wp","href":"https:\/\/api.w.org\/{rel}","templated":true}]}}