{"id":236,"date":"2019-03-04T15:02:43","date_gmt":"2019-03-04T12:02:43","guid":{"rendered":"https:\/\/alptekinas.com\/tr\/?page_id=236"},"modified":"2019-03-04T15:02:43","modified_gmt":"2019-03-04T12:02:43","slug":"seyitomer-termik-santrali-kul-dagi-reh-ve-kul-baraji-insaati","status":"publish","type":"page","link":"https:\/\/www.alptekinas.com\/tr\/seyitomer-termik-santrali-kul-dagi-reh-ve-kul-baraji-insaati\/","title":{"rendered":"SEY\u0130T\u00d6MER TERM\u0130K SANTRAL\u0130 K\u00dcL DA\u011eI REH. VE K\u00dcL BARAJI \u0130N\u015eAATI"},"content":{"rendered":"<div id=\"pl-236\"  class=\"panel-layout\" ><div id=\"pg-236-0\"  class=\"panel-grid panel-no-style\" ><div id=\"pgc-236-0-0\"  class=\"panel-grid-cell\" ><div id=\"panel-236-0-0-0\" class=\"so-panel widget widget_sow-editor panel-first-child panel-last-child\" data-index=\"0\" ><div\n\t\t\t\n\t\t\tclass=\"so-widget-sow-editor so-widget-sow-editor-base\"\n\t\t\t\n\t\t>\n<div class=\"siteorigin-widget-tinymce textwidget\">\n\t<p><strong>SEY\u0130T\u00d6MER TERM\u0130K SANTRAL\u0130 K\u00dcL DA\u011eI REH. VE K\u00dcL BARAJI \u0130N\u015eAATI<\/strong><\/p>\n<ul>\n<li><strong>YER\u0130<\/strong>:K\u00fctahya<\/li>\n<li><strong>\u0130DARE<\/strong>:E\u00dcA\u015e Genel M\u00fcd\u00fcrl\u00fc\u011f\u00fc - Ankara<\/li>\n<li><strong>PROJEN\u0130N AMACI<\/strong>:Termik Santralin \u00e7\u0131kt\u0131s\u0131 k\u00fcl\u00fcn depolanmas\u0131 , daha \u00f6nceden depolama yap\u0131lan mevcut da\u011f\u0131n d\u00fczeltilmesi, bitki \u00f6rt\u00fcs\u00fcyle kaplanmas\u0131.<\/li>\n<li><strong>\u0130\u015eE BA\u015eLAMA TAR\u0130H\u0130<\/strong>:02.2000<\/li>\n<li><strong>\u0130\u015e\u0130N B\u0130T\u0130\u015e TAR\u0130H\u0130<\/strong>:07.2007<\/li>\n<\/ul>\n<\/div>\n<\/div><\/div><\/div><\/div><div id=\"pg-236-1\"  class=\"panel-grid panel-no-style\" ><div id=\"pgc-236-1-0\"  class=\"panel-grid-cell\" ><div id=\"panel-236-1-0-0\" class=\"so-panel widget widget_sow-image panel-first-child panel-last-child\" data-index=\"1\" ><div\n\t\t\t\n\t\t\tclass=\"so-widget-sow-image so-widget-sow-image-default-8b5b6f678277-236\"\n\t\t\t\n\t\t>\n<div class=\"sow-image-container\">\n\t\t<img \n\tsrc=\"https:\/\/www.alptekinas.com\/tr\/wp-content\/uploads\/2019\/02\/5.jpg\" width=\"1296\" height=\"976\" srcset=\"https:\/\/www.alptekinas.com\/tr\/wp-content\/uploads\/2019\/02\/5.jpg 1296w, https:\/\/www.alptekinas.com\/tr\/wp-content\/uploads\/2019\/02\/5-300x226.jpg 300w, https:\/\/www.alptekinas.com\/tr\/wp-content\/uploads\/2019\/02\/5-768x578.jpg 768w, https:\/\/www.alptekinas.com\/tr\/wp-content\/uploads\/2019\/02\/5-1024x771.jpg 1024w\" sizes=\"(max-width: 1296px) 100vw, 1296px\" alt=\"\" loading=\"lazy\" \t\tclass=\"so-widget-image\"\/>\n\t<\/div>\n\n<\/div><\/div><\/div><div id=\"pgc-236-1-1\"  class=\"panel-grid-cell\" ><div id=\"panel-236-1-1-0\" class=\"so-panel widget widget_sow-image panel-first-child panel-last-child\" data-index=\"2\" ><div\n\t\t\t\n\t\t\tclass=\"so-widget-sow-image so-widget-sow-image-default-8b5b6f678277-236\"\n\t\t\t\n\t\t>\n<div class=\"sow-image-container\">\n\t\t<img \n\tsrc=\"https:\/\/www.alptekinas.com\/tr\/wp-content\/uploads\/2019\/02\/6.jpg\" width=\"1296\" height=\"976\" srcset=\"https:\/\/www.alptekinas.com\/tr\/wp-content\/uploads\/2019\/02\/6.jpg 1296w, https:\/\/www.alptekinas.com\/tr\/wp-content\/uploads\/2019\/02\/6-300x226.jpg 300w, https:\/\/www.alptekinas.com\/tr\/wp-content\/uploads\/2019\/02\/6-768x578.jpg 768w, https:\/\/www.alptekinas.com\/tr\/wp-content\/uploads\/2019\/02\/6-1024x771.jpg 1024w\" sizes=\"(max-width: 1296px) 100vw, 1296px\" alt=\"\" loading=\"lazy\" \t\tclass=\"so-widget-image\"\/>\n\t<\/div>\n\n<\/div><\/div><\/div><\/div><\/div>","protected":false},"excerpt":{"rendered":"<p>SEY\u0130T\u00d6MER TERM\u0130K SANTRAL\u0130 K\u00dcL DA\u011eI REH. VE K\u00dcL BARAJI \u0130N\u015eAATI YER\u0130:K\u00fctahya \u0130DARE:E\u00dcA\u015e Genel M\u00fcd\u00fcrl\u00fc\u011f\u00fc &#8211; Ankara PROJEN\u0130N AMACI:Termik Santralin \u00e7\u0131kt\u0131s\u0131 k\u00fcl\u00fcn depolanmas\u0131 , daha \u00f6nceden depolama yap\u0131lan mevcut da\u011f\u0131n d\u00fczeltilmesi, bitki \u00f6rt\u00fcs\u00fcyle kaplanmas\u0131. \u0130\u015eE BA\u015eLAMA TAR\u0130H\u0130:02.2000 \u0130\u015e\u0130N B\u0130T\u0130\u015e TAR\u0130H\u0130:07.2007<\/p>\n","protected":false},"author":1,"featured_media":0,"parent":0,"menu_order":0,"comment_status":"closed","ping_status":"closed","template":"","meta":[],"_links":{"self":[{"href":"https:\/\/www.alptekinas.com\/tr\/wp-json\/wp\/v2\/pages\/236"}],"collection":[{"href":"https:\/\/www.alptekinas.com\/tr\/wp-json\/wp\/v2\/pages"}],"about":[{"href":"https:\/\/www.alptekinas.com\/tr\/wp-json\/wp\/v2\/types\/page"}],"author":[{"embeddable":true,"href":"https:\/\/www.alptekinas.com\/tr\/wp-json\/wp\/v2\/users\/1"}],"replies":[{"embeddable":true,"href":"https:\/\/www.alptekinas.com\/tr\/wp-json\/wp\/v2\/comments?post=236"}],"version-history":[{"count":2,"href":"https:\/\/www.alptekinas.com\/tr\/wp-json\/wp\/v2\/pages\/236\/revisions"}],"predecessor-version":[{"id":238,"href":"https:\/\/www.alptekinas.com\/tr\/wp-json\/wp\/v2\/pages\/236\/revisions\/238"}],"wp:attachment":[{"href":"https:\/\/www.alptekinas.com\/tr\/wp-json\/wp\/v2\/media?parent=236"}],"curies":[{"name":"wp","href":"https:\/\/api.w.org\/{rel}","templated":true}]}}