{"id":241,"date":"2019-03-04T15:08:02","date_gmt":"2019-03-04T12:08:02","guid":{"rendered":"https:\/\/alptekinas.com\/tr\/?page_id=241"},"modified":"2019-03-04T15:08:03","modified_gmt":"2019-03-04T12:08:03","slug":"pecenek-baraji-insaati","status":"publish","type":"page","link":"https:\/\/www.alptekinas.com\/tr\/pecenek-baraji-insaati\/","title":{"rendered":"PE\u00c7ENEK BARAJI \u0130N\u015eAATI"},"content":{"rendered":"<div id=\"pl-241\"  class=\"panel-layout\" ><div id=\"pg-241-0\"  class=\"panel-grid panel-no-style\" ><div id=\"pgc-241-0-0\"  class=\"panel-grid-cell\" ><div id=\"panel-241-0-0-0\" class=\"so-panel widget widget_sow-editor panel-first-child panel-last-child\" data-index=\"0\" ><div\n\t\t\t\n\t\t\tclass=\"so-widget-sow-editor so-widget-sow-editor-base\"\n\t\t\t\n\t\t>\n<div class=\"siteorigin-widget-tinymce textwidget\">\n\t<p><strong>PE\u00c7ENEK BARAJI \u0130N\u015eAATI<\/strong><\/p>\n<ul>\n<li><strong>YER\u0130:<\/strong>Ankara \u0130li s\u0131n\u0131rlar\u0131 i\u00e7inde \u015eerefliko\u00e7hisar \u0130l\u00e7esinin 15 km G\u00fcneydo\u011fusunda Fad\u0131ll\u0131 K\u00f6y\u00fcn\u00fcn 1 km bat\u0131s\u0131nda Pe\u00e7enek\u00f6z\u00fc \u00e7ay\u0131 \u00fczerinde<\/li>\n<li><strong>\u0130DARE:<\/strong>S.\u0130. V. B\u00f6lge M\u00fcd\u00fcrl\u00fc\u011f\u00fc \u2013 Ankara<\/li>\n<li><strong>PROJEN\u0130N AMACI:<\/strong>Sulama, i\u00e7me ve kullanma suyu<\/li>\n<li><strong>\u0130\u015eE BA\u015eLAMA TAR\u0130H\u0130:<\/strong>05.2007<\/li>\n<li><strong>\u0130\u015e\u0130N B\u0130T\u0130\u015e TAR\u0130H\u0130:<\/strong>12.2011<\/li>\n<\/ul>\n<\/div>\n<\/div><\/div><\/div><\/div><div id=\"pg-241-1\"  class=\"panel-grid panel-no-style\" ><div id=\"pgc-241-1-0\"  class=\"panel-grid-cell\" ><div id=\"panel-241-1-0-0\" class=\"so-panel widget widget_sow-image panel-first-child panel-last-child\" data-index=\"1\" ><div\n\t\t\t\n\t\t\tclass=\"so-widget-sow-image so-widget-sow-image-default-8b5b6f678277-241\"\n\t\t\t\n\t\t>\n<div class=\"sow-image-container\">\n\t\t<img \n\tsrc=\"https:\/\/www.alptekinas.com\/tr\/wp-content\/uploads\/2019\/02\/7.jpg\" width=\"1600\" height=\"1200\" srcset=\"https:\/\/www.alptekinas.com\/tr\/wp-content\/uploads\/2019\/02\/7.jpg 1600w, https:\/\/www.alptekinas.com\/tr\/wp-content\/uploads\/2019\/02\/7-300x225.jpg 300w, https:\/\/www.alptekinas.com\/tr\/wp-content\/uploads\/2019\/02\/7-768x576.jpg 768w, https:\/\/www.alptekinas.com\/tr\/wp-content\/uploads\/2019\/02\/7-1024x768.jpg 1024w\" sizes=\"(max-width: 1600px) 100vw, 1600px\" alt=\"\" loading=\"lazy\" \t\tclass=\"so-widget-image\"\/>\n\t<\/div>\n\n<\/div><\/div><\/div><div id=\"pgc-241-1-1\"  class=\"panel-grid-cell\" ><div id=\"panel-241-1-1-0\" class=\"so-panel widget widget_sow-image panel-first-child panel-last-child\" data-index=\"2\" ><div\n\t\t\t\n\t\t\tclass=\"so-widget-sow-image so-widget-sow-image-default-8b5b6f678277-241\"\n\t\t\t\n\t\t>\n<div class=\"sow-image-container\">\n\t\t<img \n\tsrc=\"https:\/\/www.alptekinas.com\/tr\/wp-content\/uploads\/2019\/02\/8.jpg\" width=\"960\" height=\"642\" srcset=\"https:\/\/www.alptekinas.com\/tr\/wp-content\/uploads\/2019\/02\/8.jpg 960w, https:\/\/www.alptekinas.com\/tr\/wp-content\/uploads\/2019\/02\/8-300x201.jpg 300w, https:\/\/www.alptekinas.com\/tr\/wp-content\/uploads\/2019\/02\/8-768x514.jpg 768w, https:\/\/www.alptekinas.com\/tr\/wp-content\/uploads\/2019\/02\/8-272x182.jpg 272w\" sizes=\"(max-width: 960px) 100vw, 960px\" alt=\"\" loading=\"lazy\" \t\tclass=\"so-widget-image\"\/>\n\t<\/div>\n\n<\/div><\/div><\/div><\/div><\/div>","protected":false},"excerpt":{"rendered":"<p>PE\u00c7ENEK BARAJI \u0130N\u015eAATI YER\u0130:Ankara \u0130li s\u0131n\u0131rlar\u0131 i\u00e7inde \u015eerefliko\u00e7hisar \u0130l\u00e7esinin 15 km G\u00fcneydo\u011fusunda Fad\u0131ll\u0131 K\u00f6y\u00fcn\u00fcn 1 km bat\u0131s\u0131nda Pe\u00e7enek\u00f6z\u00fc \u00e7ay\u0131 \u00fczerinde \u0130DARE:S.\u0130. V. B\u00f6lge M\u00fcd\u00fcrl\u00fc\u011f\u00fc \u2013 Ankara PROJEN\u0130N AMACI:Sulama, i\u00e7me ve kullanma suyu \u0130\u015eE BA\u015eLAMA TAR\u0130H\u0130:05.2007 \u0130\u015e\u0130N B\u0130T\u0130\u015e TAR\u0130H\u0130:12.2011<\/p>\n","protected":false},"author":1,"featured_media":0,"parent":0,"menu_order":0,"comment_status":"closed","ping_status":"closed","template":"","meta":[],"_links":{"self":[{"href":"https:\/\/www.alptekinas.com\/tr\/wp-json\/wp\/v2\/pages\/241"}],"collection":[{"href":"https:\/\/www.alptekinas.com\/tr\/wp-json\/wp\/v2\/pages"}],"about":[{"href":"https:\/\/www.alptekinas.com\/tr\/wp-json\/wp\/v2\/types\/page"}],"author":[{"embeddable":true,"href":"https:\/\/www.alptekinas.com\/tr\/wp-json\/wp\/v2\/users\/1"}],"replies":[{"embeddable":true,"href":"https:\/\/www.alptekinas.com\/tr\/wp-json\/wp\/v2\/comments?post=241"}],"version-history":[{"count":2,"href":"https:\/\/www.alptekinas.com\/tr\/wp-json\/wp\/v2\/pages\/241\/revisions"}],"predecessor-version":[{"id":243,"href":"https:\/\/www.alptekinas.com\/tr\/wp-json\/wp\/v2\/pages\/241\/revisions\/243"}],"wp:attachment":[{"href":"https:\/\/www.alptekinas.com\/tr\/wp-json\/wp\/v2\/media?parent=241"}],"curies":[{"name":"wp","href":"https:\/\/api.w.org\/{rel}","templated":true}]}}