{"id":247,"date":"2019-03-04T15:11:57","date_gmt":"2019-03-04T12:11:57","guid":{"rendered":"https:\/\/alptekinas.com\/tr\/?page_id=247"},"modified":"2019-03-04T15:11:58","modified_gmt":"2019-03-04T12:11:58","slug":"nigde-yesilburc-baraji-ve-derivasyon-tesisleri-insaati","status":"publish","type":"page","link":"https:\/\/www.alptekinas.com\/tr\/nigde-yesilburc-baraji-ve-derivasyon-tesisleri-insaati\/","title":{"rendered":"N\u0130\u011eDE YE\u015e\u0130LBUR\u00c7 BARAJI VE DER\u0130VASYON TES\u0130SLER\u0130 \u0130N\u015eAATI"},"content":{"rendered":"<div id=\"pl-247\"  class=\"panel-layout\" ><div id=\"pg-247-0\"  class=\"panel-grid panel-no-style\" ><div id=\"pgc-247-0-0\"  class=\"panel-grid-cell\" ><div id=\"panel-247-0-0-0\" class=\"so-panel widget widget_sow-editor panel-first-child panel-last-child\" data-index=\"0\" ><div\n\t\t\t\n\t\t\tclass=\"so-widget-sow-editor so-widget-sow-editor-base\"\n\t\t\t\n\t\t>\n<div class=\"siteorigin-widget-tinymce textwidget\">\n\t<p><strong>N\u0130\u011eDE YE\u015e\u0130LBUR\u00c7 BARAJI VE DER\u0130VASYON TES\u0130SLER\u0130 \u0130N\u015eAATI<\/strong><\/p>\n<ul>\n<li><strong>YER\u0130:<\/strong>Ni\u011fde \u0130l merkezinin bat\u0131s\u0131nda Ye\u015filbur\u00e7 k\u00f6y\u00fcne\u00a0 1 Km<\/li>\n<li><strong>\u0130DARE:<\/strong>DS\u0130 IV. B\u00f6lge M\u00fcd\u00fcrl\u00fc\u011f\u00fc \u2013 Konya<\/li>\n<li><strong>PROJEN\u0130N AMACI:<\/strong>Sulama 600 ha<\/li>\n<li><strong>\u0130\u015eE BA\u015eLAMA TAR\u0130H\u0130:<\/strong>01\/05\/1996<\/li>\n<li><strong>\u0130\u015e\u0130N B\u0130T\u0130\u015e TAR\u0130H\u0130:<\/strong>30\/12\/2007<\/li>\n<\/ul>\n<\/div>\n<\/div><\/div><\/div><\/div><div id=\"pg-247-1\"  class=\"panel-grid panel-no-style\" ><div id=\"pgc-247-1-0\"  class=\"panel-grid-cell\" ><div id=\"panel-247-1-0-0\" class=\"so-panel widget widget_sow-image panel-first-child panel-last-child\" data-index=\"1\" ><div\n\t\t\t\n\t\t\tclass=\"so-widget-sow-image so-widget-sow-image-default-8b5b6f678277-247\"\n\t\t\t\n\t\t>\n<div class=\"sow-image-container\">\n\t\t<img \n\tsrc=\"https:\/\/www.alptekinas.com\/tr\/wp-content\/uploads\/2019\/02\/11.jpg\" width=\"880\" height=\"494\" srcset=\"https:\/\/www.alptekinas.com\/tr\/wp-content\/uploads\/2019\/02\/11.jpg 880w, https:\/\/www.alptekinas.com\/tr\/wp-content\/uploads\/2019\/02\/11-300x168.jpg 300w, https:\/\/www.alptekinas.com\/tr\/wp-content\/uploads\/2019\/02\/11-768x431.jpg 768w\" sizes=\"(max-width: 880px) 100vw, 880px\" alt=\"\" loading=\"lazy\" \t\tclass=\"so-widget-image\"\/>\n\t<\/div>\n\n<\/div><\/div><\/div><div id=\"pgc-247-1-1\"  class=\"panel-grid-cell\" ><div id=\"panel-247-1-1-0\" class=\"so-panel widget widget_sow-image panel-first-child panel-last-child\" data-index=\"2\" ><div\n\t\t\t\n\t\t\tclass=\"so-widget-sow-image so-widget-sow-image-default-8b5b6f678277-247\"\n\t\t\t\n\t\t>\n<div class=\"sow-image-container\">\n\t\t<img \n\tsrc=\"https:\/\/www.alptekinas.com\/tr\/wp-content\/uploads\/2019\/02\/12.jpg\" width=\"880\" height=\"494\" srcset=\"https:\/\/www.alptekinas.com\/tr\/wp-content\/uploads\/2019\/02\/12.jpg 880w, https:\/\/www.alptekinas.com\/tr\/wp-content\/uploads\/2019\/02\/12-300x168.jpg 300w, https:\/\/www.alptekinas.com\/tr\/wp-content\/uploads\/2019\/02\/12-768x431.jpg 768w\" sizes=\"(max-width: 880px) 100vw, 880px\" alt=\"\" loading=\"lazy\" \t\tclass=\"so-widget-image\"\/>\n\t<\/div>\n\n<\/div><\/div><\/div><\/div><\/div>","protected":false},"excerpt":{"rendered":"<p>N\u0130\u011eDE YE\u015e\u0130LBUR\u00c7 BARAJI VE DER\u0130VASYON TES\u0130SLER\u0130 \u0130N\u015eAATI YER\u0130:Ni\u011fde \u0130l merkezinin bat\u0131s\u0131nda Ye\u015filbur\u00e7 k\u00f6y\u00fcne\u00a0 1 Km \u0130DARE:DS\u0130 IV. B\u00f6lge M\u00fcd\u00fcrl\u00fc\u011f\u00fc \u2013 Konya PROJEN\u0130N AMACI:Sulama 600 ha \u0130\u015eE BA\u015eLAMA TAR\u0130H\u0130:01\/05\/1996 \u0130\u015e\u0130N B\u0130T\u0130\u015e TAR\u0130H\u0130:30\/12\/2007<\/p>\n","protected":false},"author":1,"featured_media":0,"parent":0,"menu_order":0,"comment_status":"closed","ping_status":"closed","template":"","meta":[],"_links":{"self":[{"href":"https:\/\/www.alptekinas.com\/tr\/wp-json\/wp\/v2\/pages\/247"}],"collection":[{"href":"https:\/\/www.alptekinas.com\/tr\/wp-json\/wp\/v2\/pages"}],"about":[{"href":"https:\/\/www.alptekinas.com\/tr\/wp-json\/wp\/v2\/types\/page"}],"author":[{"embeddable":true,"href":"https:\/\/www.alptekinas.com\/tr\/wp-json\/wp\/v2\/users\/1"}],"replies":[{"embeddable":true,"href":"https:\/\/www.alptekinas.com\/tr\/wp-json\/wp\/v2\/comments?post=247"}],"version-history":[{"count":2,"href":"https:\/\/www.alptekinas.com\/tr\/wp-json\/wp\/v2\/pages\/247\/revisions"}],"predecessor-version":[{"id":249,"href":"https:\/\/www.alptekinas.com\/tr\/wp-json\/wp\/v2\/pages\/247\/revisions\/249"}],"wp:attachment":[{"href":"https:\/\/www.alptekinas.com\/tr\/wp-json\/wp\/v2\/media?parent=247"}],"curies":[{"name":"wp","href":"https:\/\/api.w.org\/{rel}","templated":true}]}}