{"id":250,"date":"2019-03-04T15:14:09","date_gmt":"2019-03-04T12:14:09","guid":{"rendered":"https:\/\/alptekinas.com\/tr\/?page_id=250"},"modified":"2019-03-04T15:14:09","modified_gmt":"2019-03-04T12:14:09","slug":"nevsehir-ozkonak-goleti-ve-sulamasi-sari-emanet-insaati","status":"publish","type":"page","link":"https:\/\/www.alptekinas.com\/tr\/nevsehir-ozkonak-goleti-ve-sulamasi-sari-emanet-insaati\/","title":{"rendered":"NEV\u015eEH\u0130R \u00d6ZKONAK G\u00d6LET\u0130 VE SULAMASI SAR\u0130 EMANET \u0130N\u015eAATI"},"content":{"rendered":"<div id=\"pl-250\"  class=\"panel-layout\" ><div id=\"pg-250-0\"  class=\"panel-grid panel-no-style\" ><div id=\"pgc-250-0-0\"  class=\"panel-grid-cell\" ><div id=\"panel-250-0-0-0\" class=\"so-panel widget widget_sow-editor panel-first-child panel-last-child\" data-index=\"0\" ><div\n\t\t\t\n\t\t\tclass=\"so-widget-sow-editor so-widget-sow-editor-base\"\n\t\t\t\n\t\t>\n<div class=\"siteorigin-widget-tinymce textwidget\">\n\t<p><strong>NEV\u015eEH\u0130R \u00d6ZKONAK G\u00d6LET\u0130 VE SULAMASI SAR\u0130 EMANET \u0130N\u015eAATI<\/strong><\/p>\n<ul>\n<li><strong>YER\u0130:<\/strong>Nev\u015fehir \u0130line ba\u011fl\u0131\u00a0 Avavos \u0130l\u00e7esi \u00d6zkonak kasabas\u0131n\u0131n 5 Km Kuzey do\u011fusunda Orta K\u0131z\u0131l\u0131rmak Havzas\u0131nda<\/li>\n<li><strong>\u0130DARE:<\/strong>DS\u0130 XII. B\u00f6lge M\u00fcd\u00fcrl\u00fc\u011f\u00fc \u2013 Kayseri<\/li>\n<li><strong>PROJEN\u0130N AMACI:<\/strong>Kurt deresi \u00fczerinde sulama suyu amac\u0131 ile<\/li>\n<li><strong>\u0130\u015eE BA\u015eLAMA TAR\u0130H\u0130:<\/strong>01\/04\/2002<\/li>\n<li><strong>\u0130\u015e\u0130N B\u0130T\u0130\u015e TAR\u0130H\u0130:<\/strong>19\/07\/2006<\/li>\n<\/ul>\n<\/div>\n<\/div><\/div><\/div><\/div><div id=\"pg-250-1\"  class=\"panel-grid panel-no-style\" ><div id=\"pgc-250-1-0\"  class=\"panel-grid-cell\" ><div id=\"panel-250-1-0-0\" class=\"so-panel widget widget_sow-image panel-first-child panel-last-child\" data-index=\"1\" ><div\n\t\t\t\n\t\t\tclass=\"so-widget-sow-image so-widget-sow-image-default-8b5b6f678277-250\"\n\t\t\t\n\t\t>\n<div class=\"sow-image-container\">\n\t\t<img \n\tsrc=\"https:\/\/www.alptekinas.com\/tr\/wp-content\/uploads\/2019\/02\/13.jpg\" width=\"1296\" height=\"976\" srcset=\"https:\/\/www.alptekinas.com\/tr\/wp-content\/uploads\/2019\/02\/13.jpg 1296w, https:\/\/www.alptekinas.com\/tr\/wp-content\/uploads\/2019\/02\/13-300x226.jpg 300w, https:\/\/www.alptekinas.com\/tr\/wp-content\/uploads\/2019\/02\/13-768x578.jpg 768w, https:\/\/www.alptekinas.com\/tr\/wp-content\/uploads\/2019\/02\/13-1024x771.jpg 1024w\" sizes=\"(max-width: 1296px) 100vw, 1296px\" alt=\"\" loading=\"lazy\" \t\tclass=\"so-widget-image\"\/>\n\t<\/div>\n\n<\/div><\/div><\/div><div id=\"pgc-250-1-1\"  class=\"panel-grid-cell\" ><div id=\"panel-250-1-1-0\" class=\"so-panel widget widget_sow-image panel-first-child panel-last-child\" data-index=\"2\" ><div\n\t\t\t\n\t\t\tclass=\"so-widget-sow-image so-widget-sow-image-default-8b5b6f678277-250\"\n\t\t\t\n\t\t>\n<div class=\"sow-image-container\">\n\t\t<img \n\tsrc=\"https:\/\/www.alptekinas.com\/tr\/wp-content\/uploads\/2019\/02\/14.jpg\" width=\"1296\" height=\"976\" srcset=\"https:\/\/www.alptekinas.com\/tr\/wp-content\/uploads\/2019\/02\/14.jpg 1296w, https:\/\/www.alptekinas.com\/tr\/wp-content\/uploads\/2019\/02\/14-300x226.jpg 300w, https:\/\/www.alptekinas.com\/tr\/wp-content\/uploads\/2019\/02\/14-768x578.jpg 768w, https:\/\/www.alptekinas.com\/tr\/wp-content\/uploads\/2019\/02\/14-1024x771.jpg 1024w\" sizes=\"(max-width: 1296px) 100vw, 1296px\" alt=\"\" loading=\"lazy\" \t\tclass=\"so-widget-image\"\/>\n\t<\/div>\n\n<\/div><\/div><\/div><\/div><\/div>","protected":false},"excerpt":{"rendered":"<p>NEV\u015eEH\u0130R \u00d6ZKONAK G\u00d6LET\u0130 VE SULAMASI SAR\u0130 EMANET \u0130N\u015eAATI YER\u0130:Nev\u015fehir \u0130line ba\u011fl\u0131\u00a0 Avavos \u0130l\u00e7esi \u00d6zkonak kasabas\u0131n\u0131n 5 Km Kuzey do\u011fusunda Orta K\u0131z\u0131l\u0131rmak Havzas\u0131nda \u0130DARE:DS\u0130 XII. B\u00f6lge M\u00fcd\u00fcrl\u00fc\u011f\u00fc \u2013 Kayseri PROJEN\u0130N AMACI:Kurt deresi \u00fczerinde sulama suyu amac\u0131 ile \u0130\u015eE BA\u015eLAMA TAR\u0130H\u0130:01\/04\/2002 \u0130\u015e\u0130N B\u0130T\u0130\u015e TAR\u0130H\u0130:19\/07\/2006<\/p>\n","protected":false},"author":1,"featured_media":0,"parent":0,"menu_order":0,"comment_status":"closed","ping_status":"closed","template":"","meta":[],"_links":{"self":[{"href":"https:\/\/www.alptekinas.com\/tr\/wp-json\/wp\/v2\/pages\/250"}],"collection":[{"href":"https:\/\/www.alptekinas.com\/tr\/wp-json\/wp\/v2\/pages"}],"about":[{"href":"https:\/\/www.alptekinas.com\/tr\/wp-json\/wp\/v2\/types\/page"}],"author":[{"embeddable":true,"href":"https:\/\/www.alptekinas.com\/tr\/wp-json\/wp\/v2\/users\/1"}],"replies":[{"embeddable":true,"href":"https:\/\/www.alptekinas.com\/tr\/wp-json\/wp\/v2\/comments?post=250"}],"version-history":[{"count":2,"href":"https:\/\/www.alptekinas.com\/tr\/wp-json\/wp\/v2\/pages\/250\/revisions"}],"predecessor-version":[{"id":252,"href":"https:\/\/www.alptekinas.com\/tr\/wp-json\/wp\/v2\/pages\/250\/revisions\/252"}],"wp:attachment":[{"href":"https:\/\/www.alptekinas.com\/tr\/wp-json\/wp\/v2\/media?parent=250"}],"curies":[{"name":"wp","href":"https:\/\/api.w.org\/{rel}","templated":true}]}}