{"id":256,"date":"2019-03-04T15:18:05","date_gmt":"2019-03-04T12:18:05","guid":{"rendered":"https:\/\/alptekinas.com\/tr\/?page_id=256"},"modified":"2019-03-04T15:18:07","modified_gmt":"2019-03-04T12:18:07","slug":"izmir-menemen-emiralem-goleti-insaati","status":"publish","type":"page","link":"https:\/\/www.alptekinas.com\/tr\/izmir-menemen-emiralem-goleti-insaati\/","title":{"rendered":"\u0130ZM\u0130R MENEMEN EM\u0130RALEM G\u00d6LET\u0130 \u0130N\u015eAATI"},"content":{"rendered":"<div id=\"pl-256\"  class=\"panel-layout\" ><div id=\"pg-256-0\"  class=\"panel-grid panel-no-style\" ><div id=\"pgc-256-0-0\"  class=\"panel-grid-cell\" ><div id=\"panel-256-0-0-0\" class=\"so-panel widget widget_sow-editor panel-first-child panel-last-child\" data-index=\"0\" ><div\n\t\t\t\n\t\t\tclass=\"so-widget-sow-editor so-widget-sow-editor-base\"\n\t\t\t\n\t\t>\n<div class=\"siteorigin-widget-tinymce textwidget\">\n\t<p><strong>\u0130ZM\u0130R MENEMEN EM\u0130RALEM G\u00d6LET\u0130 \u0130N\u015eAATI<\/strong><\/p>\n<ul>\n<li><strong>YER\u0130:<\/strong>Dsi II. B\u00f6lge M\u00fcd\u00fcrl\u00fc\u011f\u00fc , \u0130zmir \u0130li Menemen \u0130l\u00e7esi S\u0131n\u0131rlar\u0131\u00a0\u00a0\u00a0 \u0130\u00e7erisindedir.<\/li>\n<li><strong>\u0130DARE:<\/strong>DS\u0130 II.\u00a0 B\u00f6lge M\u00fcd\u00fcrl\u00fc\u011f\u00fc - \u0130zmir<\/li>\n<li><strong>PROJEN\u0130N AMACI:<\/strong>Sulama<\/li>\n<li><strong>S\u00d6ZLE\u015eME TAR\u0130H\u0130:<\/strong>03.2012<\/li>\n<li><strong>\u0130\u015e B\u0130T\u0130M TAR\u0130H\u0130:<\/strong>03.2014<\/li>\n<\/ul>\n<\/div>\n<\/div><\/div><\/div><\/div><div id=\"pg-256-1\"  class=\"panel-grid panel-no-style\" ><div id=\"pgc-256-1-0\"  class=\"panel-grid-cell\" ><div id=\"panel-256-1-0-0\" class=\"so-panel widget widget_sow-image panel-first-child panel-last-child\" data-index=\"1\" ><div\n\t\t\t\n\t\t\tclass=\"so-widget-sow-image so-widget-sow-image-default-8b5b6f678277-256\"\n\t\t\t\n\t\t>\n<div class=\"sow-image-container\">\n\t\t<img \n\tsrc=\"https:\/\/www.alptekinas.com\/tr\/wp-content\/uploads\/2019\/02\/17.jpg\" width=\"800\" height=\"533\" srcset=\"https:\/\/www.alptekinas.com\/tr\/wp-content\/uploads\/2019\/02\/17.jpg 800w, https:\/\/www.alptekinas.com\/tr\/wp-content\/uploads\/2019\/02\/17-300x200.jpg 300w, https:\/\/www.alptekinas.com\/tr\/wp-content\/uploads\/2019\/02\/17-768x512.jpg 768w, https:\/\/www.alptekinas.com\/tr\/wp-content\/uploads\/2019\/02\/17-272x182.jpg 272w\" sizes=\"(max-width: 800px) 100vw, 800px\" alt=\"\" loading=\"lazy\" \t\tclass=\"so-widget-image\"\/>\n\t<\/div>\n\n<\/div><\/div><\/div><div id=\"pgc-256-1-1\"  class=\"panel-grid-cell\" ><div id=\"panel-256-1-1-0\" class=\"so-panel widget widget_sow-image panel-first-child panel-last-child\" data-index=\"2\" ><div\n\t\t\t\n\t\t\tclass=\"so-widget-sow-image so-widget-sow-image-default-8b5b6f678277-256\"\n\t\t\t\n\t\t>\n<div class=\"sow-image-container\">\n\t\t<img \n\tsrc=\"https:\/\/www.alptekinas.com\/tr\/wp-content\/uploads\/2019\/02\/18.jpg\" width=\"800\" height=\"445\" srcset=\"https:\/\/www.alptekinas.com\/tr\/wp-content\/uploads\/2019\/02\/18.jpg 800w, https:\/\/www.alptekinas.com\/tr\/wp-content\/uploads\/2019\/02\/18-300x167.jpg 300w, https:\/\/www.alptekinas.com\/tr\/wp-content\/uploads\/2019\/02\/18-768x427.jpg 768w\" sizes=\"(max-width: 800px) 100vw, 800px\" alt=\"\" loading=\"lazy\" \t\tclass=\"so-widget-image\"\/>\n\t<\/div>\n\n<\/div><\/div><\/div><\/div><\/div>","protected":false},"excerpt":{"rendered":"<p>\u0130ZM\u0130R MENEMEN EM\u0130RALEM G\u00d6LET\u0130 \u0130N\u015eAATI YER\u0130:Dsi II. B\u00f6lge M\u00fcd\u00fcrl\u00fc\u011f\u00fc , \u0130zmir \u0130li Menemen \u0130l\u00e7esi S\u0131n\u0131rlar\u0131\u00a0\u00a0\u00a0 \u0130\u00e7erisindedir. \u0130DARE:DS\u0130 II.\u00a0 B\u00f6lge M\u00fcd\u00fcrl\u00fc\u011f\u00fc &#8211; \u0130zmir PROJEN\u0130N AMACI:Sulama S\u00d6ZLE\u015eME TAR\u0130H\u0130:03.2012 \u0130\u015e B\u0130T\u0130M TAR\u0130H\u0130:03.2014<\/p>\n","protected":false},"author":1,"featured_media":0,"parent":0,"menu_order":0,"comment_status":"closed","ping_status":"closed","template":"","meta":[],"_links":{"self":[{"href":"https:\/\/www.alptekinas.com\/tr\/wp-json\/wp\/v2\/pages\/256"}],"collection":[{"href":"https:\/\/www.alptekinas.com\/tr\/wp-json\/wp\/v2\/pages"}],"about":[{"href":"https:\/\/www.alptekinas.com\/tr\/wp-json\/wp\/v2\/types\/page"}],"author":[{"embeddable":true,"href":"https:\/\/www.alptekinas.com\/tr\/wp-json\/wp\/v2\/users\/1"}],"replies":[{"embeddable":true,"href":"https:\/\/www.alptekinas.com\/tr\/wp-json\/wp\/v2\/comments?post=256"}],"version-history":[{"count":2,"href":"https:\/\/www.alptekinas.com\/tr\/wp-json\/wp\/v2\/pages\/256\/revisions"}],"predecessor-version":[{"id":258,"href":"https:\/\/www.alptekinas.com\/tr\/wp-json\/wp\/v2\/pages\/256\/revisions\/258"}],"wp:attachment":[{"href":"https:\/\/www.alptekinas.com\/tr\/wp-json\/wp\/v2\/media?parent=256"}],"curies":[{"name":"wp","href":"https:\/\/api.w.org\/{rel}","templated":true}]}}