{"id":259,"date":"2019-03-04T15:22:05","date_gmt":"2019-03-04T12:22:05","guid":{"rendered":"https:\/\/alptekinas.com\/tr\/?page_id=259"},"modified":"2019-03-04T15:22:06","modified_gmt":"2019-03-04T12:22:06","slug":"edirne-ipsala-koyuntepe-regulatoru","status":"publish","type":"page","link":"https:\/\/www.alptekinas.com\/tr\/edirne-ipsala-koyuntepe-regulatoru\/","title":{"rendered":"ED\u0130RNE \u0130PSALA KOYUNTEPE REG\u00dcLAT\u00d6R\u00dc"},"content":{"rendered":"<div id=\"pl-259\"  class=\"panel-layout\" ><div id=\"pg-259-0\"  class=\"panel-grid panel-no-style\" ><div id=\"pgc-259-0-0\"  class=\"panel-grid-cell\" ><div id=\"panel-259-0-0-0\" class=\"so-panel widget widget_sow-editor panel-first-child panel-last-child\" data-index=\"0\" ><div\n\t\t\t\n\t\t\tclass=\"so-widget-sow-editor so-widget-sow-editor-base\"\n\t\t\t\n\t\t>\n<div class=\"siteorigin-widget-tinymce textwidget\">\n\t<p><strong>ED\u0130RNE \u0130PSALA KOYUNTEPE REG\u00dcLAT\u00d6R\u00dc<\/strong><\/p>\n<ul>\n<li><strong>YER\u0130:<\/strong>Dsi XI. B\u00f6lge M\u00fcd\u00fcrl\u00fc\u011f\u00fc , Edirne \u0130li \u0130psala \u0130l\u00e7esi S\u0131n\u0131rlar\u0131\u00a0\u00a0\u00a0 \u0130\u00e7erisindedir.<\/li>\n<li><strong>\u0130DARE:<\/strong>DS\u0130 XI.\u00a0 B\u00f6lge M\u00fcd\u00fcrl\u00fc\u011f\u00fc - Edirne<\/li>\n<li><strong>PROJEN\u0130N AMACI:<\/strong>Sulama<\/li>\n<li><strong>S\u00d6ZLE\u015eME TAR\u0130H\u0130:<\/strong>08.2013<\/li>\n<li><strong>\u0130\u015e B\u0130T\u0130M TAR\u0130H\u0130:<\/strong>11.2014<\/li>\n<\/ul>\n<\/div>\n<\/div><\/div><\/div><\/div><div id=\"pg-259-1\"  class=\"panel-grid panel-no-style\" ><div id=\"pgc-259-1-0\"  class=\"panel-grid-cell\" ><div id=\"panel-259-1-0-0\" class=\"so-panel widget widget_sow-image panel-first-child panel-last-child\" data-index=\"1\" ><div\n\t\t\t\n\t\t\tclass=\"so-widget-sow-image so-widget-sow-image-default-8b5b6f678277-259\"\n\t\t\t\n\t\t>\n<div class=\"sow-image-container\">\n\t\t<img \n\tsrc=\"https:\/\/www.alptekinas.com\/tr\/wp-content\/uploads\/2019\/02\/19.jpg\" width=\"960\" height=\"720\" srcset=\"https:\/\/www.alptekinas.com\/tr\/wp-content\/uploads\/2019\/02\/19.jpg 960w, https:\/\/www.alptekinas.com\/tr\/wp-content\/uploads\/2019\/02\/19-300x225.jpg 300w, https:\/\/www.alptekinas.com\/tr\/wp-content\/uploads\/2019\/02\/19-768x576.jpg 768w\" sizes=\"(max-width: 960px) 100vw, 960px\" alt=\"\" loading=\"lazy\" \t\tclass=\"so-widget-image\"\/>\n\t<\/div>\n\n<\/div><\/div><\/div><div id=\"pgc-259-1-1\"  class=\"panel-grid-cell\" ><div id=\"panel-259-1-1-0\" class=\"so-panel widget widget_sow-image panel-first-child panel-last-child\" data-index=\"2\" ><div\n\t\t\t\n\t\t\tclass=\"so-widget-sow-image so-widget-sow-image-default-8b5b6f678277-259\"\n\t\t\t\n\t\t>\n<div class=\"sow-image-container\">\n\t\t<img \n\tsrc=\"https:\/\/www.alptekinas.com\/tr\/wp-content\/uploads\/2019\/02\/20.jpg\" width=\"800\" height=\"431\" srcset=\"https:\/\/www.alptekinas.com\/tr\/wp-content\/uploads\/2019\/02\/20.jpg 800w, https:\/\/www.alptekinas.com\/tr\/wp-content\/uploads\/2019\/02\/20-300x162.jpg 300w, https:\/\/www.alptekinas.com\/tr\/wp-content\/uploads\/2019\/02\/20-768x414.jpg 768w\" sizes=\"(max-width: 800px) 100vw, 800px\" alt=\"\" loading=\"lazy\" \t\tclass=\"so-widget-image\"\/>\n\t<\/div>\n\n<\/div><\/div><\/div><\/div><\/div>","protected":false},"excerpt":{"rendered":"<p>ED\u0130RNE \u0130PSALA KOYUNTEPE REG\u00dcLAT\u00d6R\u00dc YER\u0130:Dsi XI. B\u00f6lge M\u00fcd\u00fcrl\u00fc\u011f\u00fc , Edirne \u0130li \u0130psala \u0130l\u00e7esi S\u0131n\u0131rlar\u0131\u00a0\u00a0\u00a0 \u0130\u00e7erisindedir. \u0130DARE:DS\u0130 XI.\u00a0 B\u00f6lge M\u00fcd\u00fcrl\u00fc\u011f\u00fc &#8211; Edirne PROJEN\u0130N AMACI:Sulama S\u00d6ZLE\u015eME TAR\u0130H\u0130:08.2013 \u0130\u015e B\u0130T\u0130M TAR\u0130H\u0130:11.2014<\/p>\n","protected":false},"author":1,"featured_media":0,"parent":0,"menu_order":0,"comment_status":"closed","ping_status":"closed","template":"","meta":[],"_links":{"self":[{"href":"https:\/\/www.alptekinas.com\/tr\/wp-json\/wp\/v2\/pages\/259"}],"collection":[{"href":"https:\/\/www.alptekinas.com\/tr\/wp-json\/wp\/v2\/pages"}],"about":[{"href":"https:\/\/www.alptekinas.com\/tr\/wp-json\/wp\/v2\/types\/page"}],"author":[{"embeddable":true,"href":"https:\/\/www.alptekinas.com\/tr\/wp-json\/wp\/v2\/users\/1"}],"replies":[{"embeddable":true,"href":"https:\/\/www.alptekinas.com\/tr\/wp-json\/wp\/v2\/comments?post=259"}],"version-history":[{"count":2,"href":"https:\/\/www.alptekinas.com\/tr\/wp-json\/wp\/v2\/pages\/259\/revisions"}],"predecessor-version":[{"id":263,"href":"https:\/\/www.alptekinas.com\/tr\/wp-json\/wp\/v2\/pages\/259\/revisions\/263"}],"wp:attachment":[{"href":"https:\/\/www.alptekinas.com\/tr\/wp-json\/wp\/v2\/media?parent=259"}],"curies":[{"name":"wp","href":"https:\/\/api.w.org\/{rel}","templated":true}]}}