{"id":264,"date":"2019-03-04T15:25:18","date_gmt":"2019-03-04T12:25:18","guid":{"rendered":"https:\/\/alptekinas.com\/tr\/?page_id=264"},"modified":"2019-03-04T15:25:21","modified_gmt":"2019-03-04T12:25:21","slug":"edirne-enez-karaincirli-goleti","status":"publish","type":"page","link":"https:\/\/www.alptekinas.com\/tr\/edirne-enez-karaincirli-goleti\/","title":{"rendered":"ED\u0130RNE ENEZ KARA\u0130NC\u0130RL\u0130 G\u00d6LET\u0130"},"content":{"rendered":"<div id=\"pl-264\"  class=\"panel-layout\" ><div id=\"pg-264-0\"  class=\"panel-grid panel-no-style\" ><div id=\"pgc-264-0-0\"  class=\"panel-grid-cell\" ><div id=\"panel-264-0-0-0\" class=\"so-panel widget widget_sow-editor panel-first-child panel-last-child\" data-index=\"0\" ><div\n\t\t\t\n\t\t\tclass=\"so-widget-sow-editor so-widget-sow-editor-base\"\n\t\t\t\n\t\t>\n<div class=\"siteorigin-widget-tinymce textwidget\">\n\t<p><strong>ED\u0130RNE ENEZ KARA\u0130NC\u0130RL\u0130 G\u00d6LET\u0130<\/strong><\/p>\n<ul>\n<li><strong>YER\u0130:<\/strong>Dsi XI. B\u00f6lge M\u00fcd\u00fcrl\u00fc\u011f\u00fc , Edirne \u0130li Enez \u0130l\u00e7esi S\u0131n\u0131rlar\u0131\u00a0\u00a0\u00a0 \u0130\u00e7erisindedir.<\/li>\n<li><strong>\u0130DARE:<\/strong>DS\u0130 XI.\u00a0 B\u00f6lge M\u00fcd\u00fcrl\u00fc\u011f\u00fc - Edirne<\/li>\n<li><strong>PROJEN\u0130N AMACI:\u00a0<\/strong>Sulama<\/li>\n<li><strong>S\u00d6ZLE\u015eME TAR\u0130H\u0130:<\/strong>04.2009<\/li>\n<li><strong>\u0130\u015e B\u0130T\u0130M TAR\u0130H\u0130:<\/strong>10.2010<\/li>\n<\/ul>\n<\/div>\n<\/div><\/div><\/div><\/div><div id=\"pg-264-1\"  class=\"panel-grid panel-no-style\" ><div id=\"pgc-264-1-0\"  class=\"panel-grid-cell\" ><div id=\"panel-264-1-0-0\" class=\"so-panel widget widget_sow-image panel-first-child panel-last-child\" data-index=\"1\" ><div\n\t\t\t\n\t\t\tclass=\"so-widget-sow-image so-widget-sow-image-default-8b5b6f678277-264\"\n\t\t\t\n\t\t>\n<div class=\"sow-image-container\">\n\t\t<img \n\tsrc=\"https:\/\/www.alptekinas.com\/tr\/wp-content\/uploads\/2019\/02\/21.jpg\" width=\"480\" height=\"309\" srcset=\"https:\/\/www.alptekinas.com\/tr\/wp-content\/uploads\/2019\/02\/21.jpg 480w, https:\/\/www.alptekinas.com\/tr\/wp-content\/uploads\/2019\/02\/21-300x193.jpg 300w\" sizes=\"(max-width: 480px) 100vw, 480px\" alt=\"\" loading=\"lazy\" \t\tclass=\"so-widget-image\"\/>\n\t<\/div>\n\n<\/div><\/div><\/div><div id=\"pgc-264-1-1\"  class=\"panel-grid-cell\" ><div id=\"panel-264-1-1-0\" class=\"so-panel widget widget_sow-image panel-first-child panel-last-child\" data-index=\"2\" ><div\n\t\t\t\n\t\t\tclass=\"so-widget-sow-image so-widget-sow-image-default-8b5b6f678277-264\"\n\t\t\t\n\t\t>\n<div class=\"sow-image-container\">\n\t\t<img \n\tsrc=\"https:\/\/www.alptekinas.com\/tr\/wp-content\/uploads\/2019\/02\/22.jpg\" width=\"480\" height=\"305\" srcset=\"https:\/\/www.alptekinas.com\/tr\/wp-content\/uploads\/2019\/02\/22.jpg 480w, https:\/\/www.alptekinas.com\/tr\/wp-content\/uploads\/2019\/02\/22-300x191.jpg 300w\" sizes=\"(max-width: 480px) 100vw, 480px\" alt=\"\" loading=\"lazy\" \t\tclass=\"so-widget-image\"\/>\n\t<\/div>\n\n<\/div><\/div><\/div><\/div><\/div>","protected":false},"excerpt":{"rendered":"<p>ED\u0130RNE ENEZ KARA\u0130NC\u0130RL\u0130 G\u00d6LET\u0130 YER\u0130:Dsi XI. B\u00f6lge M\u00fcd\u00fcrl\u00fc\u011f\u00fc , Edirne \u0130li Enez \u0130l\u00e7esi S\u0131n\u0131rlar\u0131\u00a0\u00a0\u00a0 \u0130\u00e7erisindedir. \u0130DARE:DS\u0130 XI.\u00a0 B\u00f6lge M\u00fcd\u00fcrl\u00fc\u011f\u00fc &#8211; Edirne PROJEN\u0130N AMACI:\u00a0Sulama S\u00d6ZLE\u015eME TAR\u0130H\u0130:04.2009 \u0130\u015e B\u0130T\u0130M TAR\u0130H\u0130:10.2010<\/p>\n","protected":false},"author":1,"featured_media":0,"parent":0,"menu_order":0,"comment_status":"closed","ping_status":"closed","template":"","meta":[],"_links":{"self":[{"href":"https:\/\/www.alptekinas.com\/tr\/wp-json\/wp\/v2\/pages\/264"}],"collection":[{"href":"https:\/\/www.alptekinas.com\/tr\/wp-json\/wp\/v2\/pages"}],"about":[{"href":"https:\/\/www.alptekinas.com\/tr\/wp-json\/wp\/v2\/types\/page"}],"author":[{"embeddable":true,"href":"https:\/\/www.alptekinas.com\/tr\/wp-json\/wp\/v2\/users\/1"}],"replies":[{"embeddable":true,"href":"https:\/\/www.alptekinas.com\/tr\/wp-json\/wp\/v2\/comments?post=264"}],"version-history":[{"count":2,"href":"https:\/\/www.alptekinas.com\/tr\/wp-json\/wp\/v2\/pages\/264\/revisions"}],"predecessor-version":[{"id":266,"href":"https:\/\/www.alptekinas.com\/tr\/wp-json\/wp\/v2\/pages\/264\/revisions\/266"}],"wp:attachment":[{"href":"https:\/\/www.alptekinas.com\/tr\/wp-json\/wp\/v2\/media?parent=264"}],"curies":[{"name":"wp","href":"https:\/\/api.w.org\/{rel}","templated":true}]}}