{"id":267,"date":"2019-03-04T15:29:32","date_gmt":"2019-03-04T12:29:32","guid":{"rendered":"https:\/\/alptekinas.com\/tr\/?page_id=267"},"modified":"2019-03-04T15:29:32","modified_gmt":"2019-03-04T12:29:32","slug":"kavakdere-baraji-sulamasi-insaati","status":"publish","type":"page","link":"https:\/\/www.alptekinas.com\/tr\/kavakdere-baraji-sulamasi-insaati\/","title":{"rendered":"KAVAKDERE BARAJI SULAMASI \u0130N\u015eAATI"},"content":{"rendered":"<div id=\"pl-267\"  class=\"panel-layout\" ><div id=\"pg-267-0\"  class=\"panel-grid panel-no-style\" ><div id=\"pgc-267-0-0\"  class=\"panel-grid-cell\" ><div id=\"panel-267-0-0-0\" class=\"so-panel widget widget_sow-editor panel-first-child panel-last-child\" data-index=\"0\" ><div\n\t\t\t\n\t\t\tclass=\"so-widget-sow-editor so-widget-sow-editor-base\"\n\t\t\t\n\t\t>\n<div class=\"siteorigin-widget-tinymce textwidget\">\n\t<p><strong>KAVAKDERE BARAJI SULAMASI \u0130N\u015eAATI<\/strong><\/p>\n<ul>\n<li><strong>YER\u0130:<\/strong>Dsi II. B\u00f6lge M\u00fcd\u00fcrl\u00fc\u011f\u00fc , \u0130zmir \u0130li Seferihisar \u0130l\u00e7esi S\u0131n\u0131rlar\u0131\u00a0\u00a0\u00a0 \u0130\u00e7erisindedir.<\/li>\n<li><strong>\u0130DARE:<\/strong>DS\u0130 II.\u00a0 B\u00f6lge M\u00fcd\u00fcrl\u00fc\u011f\u00fc - \u0130zmir<\/li>\n<li><strong>PROJEN\u0130N AMACI:<\/strong>Sulama<\/li>\n<li><strong>S\u00d6ZLE\u015eME TAR\u0130H\u0130:<\/strong>12.2004<\/li>\n<li><strong>\u0130\u015e B\u0130T\u0130M TAR\u0130H\u0130:<\/strong>11.2007<\/li>\n<\/ul>\n<\/div>\n<\/div><\/div><\/div><\/div><div id=\"pg-267-1\"  class=\"panel-grid panel-no-style\" ><div id=\"pgc-267-1-0\"  class=\"panel-grid-cell\" ><div id=\"panel-267-1-0-0\" class=\"so-panel widget widget_sow-image panel-first-child panel-last-child\" data-index=\"1\" ><div\n\t\t\t\n\t\t\tclass=\"so-widget-sow-image so-widget-sow-image-default-8b5b6f678277-267\"\n\t\t\t\n\t\t>\n<div class=\"sow-image-container\">\n\t\t<img \n\tsrc=\"https:\/\/www.alptekinas.com\/tr\/wp-content\/uploads\/2019\/02\/25.jpg\" width=\"1024\" height=\"768\" srcset=\"https:\/\/www.alptekinas.com\/tr\/wp-content\/uploads\/2019\/02\/25.jpg 1024w, https:\/\/www.alptekinas.com\/tr\/wp-content\/uploads\/2019\/02\/25-300x225.jpg 300w, https:\/\/www.alptekinas.com\/tr\/wp-content\/uploads\/2019\/02\/25-768x576.jpg 768w\" sizes=\"(max-width: 1024px) 100vw, 1024px\" alt=\"\" loading=\"lazy\" \t\tclass=\"so-widget-image\"\/>\n\t<\/div>\n\n<\/div><\/div><\/div><div id=\"pgc-267-1-1\"  class=\"panel-grid-cell\" ><div id=\"panel-267-1-1-0\" class=\"so-panel widget widget_sow-image panel-first-child panel-last-child\" data-index=\"2\" ><div\n\t\t\t\n\t\t\tclass=\"so-widget-sow-image so-widget-sow-image-default-8b5b6f678277-267\"\n\t\t\t\n\t\t>\n<div class=\"sow-image-container\">\n\t\t<img \n\tsrc=\"https:\/\/www.alptekinas.com\/tr\/wp-content\/uploads\/2019\/02\/26-e1550148362484.jpg\" width=\"708\" height=\"531\" sizes=\"(max-width: 708px) 100vw, 708px\" title=\"26\" alt=\"\" loading=\"lazy\" \t\tclass=\"so-widget-image\"\/>\n\t<\/div>\n\n<\/div><\/div><\/div><\/div><\/div>","protected":false},"excerpt":{"rendered":"<p>KAVAKDERE BARAJI SULAMASI \u0130N\u015eAATI YER\u0130:Dsi II. B\u00f6lge M\u00fcd\u00fcrl\u00fc\u011f\u00fc , \u0130zmir \u0130li Seferihisar \u0130l\u00e7esi S\u0131n\u0131rlar\u0131\u00a0\u00a0\u00a0 \u0130\u00e7erisindedir. \u0130DARE:DS\u0130 II.\u00a0 B\u00f6lge M\u00fcd\u00fcrl\u00fc\u011f\u00fc &#8211; \u0130zmir PROJEN\u0130N AMACI:Sulama S\u00d6ZLE\u015eME TAR\u0130H\u0130:12.2004 \u0130\u015e B\u0130T\u0130M TAR\u0130H\u0130:11.2007<\/p>\n","protected":false},"author":1,"featured_media":0,"parent":0,"menu_order":0,"comment_status":"closed","ping_status":"closed","template":"","meta":[],"_links":{"self":[{"href":"https:\/\/www.alptekinas.com\/tr\/wp-json\/wp\/v2\/pages\/267"}],"collection":[{"href":"https:\/\/www.alptekinas.com\/tr\/wp-json\/wp\/v2\/pages"}],"about":[{"href":"https:\/\/www.alptekinas.com\/tr\/wp-json\/wp\/v2\/types\/page"}],"author":[{"embeddable":true,"href":"https:\/\/www.alptekinas.com\/tr\/wp-json\/wp\/v2\/users\/1"}],"replies":[{"embeddable":true,"href":"https:\/\/www.alptekinas.com\/tr\/wp-json\/wp\/v2\/comments?post=267"}],"version-history":[{"count":2,"href":"https:\/\/www.alptekinas.com\/tr\/wp-json\/wp\/v2\/pages\/267\/revisions"}],"predecessor-version":[{"id":269,"href":"https:\/\/www.alptekinas.com\/tr\/wp-json\/wp\/v2\/pages\/267\/revisions\/269"}],"wp:attachment":[{"href":"https:\/\/www.alptekinas.com\/tr\/wp-json\/wp\/v2\/media?parent=267"}],"curies":[{"name":"wp","href":"https:\/\/api.w.org\/{rel}","templated":true}]}}