{"id":270,"date":"2019-03-04T15:32:28","date_gmt":"2019-03-04T12:32:28","guid":{"rendered":"https:\/\/alptekinas.com\/tr\/?page_id=270"},"modified":"2019-03-04T15:32:28","modified_gmt":"2019-03-04T12:32:28","slug":"biga-ayitdere-kemerovasi-sulamasi-insaati","status":"publish","type":"page","link":"https:\/\/www.alptekinas.com\/tr\/biga-ayitdere-kemerovasi-sulamasi-insaati\/","title":{"rendered":"B\u0130GA AYITDERE KEMEROVASI SULAMASI \u0130N\u015eAATI"},"content":{"rendered":"<div id=\"pl-270\"  class=\"panel-layout\" ><div id=\"pg-270-0\"  class=\"panel-grid panel-no-style\" ><div id=\"pgc-270-0-0\"  class=\"panel-grid-cell\" ><div id=\"panel-270-0-0-0\" class=\"so-panel widget widget_sow-editor panel-first-child panel-last-child\" data-index=\"0\" ><div\n\t\t\t\n\t\t\tclass=\"so-widget-sow-editor so-widget-sow-editor-base\"\n\t\t\t\n\t\t>\n<div class=\"siteorigin-widget-tinymce textwidget\">\n\t<p><strong>B\u0130GA AYITDERE KEMEROVASI SULAMASI \u0130N\u015eAATI<\/strong><\/p>\n<ul>\n<li><strong>YER\u0130:<\/strong>Dsi XXV. B\u00f6lge M\u00fcd\u00fcrl\u00fc\u011f\u00fc , \u00c7anakkale \u00a0\u0130li Biga \u0130l\u00e7esi S\u0131n\u0131rlar\u0131\u00a0\u00a0\u00a0 \u0130\u00e7erisindedir.<\/li>\n<li><strong>\u0130DARE:<\/strong>DS\u0130 XXV.\u00a0 B\u00f6lge M\u00fcd\u00fcrl\u00fc\u011f\u00fc \u2013 Bal\u0131kesir<\/li>\n<li><strong>PROJEN\u0130N AMACI:<\/strong>Sulama<\/li>\n<li><strong>S\u00d6ZLE\u015eME TAR\u0130H\u0130:<\/strong>12.2011<\/li>\n<li><strong>\u0130\u015e B\u0130T\u0130M TAR\u0130H\u0130:<\/strong>09.2014<\/li>\n<\/ul>\n<\/div>\n<\/div><\/div><\/div><\/div><div id=\"pg-270-1\"  class=\"panel-grid panel-no-style\" ><div id=\"pgc-270-1-0\"  class=\"panel-grid-cell\" ><div id=\"panel-270-1-0-0\" class=\"so-panel widget widget_sow-image panel-first-child panel-last-child\" data-index=\"1\" ><div\n\t\t\t\n\t\t\tclass=\"so-widget-sow-image so-widget-sow-image-default-8b5b6f678277-270\"\n\t\t\t\n\t\t>\n<div class=\"sow-image-container\">\n\t\t<img \n\tsrc=\"https:\/\/www.alptekinas.com\/tr\/wp-content\/uploads\/2019\/02\/27.jpg\" width=\"600\" height=\"400\" srcset=\"https:\/\/www.alptekinas.com\/tr\/wp-content\/uploads\/2019\/02\/27.jpg 600w, https:\/\/www.alptekinas.com\/tr\/wp-content\/uploads\/2019\/02\/27-300x200.jpg 300w, https:\/\/www.alptekinas.com\/tr\/wp-content\/uploads\/2019\/02\/27-272x182.jpg 272w\" sizes=\"(max-width: 600px) 100vw, 600px\" alt=\"\" loading=\"lazy\" \t\tclass=\"so-widget-image\"\/>\n\t<\/div>\n\n<\/div><\/div><\/div><div id=\"pgc-270-1-1\"  class=\"panel-grid-cell\" ><div id=\"panel-270-1-1-0\" class=\"so-panel widget widget_sow-image panel-first-child panel-last-child\" data-index=\"2\" ><div\n\t\t\t\n\t\t\tclass=\"so-widget-sow-image so-widget-sow-image-default-8b5b6f678277-270\"\n\t\t\t\n\t\t>\n<div class=\"sow-image-container\">\n\t\t<img \n\tsrc=\"https:\/\/www.alptekinas.com\/tr\/wp-content\/uploads\/2019\/02\/28.jpg\" width=\"1024\" height=\"768\" srcset=\"https:\/\/www.alptekinas.com\/tr\/wp-content\/uploads\/2019\/02\/28.jpg 1024w, https:\/\/www.alptekinas.com\/tr\/wp-content\/uploads\/2019\/02\/28-300x225.jpg 300w, https:\/\/www.alptekinas.com\/tr\/wp-content\/uploads\/2019\/02\/28-768x576.jpg 768w\" sizes=\"(max-width: 1024px) 100vw, 1024px\" alt=\"\" loading=\"lazy\" \t\tclass=\"so-widget-image\"\/>\n\t<\/div>\n\n<\/div><\/div><\/div><\/div><\/div>","protected":false},"excerpt":{"rendered":"<p>B\u0130GA AYITDERE KEMEROVASI SULAMASI \u0130N\u015eAATI YER\u0130:Dsi XXV. B\u00f6lge M\u00fcd\u00fcrl\u00fc\u011f\u00fc , \u00c7anakkale \u00a0\u0130li Biga \u0130l\u00e7esi S\u0131n\u0131rlar\u0131\u00a0\u00a0\u00a0 \u0130\u00e7erisindedir. \u0130DARE:DS\u0130 XXV.\u00a0 B\u00f6lge M\u00fcd\u00fcrl\u00fc\u011f\u00fc \u2013 Bal\u0131kesir PROJEN\u0130N AMACI:Sulama S\u00d6ZLE\u015eME TAR\u0130H\u0130:12.2011 \u0130\u015e B\u0130T\u0130M TAR\u0130H\u0130:09.2014<\/p>\n","protected":false},"author":1,"featured_media":0,"parent":0,"menu_order":0,"comment_status":"closed","ping_status":"closed","template":"","meta":[],"_links":{"self":[{"href":"https:\/\/www.alptekinas.com\/tr\/wp-json\/wp\/v2\/pages\/270"}],"collection":[{"href":"https:\/\/www.alptekinas.com\/tr\/wp-json\/wp\/v2\/pages"}],"about":[{"href":"https:\/\/www.alptekinas.com\/tr\/wp-json\/wp\/v2\/types\/page"}],"author":[{"embeddable":true,"href":"https:\/\/www.alptekinas.com\/tr\/wp-json\/wp\/v2\/users\/1"}],"replies":[{"embeddable":true,"href":"https:\/\/www.alptekinas.com\/tr\/wp-json\/wp\/v2\/comments?post=270"}],"version-history":[{"count":2,"href":"https:\/\/www.alptekinas.com\/tr\/wp-json\/wp\/v2\/pages\/270\/revisions"}],"predecessor-version":[{"id":272,"href":"https:\/\/www.alptekinas.com\/tr\/wp-json\/wp\/v2\/pages\/270\/revisions\/272"}],"wp:attachment":[{"href":"https:\/\/www.alptekinas.com\/tr\/wp-json\/wp\/v2\/media?parent=270"}],"curies":[{"name":"wp","href":"https:\/\/api.w.org\/{rel}","templated":true}]}}