{"id":273,"date":"2019-03-04T15:34:32","date_gmt":"2019-03-04T12:34:32","guid":{"rendered":"https:\/\/alptekinas.com\/tr\/?page_id=273"},"modified":"2019-03-04T15:34:34","modified_gmt":"2019-03-04T12:34:34","slug":"kizilcapinar-sulamasi-ve-ana-isale-hatti-insaati","status":"publish","type":"page","link":"https:\/\/www.alptekinas.com\/tr\/kizilcapinar-sulamasi-ve-ana-isale-hatti-insaati\/","title":{"rendered":"KIZILCAPINAR SULAMASI VE ANA \u0130SALE HATTI \u0130N\u015eAATI"},"content":{"rendered":"<div id=\"pl-273\"  class=\"panel-layout\" ><div id=\"pg-273-0\"  class=\"panel-grid panel-no-style\" ><div id=\"pgc-273-0-0\"  class=\"panel-grid-cell\" ><div id=\"panel-273-0-0-0\" class=\"so-panel widget widget_sow-editor panel-first-child panel-last-child\" data-index=\"0\" ><div\n\t\t\t\n\t\t\tclass=\"so-widget-sow-editor so-widget-sow-editor-base\"\n\t\t\t\n\t\t>\n<div class=\"siteorigin-widget-tinymce textwidget\">\n\t<p><strong>KIZILCAPINAR SULAMASI VE ANA \u0130SALE HATTI \u0130N\u015eAATI<\/strong><\/p>\n<ul>\n<li><strong>YER\u0130:<\/strong>Dsi XXIII. B\u00f6lge M\u00fcd\u00fcrl\u00fc\u011f\u00fc , Zonguldak \u00a0\u0130li K\u0131z\u0131lcap\u0131nar \u0130l\u00e7esi S\u0131n\u0131rlar\u0131\u00a0\u00a0\u00a0 \u0130\u00e7erisindedir.<\/li>\n<li><strong>\u0130DARE:<\/strong>DS\u0130 XXIII.\u00a0 B\u00f6lge M\u00fcd\u00fcrl\u00fc\u011f\u00fc \u2013Kastamonu<\/li>\n<li><strong>PROJEN\u0130N AMACI:<\/strong>Sulama<\/li>\n<li><strong>S\u00d6ZLE\u015eME TAR\u0130H\u0130:<\/strong>10.2002<\/li>\n<li><strong>\u0130\u015e B\u0130T\u0130M TAR\u0130H\u0130:<\/strong>12.2006<\/li>\n<\/ul>\n<\/div>\n<\/div><\/div><\/div><\/div><div id=\"pg-273-1\"  class=\"panel-grid panel-no-style\" ><div id=\"pgc-273-1-0\"  class=\"panel-grid-cell\" ><div id=\"panel-273-1-0-0\" class=\"so-panel widget widget_sow-image panel-first-child panel-last-child\" data-index=\"1\" ><div\n\t\t\t\n\t\t\tclass=\"so-widget-sow-image so-widget-sow-image-default-8b5b6f678277-273\"\n\t\t\t\n\t\t>\n<div class=\"sow-image-container\">\n\t\t<img \n\tsrc=\"https:\/\/www.alptekinas.com\/tr\/wp-content\/uploads\/2019\/02\/29.jpg\" width=\"350\" height=\"263\" srcset=\"https:\/\/www.alptekinas.com\/tr\/wp-content\/uploads\/2019\/02\/29.jpg 350w, https:\/\/www.alptekinas.com\/tr\/wp-content\/uploads\/2019\/02\/29-300x225.jpg 300w\" sizes=\"(max-width: 350px) 100vw, 350px\" alt=\"\" loading=\"lazy\" \t\tclass=\"so-widget-image\"\/>\n\t<\/div>\n\n<\/div><\/div><\/div><div id=\"pgc-273-1-1\"  class=\"panel-grid-cell\" ><div id=\"panel-273-1-1-0\" class=\"so-panel widget widget_sow-image panel-first-child panel-last-child\" data-index=\"2\" ><div\n\t\t\t\n\t\t\tclass=\"so-widget-sow-image so-widget-sow-image-default-8b5b6f678277-273\"\n\t\t\t\n\t\t>\n<div class=\"sow-image-container\">\n\t\t<img \n\tsrc=\"https:\/\/www.alptekinas.com\/tr\/wp-content\/uploads\/2019\/02\/30.jpg\" width=\"259\" height=\"194\" sizes=\"(max-width: 259px) 100vw, 259px\" alt=\"\" loading=\"lazy\" \t\tclass=\"so-widget-image\"\/>\n\t<\/div>\n\n<\/div><\/div><\/div><\/div><\/div>","protected":false},"excerpt":{"rendered":"<p>KIZILCAPINAR SULAMASI VE ANA \u0130SALE HATTI \u0130N\u015eAATI YER\u0130:Dsi XXIII. B\u00f6lge M\u00fcd\u00fcrl\u00fc\u011f\u00fc , Zonguldak \u00a0\u0130li K\u0131z\u0131lcap\u0131nar \u0130l\u00e7esi S\u0131n\u0131rlar\u0131\u00a0\u00a0\u00a0 \u0130\u00e7erisindedir. \u0130DARE:DS\u0130 XXIII.\u00a0 B\u00f6lge M\u00fcd\u00fcrl\u00fc\u011f\u00fc \u2013Kastamonu PROJEN\u0130N AMACI:Sulama S\u00d6ZLE\u015eME TAR\u0130H\u0130:10.2002 \u0130\u015e B\u0130T\u0130M TAR\u0130H\u0130:12.2006<\/p>\n","protected":false},"author":1,"featured_media":0,"parent":0,"menu_order":0,"comment_status":"closed","ping_status":"closed","template":"","meta":[],"_links":{"self":[{"href":"https:\/\/www.alptekinas.com\/tr\/wp-json\/wp\/v2\/pages\/273"}],"collection":[{"href":"https:\/\/www.alptekinas.com\/tr\/wp-json\/wp\/v2\/pages"}],"about":[{"href":"https:\/\/www.alptekinas.com\/tr\/wp-json\/wp\/v2\/types\/page"}],"author":[{"embeddable":true,"href":"https:\/\/www.alptekinas.com\/tr\/wp-json\/wp\/v2\/users\/1"}],"replies":[{"embeddable":true,"href":"https:\/\/www.alptekinas.com\/tr\/wp-json\/wp\/v2\/comments?post=273"}],"version-history":[{"count":2,"href":"https:\/\/www.alptekinas.com\/tr\/wp-json\/wp\/v2\/pages\/273\/revisions"}],"predecessor-version":[{"id":275,"href":"https:\/\/www.alptekinas.com\/tr\/wp-json\/wp\/v2\/pages\/273\/revisions\/275"}],"wp:attachment":[{"href":"https:\/\/www.alptekinas.com\/tr\/wp-json\/wp\/v2\/media?parent=273"}],"curies":[{"name":"wp","href":"https:\/\/api.w.org\/{rel}","templated":true}]}}