{"id":276,"date":"2019-03-04T15:38:40","date_gmt":"2019-03-04T12:38:40","guid":{"rendered":"https:\/\/alptekinas.com\/tr\/?page_id=276"},"modified":"2019-03-04T15:38:41","modified_gmt":"2019-03-04T12:38:41","slug":"meric-nehri-sedde-ve-drenaj-kanallari-insaati","status":"publish","type":"page","link":"https:\/\/www.alptekinas.com\/tr\/meric-nehri-sedde-ve-drenaj-kanallari-insaati\/","title":{"rendered":"MER\u0130\u00c7 NEHR\u0130 SEDDE VE DRENAJ KANALLARI \u0130N\u015eAATI"},"content":{"rendered":"<div id=\"pl-276\"  class=\"panel-layout\" ><div id=\"pg-276-0\"  class=\"panel-grid panel-no-style\" ><div id=\"pgc-276-0-0\"  class=\"panel-grid-cell\" ><div id=\"panel-276-0-0-0\" class=\"so-panel widget widget_sow-editor panel-first-child panel-last-child\" data-index=\"0\" ><div\n\t\t\t\n\t\t\tclass=\"so-widget-sow-editor so-widget-sow-editor-base\"\n\t\t\t\n\t\t>\n<div class=\"siteorigin-widget-tinymce textwidget\">\n\t<p><strong>MER\u0130\u00c7 NEHR\u0130 SEDDE VE DRENAJ KANALLARI \u0130N\u015eAATI<\/strong><\/p>\n<ul>\n<li><strong>YER\u0130:<\/strong>Dsi XI. B\u00f6lge M\u00fcd\u00fcrl\u00fc\u011f\u00fc , Edirne \u00a0\u0130li S\u0131n\u0131rlar\u0131\u00a0\u00a0\u00a0 \u0130\u00e7erisindedir.<\/li>\n<li><strong>\u0130DARE:<\/strong>DS\u0130 XI.\u00a0 B\u00f6lge M\u00fcd\u00fcrl\u00fc\u011f\u00fc \u2013ED\u0130RNE<\/li>\n<li><strong>PROJEN\u0130N AMACI:<\/strong>Meri\u00e7 Ta\u015fk\u0131nlar\u0131n\u0131 \u00d6nleme<\/li>\n<li><strong>S\u00d6ZLE\u015eME TAR\u0130H\u0130:<\/strong>12.1998<\/li>\n<li><strong>\u0130\u015e B\u0130T\u0130M TAR\u0130H\u0130:<\/strong>05.2007<\/li>\n<\/ul>\n<\/div>\n<\/div><\/div><\/div><\/div><div id=\"pg-276-1\"  class=\"panel-grid panel-no-style\" ><div id=\"pgc-276-1-0\"  class=\"panel-grid-cell\" ><div id=\"panel-276-1-0-0\" class=\"so-panel widget widget_sow-image panel-first-child panel-last-child\" data-index=\"1\" ><div\n\t\t\t\n\t\t\tclass=\"so-widget-sow-image so-widget-sow-image-default-8b5b6f678277-276\"\n\t\t\t\n\t\t>\n<div class=\"sow-image-container\">\n\t\t<img \n\tsrc=\"https:\/\/www.alptekinas.com\/tr\/wp-content\/uploads\/2019\/03\/MRC.jpg\" width=\"3840\" height=\"2160\" srcset=\"https:\/\/www.alptekinas.com\/tr\/wp-content\/uploads\/2019\/03\/MRC.jpg 3840w, https:\/\/www.alptekinas.com\/tr\/wp-content\/uploads\/2019\/03\/MRC-300x169.jpg 300w, https:\/\/www.alptekinas.com\/tr\/wp-content\/uploads\/2019\/03\/MRC-768x432.jpg 768w, https:\/\/www.alptekinas.com\/tr\/wp-content\/uploads\/2019\/03\/MRC-1024x576.jpg 1024w\" sizes=\"(max-width: 3840px) 100vw, 3840px\" alt=\"\" loading=\"lazy\" \t\tclass=\"so-widget-image\"\/>\n\t<\/div>\n\n<\/div><\/div><\/div><div id=\"pgc-276-1-1\"  class=\"panel-grid-cell\" ><div id=\"panel-276-1-1-0\" class=\"so-panel widget widget_sow-image panel-first-child panel-last-child\" data-index=\"2\" ><div\n\t\t\t\n\t\t\tclass=\"so-widget-sow-image so-widget-sow-image-default-8b5b6f678277-276\"\n\t\t\t\n\t\t>\n<div class=\"sow-image-container\">\n\t\t<img \n\tsrc=\"https:\/\/www.alptekinas.com\/tr\/wp-content\/uploads\/2019\/03\/MRC2.jpg\" width=\"660\" height=\"441\" srcset=\"https:\/\/www.alptekinas.com\/tr\/wp-content\/uploads\/2019\/03\/MRC2.jpg 660w, https:\/\/www.alptekinas.com\/tr\/wp-content\/uploads\/2019\/03\/MRC2-300x200.jpg 300w, https:\/\/www.alptekinas.com\/tr\/wp-content\/uploads\/2019\/03\/MRC2-272x182.jpg 272w\" sizes=\"(max-width: 660px) 100vw, 660px\" alt=\"\" loading=\"lazy\" \t\tclass=\"so-widget-image\"\/>\n\t<\/div>\n\n<\/div><\/div><\/div><\/div><\/div>","protected":false},"excerpt":{"rendered":"<p>MER\u0130\u00c7 NEHR\u0130 SEDDE VE DRENAJ KANALLARI \u0130N\u015eAATI YER\u0130:Dsi XI. B\u00f6lge M\u00fcd\u00fcrl\u00fc\u011f\u00fc , Edirne \u00a0\u0130li S\u0131n\u0131rlar\u0131\u00a0\u00a0\u00a0 \u0130\u00e7erisindedir. \u0130DARE:DS\u0130 XI.\u00a0 B\u00f6lge M\u00fcd\u00fcrl\u00fc\u011f\u00fc \u2013ED\u0130RNE PROJEN\u0130N AMACI:Meri\u00e7 Ta\u015fk\u0131nlar\u0131n\u0131 \u00d6nleme S\u00d6ZLE\u015eME TAR\u0130H\u0130:12.1998 \u0130\u015e B\u0130T\u0130M TAR\u0130H\u0130:05.2007<\/p>\n","protected":false},"author":1,"featured_media":0,"parent":0,"menu_order":0,"comment_status":"closed","ping_status":"closed","template":"","meta":[],"_links":{"self":[{"href":"https:\/\/www.alptekinas.com\/tr\/wp-json\/wp\/v2\/pages\/276"}],"collection":[{"href":"https:\/\/www.alptekinas.com\/tr\/wp-json\/wp\/v2\/pages"}],"about":[{"href":"https:\/\/www.alptekinas.com\/tr\/wp-json\/wp\/v2\/types\/page"}],"author":[{"embeddable":true,"href":"https:\/\/www.alptekinas.com\/tr\/wp-json\/wp\/v2\/users\/1"}],"replies":[{"embeddable":true,"href":"https:\/\/www.alptekinas.com\/tr\/wp-json\/wp\/v2\/comments?post=276"}],"version-history":[{"count":2,"href":"https:\/\/www.alptekinas.com\/tr\/wp-json\/wp\/v2\/pages\/276\/revisions"}],"predecessor-version":[{"id":280,"href":"https:\/\/www.alptekinas.com\/tr\/wp-json\/wp\/v2\/pages\/276\/revisions\/280"}],"wp:attachment":[{"href":"https:\/\/www.alptekinas.com\/tr\/wp-json\/wp\/v2\/media?parent=276"}],"curies":[{"name":"wp","href":"https:\/\/api.w.org\/{rel}","templated":true}]}}