{"id":281,"date":"2019-03-04T15:41:18","date_gmt":"2019-03-04T12:41:18","guid":{"rendered":"https:\/\/alptekinas.com\/tr\/?page_id=281"},"modified":"2019-03-04T15:41:20","modified_gmt":"2019-03-04T12:41:20","slug":"ankara-cubuk-hayvancilik-ihtisas-o-s-b-insaati","status":"publish","type":"page","link":"https:\/\/www.alptekinas.com\/tr\/ankara-cubuk-hayvancilik-ihtisas-o-s-b-insaati\/","title":{"rendered":"ANKARA \u00c7UBUK HAYVANCILIK \u0130HT\u0130SAS O.S.B. \u0130N\u015eAATI"},"content":{"rendered":"<div id=\"pl-281\"  class=\"panel-layout\" ><div id=\"pg-281-0\"  class=\"panel-grid panel-no-style\" ><div id=\"pgc-281-0-0\"  class=\"panel-grid-cell\" ><div id=\"panel-281-0-0-0\" class=\"so-panel widget widget_sow-editor panel-first-child panel-last-child\" data-index=\"0\" ><div\n\t\t\t\n\t\t\tclass=\"so-widget-sow-editor so-widget-sow-editor-base\"\n\t\t\t\n\t\t>\n<div class=\"siteorigin-widget-tinymce textwidget\">\n\t<p><strong>ANKARA \u00c7UBUK HAYVANCILIK \u0130HT\u0130SAS O.S.B. \u0130N\u015eAATI<\/strong><\/p>\n<ul>\n<li><strong>YER\u0130:<\/strong>Ankara ili \u00c7ubuk \u0130l\u00e7esi s\u0131n\u0131rlar\u0131 \u0130\u00e7erisindedir.<\/li>\n<li><strong>\u0130DARE:<\/strong>C. SANAY\u0130 VE T\u0130CARET BAKANLI\u011eI - ANKARA<\/li>\n<li><strong>S\u00d6ZLE\u015eME TAR\u0130H\u0130:<\/strong>09.2010<\/li>\n<li><strong>\u0130\u015e B\u0130T\u0130M TAR\u0130H\u0130:<\/strong>05.2015<\/li>\n<\/ul>\n<\/div>\n<\/div><\/div><\/div><\/div><div id=\"pg-281-1\"  class=\"panel-grid panel-no-style\" ><div id=\"pgc-281-1-0\"  class=\"panel-grid-cell\" ><div id=\"panel-281-1-0-0\" class=\"so-panel widget widget_sow-image panel-first-child panel-last-child\" data-index=\"1\" ><div\n\t\t\t\n\t\t\tclass=\"so-widget-sow-image so-widget-sow-image-default-8b5b6f678277-281\"\n\t\t\t\n\t\t>\n<div class=\"sow-image-container\">\n\t\t<img \n\tsrc=\"https:\/\/www.alptekinas.com\/tr\/wp-content\/uploads\/2019\/02\/39.jpg\" width=\"640\" height=\"425\" srcset=\"https:\/\/www.alptekinas.com\/tr\/wp-content\/uploads\/2019\/02\/39.jpg 640w, https:\/\/www.alptekinas.com\/tr\/wp-content\/uploads\/2019\/02\/39-300x199.jpg 300w, https:\/\/www.alptekinas.com\/tr\/wp-content\/uploads\/2019\/02\/39-272x182.jpg 272w\" sizes=\"(max-width: 640px) 100vw, 640px\" alt=\"\" loading=\"lazy\" \t\tclass=\"so-widget-image\"\/>\n\t<\/div>\n\n<\/div><\/div><\/div><div id=\"pgc-281-1-1\"  class=\"panel-grid-cell\" ><div id=\"panel-281-1-1-0\" class=\"so-panel widget widget_sow-image panel-first-child panel-last-child\" data-index=\"2\" ><div\n\t\t\t\n\t\t\tclass=\"so-widget-sow-image so-widget-sow-image-default-8b5b6f678277-281\"\n\t\t\t\n\t\t>\n<div class=\"sow-image-container\">\n\t\t<img \n\tsrc=\"https:\/\/www.alptekinas.com\/tr\/wp-content\/uploads\/2019\/02\/40.jpg\" width=\"640\" height=\"480\" srcset=\"https:\/\/www.alptekinas.com\/tr\/wp-content\/uploads\/2019\/02\/40.jpg 640w, https:\/\/www.alptekinas.com\/tr\/wp-content\/uploads\/2019\/02\/40-300x225.jpg 300w\" sizes=\"(max-width: 640px) 100vw, 640px\" alt=\"\" loading=\"lazy\" \t\tclass=\"so-widget-image\"\/>\n\t<\/div>\n\n<\/div><\/div><\/div><\/div><\/div>","protected":false},"excerpt":{"rendered":"<p>ANKARA \u00c7UBUK HAYVANCILIK \u0130HT\u0130SAS O.S.B. \u0130N\u015eAATI YER\u0130:Ankara ili \u00c7ubuk \u0130l\u00e7esi s\u0131n\u0131rlar\u0131 \u0130\u00e7erisindedir. \u0130DARE:C. SANAY\u0130 VE T\u0130CARET BAKANLI\u011eI &#8211; ANKARA S\u00d6ZLE\u015eME TAR\u0130H\u0130:09.2010 \u0130\u015e B\u0130T\u0130M TAR\u0130H\u0130:05.2015<\/p>\n","protected":false},"author":1,"featured_media":0,"parent":0,"menu_order":0,"comment_status":"closed","ping_status":"closed","template":"","meta":[],"_links":{"self":[{"href":"https:\/\/www.alptekinas.com\/tr\/wp-json\/wp\/v2\/pages\/281"}],"collection":[{"href":"https:\/\/www.alptekinas.com\/tr\/wp-json\/wp\/v2\/pages"}],"about":[{"href":"https:\/\/www.alptekinas.com\/tr\/wp-json\/wp\/v2\/types\/page"}],"author":[{"embeddable":true,"href":"https:\/\/www.alptekinas.com\/tr\/wp-json\/wp\/v2\/users\/1"}],"replies":[{"embeddable":true,"href":"https:\/\/www.alptekinas.com\/tr\/wp-json\/wp\/v2\/comments?post=281"}],"version-history":[{"count":2,"href":"https:\/\/www.alptekinas.com\/tr\/wp-json\/wp\/v2\/pages\/281\/revisions"}],"predecessor-version":[{"id":285,"href":"https:\/\/www.alptekinas.com\/tr\/wp-json\/wp\/v2\/pages\/281\/revisions\/285"}],"wp:attachment":[{"href":"https:\/\/www.alptekinas.com\/tr\/wp-json\/wp\/v2\/media?parent=281"}],"curies":[{"name":"wp","href":"https:\/\/api.w.org\/{rel}","templated":true}]}}