{"id":286,"date":"2019-03-04T15:43:17","date_gmt":"2019-03-04T12:43:17","guid":{"rendered":"https:\/\/alptekinas.com\/tr\/?page_id=286"},"modified":"2019-03-04T15:43:19","modified_gmt":"2019-03-04T12:43:19","slug":"turgutlu-organize-sanayi-bolgesi-insaati","status":"publish","type":"page","link":"https:\/\/www.alptekinas.com\/tr\/turgutlu-organize-sanayi-bolgesi-insaati\/","title":{"rendered":"TURGUTLU ORGAN\u0130ZE SANAY\u0130 B\u00d6LGES\u0130 \u0130N\u015eAATI"},"content":{"rendered":"<div id=\"pl-286\"  class=\"panel-layout\" ><div id=\"pg-286-0\"  class=\"panel-grid panel-no-style\" ><div id=\"pgc-286-0-0\"  class=\"panel-grid-cell\" ><div id=\"panel-286-0-0-0\" class=\"so-panel widget widget_sow-editor panel-first-child panel-last-child\" data-index=\"0\" ><div\n\t\t\t\n\t\t\tclass=\"so-widget-sow-editor so-widget-sow-editor-base\"\n\t\t\t\n\t\t>\n<div class=\"siteorigin-widget-tinymce textwidget\">\n\t<p><strong>TURGUTLU ORGAN\u0130ZE SANAY\u0130 B\u00d6LGES\u0130 \u0130N\u015eAATI<\/strong><\/p>\n<ul>\n<li><strong>YER\u0130:<\/strong>Manisa ili Turgutlu \u0130l\u00e7esi s\u0131n\u0131rlar\u0131 \u0130\u00e7erisindedir.<\/li>\n<li><strong>\u0130DARE:<\/strong>C. SANAY\u0130 VE T\u0130CARET BAKANLI\u011eI<\/li>\n<li><strong>S\u00d6ZLE\u015eME TAR\u0130H\u0130:<\/strong>09.2003<\/li>\n<li><strong>\u0130\u015e B\u0130T\u0130M TAR\u0130H\u0130:<\/strong>12.2005<\/li>\n<\/ul>\n<\/div>\n<\/div><\/div><\/div><\/div><div id=\"pg-286-1\"  class=\"panel-grid panel-no-style\" ><div id=\"pgc-286-1-0\"  class=\"panel-grid-cell\" ><div id=\"panel-286-1-0-0\" class=\"so-panel widget widget_sow-image panel-first-child panel-last-child\" data-index=\"1\" ><div\n\t\t\t\n\t\t\tclass=\"so-widget-sow-image so-widget-sow-image-default-8b5b6f678277-286\"\n\t\t\t\n\t\t>\n<div class=\"sow-image-container\">\n\t\t<img \n\tsrc=\"https:\/\/www.alptekinas.com\/tr\/wp-content\/uploads\/2019\/02\/41.jpg\" width=\"820\" height=\"450\" srcset=\"https:\/\/www.alptekinas.com\/tr\/wp-content\/uploads\/2019\/02\/41.jpg 820w, https:\/\/www.alptekinas.com\/tr\/wp-content\/uploads\/2019\/02\/41-300x165.jpg 300w, https:\/\/www.alptekinas.com\/tr\/wp-content\/uploads\/2019\/02\/41-768x421.jpg 768w\" sizes=\"(max-width: 820px) 100vw, 820px\" alt=\"\" loading=\"lazy\" \t\tclass=\"so-widget-image\"\/>\n\t<\/div>\n\n<\/div><\/div><\/div><div id=\"pgc-286-1-1\"  class=\"panel-grid-cell\" ><div id=\"panel-286-1-1-0\" class=\"so-panel widget widget_sow-image panel-first-child panel-last-child\" data-index=\"2\" ><div\n\t\t\t\n\t\t\tclass=\"so-widget-sow-image so-widget-sow-image-default-8b5b6f678277-286\"\n\t\t\t\n\t\t>\n<div class=\"sow-image-container\">\n\t\t<img \n\tsrc=\"https:\/\/www.alptekinas.com\/tr\/wp-content\/uploads\/2019\/02\/42.jpg\" width=\"633\" height=\"354\" srcset=\"https:\/\/www.alptekinas.com\/tr\/wp-content\/uploads\/2019\/02\/42.jpg 633w, https:\/\/www.alptekinas.com\/tr\/wp-content\/uploads\/2019\/02\/42-300x168.jpg 300w\" sizes=\"(max-width: 633px) 100vw, 633px\" alt=\"\" loading=\"lazy\" \t\tclass=\"so-widget-image\"\/>\n\t<\/div>\n\n<\/div><\/div><\/div><\/div><\/div>","protected":false},"excerpt":{"rendered":"<p>TURGUTLU ORGAN\u0130ZE SANAY\u0130 B\u00d6LGES\u0130 \u0130N\u015eAATI YER\u0130:Manisa ili Turgutlu \u0130l\u00e7esi s\u0131n\u0131rlar\u0131 \u0130\u00e7erisindedir. \u0130DARE:C. SANAY\u0130 VE T\u0130CARET BAKANLI\u011eI S\u00d6ZLE\u015eME TAR\u0130H\u0130:09.2003 \u0130\u015e B\u0130T\u0130M TAR\u0130H\u0130:12.2005<\/p>\n","protected":false},"author":1,"featured_media":0,"parent":0,"menu_order":0,"comment_status":"closed","ping_status":"closed","template":"","meta":[],"_links":{"self":[{"href":"https:\/\/www.alptekinas.com\/tr\/wp-json\/wp\/v2\/pages\/286"}],"collection":[{"href":"https:\/\/www.alptekinas.com\/tr\/wp-json\/wp\/v2\/pages"}],"about":[{"href":"https:\/\/www.alptekinas.com\/tr\/wp-json\/wp\/v2\/types\/page"}],"author":[{"embeddable":true,"href":"https:\/\/www.alptekinas.com\/tr\/wp-json\/wp\/v2\/users\/1"}],"replies":[{"embeddable":true,"href":"https:\/\/www.alptekinas.com\/tr\/wp-json\/wp\/v2\/comments?post=286"}],"version-history":[{"count":2,"href":"https:\/\/www.alptekinas.com\/tr\/wp-json\/wp\/v2\/pages\/286\/revisions"}],"predecessor-version":[{"id":288,"href":"https:\/\/www.alptekinas.com\/tr\/wp-json\/wp\/v2\/pages\/286\/revisions\/288"}],"wp:attachment":[{"href":"https:\/\/www.alptekinas.com\/tr\/wp-json\/wp\/v2\/media?parent=286"}],"curies":[{"name":"wp","href":"https:\/\/api.w.org\/{rel}","templated":true}]}}