{"id":292,"date":"2019-03-04T15:48:17","date_gmt":"2019-03-04T12:48:17","guid":{"rendered":"https:\/\/alptekinas.com\/tr\/?page_id=292"},"modified":"2019-03-04T15:48:17","modified_gmt":"2019-03-04T12:48:17","slug":"bursa-organize-sanayi-bolgesi-insaati","status":"publish","type":"page","link":"https:\/\/www.alptekinas.com\/tr\/bursa-organize-sanayi-bolgesi-insaati\/","title":{"rendered":"BURSA ORGAN\u0130ZE SANAY\u0130 B\u00d6LGES\u0130 \u0130N\u015eAATI"},"content":{"rendered":"<div id=\"pl-292\"  class=\"panel-layout\" ><div id=\"pg-292-0\"  class=\"panel-grid panel-no-style\" ><div id=\"pgc-292-0-0\"  class=\"panel-grid-cell\" ><div id=\"panel-292-0-0-0\" class=\"so-panel widget widget_sow-editor panel-first-child panel-last-child\" data-index=\"0\" ><div\n\t\t\t\n\t\t\tclass=\"so-widget-sow-editor so-widget-sow-editor-base\"\n\t\t\t\n\t\t>\n<div class=\"siteorigin-widget-tinymce textwidget\">\n\t<p><strong>BURSA ORGAN\u0130ZE SANAY\u0130 B\u00d6LGES\u0130 \u0130N\u015eAATI<\/strong><\/p>\n<ul>\n<li><strong>YER\u0130:<\/strong>Bursa ili s\u0131n\u0131rlar\u0131 \u0130\u00e7erisindedir.<\/li>\n<li><strong>\u0130DARE:<\/strong>C. SANAY\u0130 VE T\u0130CARET BAKANLI\u011eI - ANKARA<\/li>\n<li><strong>S\u00d6ZLE\u015eME TAR\u0130H\u0130:<\/strong>07.1989<\/li>\n<li><strong>\u0130\u015e B\u0130T\u0130M TAR\u0130H\u0130:<\/strong>01.1992<\/li>\n<\/ul>\n<\/div>\n<\/div><\/div><\/div><\/div><div id=\"pg-292-1\"  class=\"panel-grid panel-no-style\" ><div id=\"pgc-292-1-0\"  class=\"panel-grid-cell\" ><div id=\"panel-292-1-0-0\" class=\"so-panel widget widget_sow-image panel-first-child panel-last-child\" data-index=\"1\" ><div\n\t\t\t\n\t\t\tclass=\"so-widget-sow-image so-widget-sow-image-default-8b5b6f678277-292\"\n\t\t\t\n\t\t>\n<div class=\"sow-image-container\">\n\t\t<img \n\tsrc=\"https:\/\/www.alptekinas.com\/tr\/wp-content\/uploads\/2019\/02\/45.jpg\" width=\"660\" height=\"290\" srcset=\"https:\/\/www.alptekinas.com\/tr\/wp-content\/uploads\/2019\/02\/45.jpg 660w, https:\/\/www.alptekinas.com\/tr\/wp-content\/uploads\/2019\/02\/45-300x132.jpg 300w\" sizes=\"(max-width: 660px) 100vw, 660px\" alt=\"\" loading=\"lazy\" \t\tclass=\"so-widget-image\"\/>\n\t<\/div>\n\n<\/div><\/div><\/div><div id=\"pgc-292-1-1\"  class=\"panel-grid-cell\" ><div id=\"panel-292-1-1-0\" class=\"so-panel widget widget_sow-image panel-first-child panel-last-child\" data-index=\"2\" ><div\n\t\t\t\n\t\t\tclass=\"so-widget-sow-image so-widget-sow-image-default-8b5b6f678277-292\"\n\t\t\t\n\t\t>\n<div class=\"sow-image-container\">\n\t\t<img \n\tsrc=\"https:\/\/www.alptekinas.com\/tr\/wp-content\/uploads\/2019\/02\/46.jpg\" width=\"620\" height=\"350\" srcset=\"https:\/\/www.alptekinas.com\/tr\/wp-content\/uploads\/2019\/02\/46.jpg 620w, https:\/\/www.alptekinas.com\/tr\/wp-content\/uploads\/2019\/02\/46-300x169.jpg 300w\" sizes=\"(max-width: 620px) 100vw, 620px\" alt=\"\" loading=\"lazy\" \t\tclass=\"so-widget-image\"\/>\n\t<\/div>\n\n<\/div><\/div><\/div><\/div><\/div>","protected":false},"excerpt":{"rendered":"<p>BURSA ORGAN\u0130ZE SANAY\u0130 B\u00d6LGES\u0130 \u0130N\u015eAATI YER\u0130:Bursa ili s\u0131n\u0131rlar\u0131 \u0130\u00e7erisindedir. \u0130DARE:C. SANAY\u0130 VE T\u0130CARET BAKANLI\u011eI &#8211; ANKARA S\u00d6ZLE\u015eME TAR\u0130H\u0130:07.1989 \u0130\u015e B\u0130T\u0130M TAR\u0130H\u0130:01.1992<\/p>\n","protected":false},"author":1,"featured_media":0,"parent":0,"menu_order":0,"comment_status":"closed","ping_status":"closed","template":"","meta":[],"_links":{"self":[{"href":"https:\/\/www.alptekinas.com\/tr\/wp-json\/wp\/v2\/pages\/292"}],"collection":[{"href":"https:\/\/www.alptekinas.com\/tr\/wp-json\/wp\/v2\/pages"}],"about":[{"href":"https:\/\/www.alptekinas.com\/tr\/wp-json\/wp\/v2\/types\/page"}],"author":[{"embeddable":true,"href":"https:\/\/www.alptekinas.com\/tr\/wp-json\/wp\/v2\/users\/1"}],"replies":[{"embeddable":true,"href":"https:\/\/www.alptekinas.com\/tr\/wp-json\/wp\/v2\/comments?post=292"}],"version-history":[{"count":2,"href":"https:\/\/www.alptekinas.com\/tr\/wp-json\/wp\/v2\/pages\/292\/revisions"}],"predecessor-version":[{"id":294,"href":"https:\/\/www.alptekinas.com\/tr\/wp-json\/wp\/v2\/pages\/292\/revisions\/294"}],"wp:attachment":[{"href":"https:\/\/www.alptekinas.com\/tr\/wp-json\/wp\/v2\/media?parent=292"}],"curies":[{"name":"wp","href":"https:\/\/api.w.org\/{rel}","templated":true}]}}