{"id":295,"date":"2019-03-04T15:51:02","date_gmt":"2019-03-04T12:51:02","guid":{"rendered":"https:\/\/alptekinas.com\/tr\/?page_id=295"},"modified":"2019-03-04T15:51:02","modified_gmt":"2019-03-04T12:51:02","slug":"bolu-gerede-organize-sanayi-bolgesi-insaati","status":"publish","type":"page","link":"https:\/\/www.alptekinas.com\/tr\/bolu-gerede-organize-sanayi-bolgesi-insaati\/","title":{"rendered":"BOLU GEREDE ORGAN\u0130ZE SANAY\u0130 B\u00d6LGES\u0130 \u0130N\u015eAATI"},"content":{"rendered":"<div id=\"pl-295\"  class=\"panel-layout\" ><div id=\"pg-295-0\"  class=\"panel-grid panel-no-style\" ><div id=\"pgc-295-0-0\"  class=\"panel-grid-cell\" ><div id=\"panel-295-0-0-0\" class=\"so-panel widget widget_sow-editor panel-first-child panel-last-child\" data-index=\"0\" ><div\n\t\t\t\n\t\t\tclass=\"so-widget-sow-editor so-widget-sow-editor-base\"\n\t\t\t\n\t\t>\n<div class=\"siteorigin-widget-tinymce textwidget\">\n\t<p><strong>BOLU GEREDE ORGAN\u0130ZE SANAY\u0130 B\u00d6LGES\u0130 \u0130N\u015eAATI<\/strong><\/p>\n<ul>\n<li><strong>YER\u0130:<\/strong>Bolu ili Gerede \u0130l\u00e7esi s\u0131n\u0131rlar\u0131 \u0130\u00e7erisindedir.<\/li>\n<li><strong>\u0130DARE:<\/strong>C. SANAY\u0130 VE T\u0130CARET BAKANLI\u011eI - ANKARA<\/li>\n<li><strong>S\u00d6ZLE\u015eME TAR\u0130H\u0130:<\/strong>07.1989<\/li>\n<li><strong>\u0130\u015e B\u0130T\u0130M TAR\u0130H\u0130:<\/strong>01.1992<\/li>\n<\/ul>\n<\/div>\n<\/div><\/div><\/div><\/div><div id=\"pg-295-1\"  class=\"panel-grid panel-no-style\" ><div id=\"pgc-295-1-0\"  class=\"panel-grid-cell\" ><div id=\"panel-295-1-0-0\" class=\"so-panel widget widget_sow-image panel-first-child panel-last-child\" data-index=\"1\" ><div\n\t\t\t\n\t\t\tclass=\"so-widget-sow-image so-widget-sow-image-default-8b5b6f678277-295\"\n\t\t\t\n\t\t>\n<div class=\"sow-image-container\">\n\t\t<img \n\tsrc=\"https:\/\/www.alptekinas.com\/tr\/wp-content\/uploads\/2019\/02\/47.jpg\" width=\"750\" height=\"500\" srcset=\"https:\/\/www.alptekinas.com\/tr\/wp-content\/uploads\/2019\/02\/47.jpg 750w, https:\/\/www.alptekinas.com\/tr\/wp-content\/uploads\/2019\/02\/47-300x200.jpg 300w, https:\/\/www.alptekinas.com\/tr\/wp-content\/uploads\/2019\/02\/47-272x182.jpg 272w\" sizes=\"(max-width: 750px) 100vw, 750px\" alt=\"\" loading=\"lazy\" \t\tclass=\"so-widget-image\"\/>\n\t<\/div>\n\n<\/div><\/div><\/div><div id=\"pgc-295-1-1\"  class=\"panel-grid-cell\" ><div id=\"panel-295-1-1-0\" class=\"so-panel widget widget_sow-image panel-first-child panel-last-child\" data-index=\"2\" ><div\n\t\t\t\n\t\t\tclass=\"so-widget-sow-image so-widget-sow-image-default-8b5b6f678277-295\"\n\t\t\t\n\t\t>\n<div class=\"sow-image-container\">\n\t\t<img \n\tsrc=\"https:\/\/www.alptekinas.com\/tr\/wp-content\/uploads\/2019\/02\/48.jpg\" width=\"900\" height=\"350\" srcset=\"https:\/\/www.alptekinas.com\/tr\/wp-content\/uploads\/2019\/02\/48.jpg 900w, https:\/\/www.alptekinas.com\/tr\/wp-content\/uploads\/2019\/02\/48-300x117.jpg 300w, https:\/\/www.alptekinas.com\/tr\/wp-content\/uploads\/2019\/02\/48-768x299.jpg 768w\" sizes=\"(max-width: 900px) 100vw, 900px\" alt=\"\" loading=\"lazy\" \t\tclass=\"so-widget-image\"\/>\n\t<\/div>\n\n<\/div><\/div><\/div><\/div><\/div>","protected":false},"excerpt":{"rendered":"<p>BOLU GEREDE ORGAN\u0130ZE SANAY\u0130 B\u00d6LGES\u0130 \u0130N\u015eAATI YER\u0130:Bolu ili Gerede \u0130l\u00e7esi s\u0131n\u0131rlar\u0131 \u0130\u00e7erisindedir. \u0130DARE:C. SANAY\u0130 VE T\u0130CARET BAKANLI\u011eI &#8211; ANKARA S\u00d6ZLE\u015eME TAR\u0130H\u0130:07.1989 \u0130\u015e B\u0130T\u0130M TAR\u0130H\u0130:01.1992<\/p>\n","protected":false},"author":1,"featured_media":0,"parent":0,"menu_order":0,"comment_status":"closed","ping_status":"closed","template":"","meta":[],"_links":{"self":[{"href":"https:\/\/www.alptekinas.com\/tr\/wp-json\/wp\/v2\/pages\/295"}],"collection":[{"href":"https:\/\/www.alptekinas.com\/tr\/wp-json\/wp\/v2\/pages"}],"about":[{"href":"https:\/\/www.alptekinas.com\/tr\/wp-json\/wp\/v2\/types\/page"}],"author":[{"embeddable":true,"href":"https:\/\/www.alptekinas.com\/tr\/wp-json\/wp\/v2\/users\/1"}],"replies":[{"embeddable":true,"href":"https:\/\/www.alptekinas.com\/tr\/wp-json\/wp\/v2\/comments?post=295"}],"version-history":[{"count":2,"href":"https:\/\/www.alptekinas.com\/tr\/wp-json\/wp\/v2\/pages\/295\/revisions"}],"predecessor-version":[{"id":297,"href":"https:\/\/www.alptekinas.com\/tr\/wp-json\/wp\/v2\/pages\/295\/revisions\/297"}],"wp:attachment":[{"href":"https:\/\/www.alptekinas.com\/tr\/wp-json\/wp\/v2\/media?parent=295"}],"curies":[{"name":"wp","href":"https:\/\/api.w.org\/{rel}","templated":true}]}}