{"id":299,"date":"2019-03-04T15:55:18","date_gmt":"2019-03-04T12:55:18","guid":{"rendered":"https:\/\/alptekinas.com\/tr\/?page_id=299"},"modified":"2019-03-04T15:55:19","modified_gmt":"2019-03-04T12:55:19","slug":"yozgat-bogazliyan-ogulcuk-baraji-insaati","status":"publish","type":"page","link":"https:\/\/www.alptekinas.com\/tr\/yozgat-bogazliyan-ogulcuk-baraji-insaati\/","title":{"rendered":"YOZGAT BO\u011eAZLIYAN O\u011eULCUK BARAJI \u0130N\u015eAATI"},"content":{"rendered":"<div id=\"pl-299\"  class=\"panel-layout\" ><div id=\"pg-299-0\"  class=\"panel-grid panel-no-style\" ><div id=\"pgc-299-0-0\"  class=\"panel-grid-cell\" ><div id=\"panel-299-0-0-0\" class=\"so-panel widget widget_sow-editor panel-first-child panel-last-child\" data-index=\"0\" ><div\n\t\t\t\n\t\t\tclass=\"so-widget-sow-editor so-widget-sow-editor-base\"\n\t\t\t\n\t\t>\n<div class=\"siteorigin-widget-tinymce textwidget\">\n\t<p><strong>YOZGAT BO\u011eAZLIYAN O\u011eULCUK BARAJI \u0130N\u015eAATI<\/strong><\/p>\n<ul>\n<li><strong>YER\u0130:<\/strong>Yozgat \u0130li Bo\u011fazl\u0131yan il\u00e7esi O\u011fulcuk K\u00f6y\u00fc<\/li>\n<li><strong>\u0130DARE:<\/strong>D.S.\u0130. XII. B\u00f6lge M\u00fcd\u00fcrl\u00fc\u011f\u00fc \u2013 Kayseri<\/li>\n<li><strong>PROJEN\u0130N AMACI:<\/strong>Sulama<\/li>\n<li><strong>\u0130\u015eE BA\u015eLAMA TAR\u0130H\u0130:<\/strong>26.04.2013<\/li>\n<li><strong>\u0130\u015e\u0130N B\u0130T\u0130\u015e TAR\u0130H\u0130:1<\/strong>2.05.2017<\/li>\n<\/ul>\n<\/div>\n<\/div><\/div><\/div><\/div><div id=\"pg-299-1\"  class=\"panel-grid panel-no-style\" ><div id=\"pgc-299-1-0\"  class=\"panel-grid-cell\" ><div id=\"panel-299-1-0-0\" class=\"so-panel widget widget_sow-image panel-first-child panel-last-child\" data-index=\"1\" ><div\n\t\t\t\n\t\t\tclass=\"so-widget-sow-image so-widget-sow-image-default-8b5b6f678277-299\"\n\t\t\t\n\t\t>\n<div class=\"sow-image-container\">\n\t\t<img \n\tsrc=\"https:\/\/www.alptekinas.com\/tr\/wp-content\/uploads\/2019\/02\/49.jpg\" width=\"1040\" height=\"585\" srcset=\"https:\/\/www.alptekinas.com\/tr\/wp-content\/uploads\/2019\/02\/49.jpg 1040w, https:\/\/www.alptekinas.com\/tr\/wp-content\/uploads\/2019\/02\/49-300x169.jpg 300w, https:\/\/www.alptekinas.com\/tr\/wp-content\/uploads\/2019\/02\/49-768x432.jpg 768w, https:\/\/www.alptekinas.com\/tr\/wp-content\/uploads\/2019\/02\/49-1024x576.jpg 1024w\" sizes=\"(max-width: 1040px) 100vw, 1040px\" alt=\"\" loading=\"lazy\" \t\tclass=\"so-widget-image\"\/>\n\t<\/div>\n\n<\/div><\/div><\/div><div id=\"pgc-299-1-1\"  class=\"panel-grid-cell\" ><div id=\"panel-299-1-1-0\" class=\"so-panel widget widget_sow-image panel-first-child panel-last-child\" data-index=\"2\" ><div\n\t\t\t\n\t\t\tclass=\"so-widget-sow-image so-widget-sow-image-default-8b5b6f678277-299\"\n\t\t\t\n\t\t>\n<div class=\"sow-image-container\">\n\t\t<img \n\tsrc=\"https:\/\/www.alptekinas.com\/tr\/wp-content\/uploads\/2019\/02\/50.jpg\" width=\"1040\" height=\"585\" srcset=\"https:\/\/www.alptekinas.com\/tr\/wp-content\/uploads\/2019\/02\/50.jpg 1040w, https:\/\/www.alptekinas.com\/tr\/wp-content\/uploads\/2019\/02\/50-300x169.jpg 300w, https:\/\/www.alptekinas.com\/tr\/wp-content\/uploads\/2019\/02\/50-768x432.jpg 768w, https:\/\/www.alptekinas.com\/tr\/wp-content\/uploads\/2019\/02\/50-1024x576.jpg 1024w\" sizes=\"(max-width: 1040px) 100vw, 1040px\" alt=\"\" loading=\"lazy\" \t\tclass=\"so-widget-image\"\/>\n\t<\/div>\n\n<\/div><\/div><\/div><\/div><\/div>","protected":false},"excerpt":{"rendered":"<p>YOZGAT BO\u011eAZLIYAN O\u011eULCUK BARAJI \u0130N\u015eAATI YER\u0130:Yozgat \u0130li Bo\u011fazl\u0131yan il\u00e7esi O\u011fulcuk K\u00f6y\u00fc \u0130DARE:D.S.\u0130. XII. B\u00f6lge M\u00fcd\u00fcrl\u00fc\u011f\u00fc \u2013 Kayseri PROJEN\u0130N AMACI:Sulama \u0130\u015eE BA\u015eLAMA TAR\u0130H\u0130:26.04.2013 \u0130\u015e\u0130N B\u0130T\u0130\u015e TAR\u0130H\u0130:12.05.2017<\/p>\n","protected":false},"author":1,"featured_media":0,"parent":0,"menu_order":0,"comment_status":"closed","ping_status":"closed","template":"","meta":[],"_links":{"self":[{"href":"https:\/\/www.alptekinas.com\/tr\/wp-json\/wp\/v2\/pages\/299"}],"collection":[{"href":"https:\/\/www.alptekinas.com\/tr\/wp-json\/wp\/v2\/pages"}],"about":[{"href":"https:\/\/www.alptekinas.com\/tr\/wp-json\/wp\/v2\/types\/page"}],"author":[{"embeddable":true,"href":"https:\/\/www.alptekinas.com\/tr\/wp-json\/wp\/v2\/users\/1"}],"replies":[{"embeddable":true,"href":"https:\/\/www.alptekinas.com\/tr\/wp-json\/wp\/v2\/comments?post=299"}],"version-history":[{"count":2,"href":"https:\/\/www.alptekinas.com\/tr\/wp-json\/wp\/v2\/pages\/299\/revisions"}],"predecessor-version":[{"id":303,"href":"https:\/\/www.alptekinas.com\/tr\/wp-json\/wp\/v2\/pages\/299\/revisions\/303"}],"wp:attachment":[{"href":"https:\/\/www.alptekinas.com\/tr\/wp-json\/wp\/v2\/media?parent=299"}],"curies":[{"name":"wp","href":"https:\/\/api.w.org\/{rel}","templated":true}]}}