{"id":308,"date":"2019-03-04T16:20:02","date_gmt":"2019-03-04T13:20:02","guid":{"rendered":"https:\/\/alptekinas.com\/tr\/?page_id=308"},"modified":"2019-03-04T16:20:03","modified_gmt":"2019-03-04T13:20:03","slug":"isparta-darideresi-2-baraji-insaati","status":"publish","type":"page","link":"https:\/\/www.alptekinas.com\/tr\/isparta-darideresi-2-baraji-insaati\/","title":{"rendered":"ISPARTA DARIDERES\u0130 2 BARAJI \u0130N\u015eAATI"},"content":{"rendered":"<div id=\"pl-308\"  class=\"panel-layout\" ><div id=\"pg-308-0\"  class=\"panel-grid panel-no-style\" ><div id=\"pgc-308-0-0\"  class=\"panel-grid-cell\" ><div id=\"panel-308-0-0-0\" class=\"so-panel widget widget_sow-editor panel-first-child panel-last-child\" data-index=\"0\" ><div\n\t\t\t\n\t\t\tclass=\"so-widget-sow-editor so-widget-sow-editor-base\"\n\t\t\t\n\t\t>\n<div class=\"siteorigin-widget-tinymce textwidget\">\n\t<p><strong>ISPARTA DARIDERES\u0130 2 BARAJI \u0130N\u015eAATI<\/strong><\/p>\n<ul>\n<li><strong>YER\u0130:<\/strong>Isparta \u0130li Merkezi<\/li>\n<li><strong>\u0130DARE:<\/strong>D.S.\u0130. XVIII. B\u00f6lge M\u00fcd\u00fcrl\u00fc\u011f\u00fc \u2013 Isparta<\/li>\n<li><strong>PROJEN\u0130N AMACI:<\/strong>\u0130\u00e7me Suyu<\/li>\n<li><strong>\u0130\u015eE BA\u015eLAMA TAR\u0130H\u0130:<\/strong>03.06.2015<\/li>\n<li><strong>\u0130\u015e\u0130N B\u0130T\u0130\u015e TAR\u0130H\u0130:<\/strong>27.02.2018<\/li>\n<\/ul>\n<\/div>\n<\/div><\/div><\/div><\/div><div id=\"pg-308-1\"  class=\"panel-grid panel-no-style\" ><div id=\"pgc-308-1-0\"  class=\"panel-grid-cell\" ><div id=\"panel-308-1-0-0\" class=\"so-panel widget widget_sow-image panel-first-child panel-last-child\" data-index=\"1\" ><div\n\t\t\t\n\t\t\tclass=\"so-widget-sow-image so-widget-sow-image-default-8b5b6f678277-308\"\n\t\t\t\n\t\t>\n<div class=\"sow-image-container\">\n\t\t<img \n\tsrc=\"https:\/\/www.alptekinas.com\/tr\/wp-content\/uploads\/2019\/02\/51.jpg\" width=\"2048\" height=\"1152\" srcset=\"https:\/\/www.alptekinas.com\/tr\/wp-content\/uploads\/2019\/02\/51.jpg 2048w, https:\/\/www.alptekinas.com\/tr\/wp-content\/uploads\/2019\/02\/51-300x169.jpg 300w, https:\/\/www.alptekinas.com\/tr\/wp-content\/uploads\/2019\/02\/51-768x432.jpg 768w, https:\/\/www.alptekinas.com\/tr\/wp-content\/uploads\/2019\/02\/51-1024x576.jpg 1024w\" sizes=\"(max-width: 2048px) 100vw, 2048px\" alt=\"\" loading=\"lazy\" \t\tclass=\"so-widget-image\"\/>\n\t<\/div>\n\n<\/div><\/div><\/div><div id=\"pgc-308-1-1\"  class=\"panel-grid-cell\" ><div id=\"panel-308-1-1-0\" class=\"so-panel widget widget_sow-image panel-first-child panel-last-child\" data-index=\"2\" ><div\n\t\t\t\n\t\t\tclass=\"so-widget-sow-image so-widget-sow-image-default-8b5b6f678277-308\"\n\t\t\t\n\t\t>\n<div class=\"sow-image-container\">\n\t\t<img \n\tsrc=\"https:\/\/www.alptekinas.com\/tr\/wp-content\/uploads\/2019\/02\/52.jpg\" width=\"2048\" height=\"1152\" srcset=\"https:\/\/www.alptekinas.com\/tr\/wp-content\/uploads\/2019\/02\/52.jpg 2048w, https:\/\/www.alptekinas.com\/tr\/wp-content\/uploads\/2019\/02\/52-300x169.jpg 300w, https:\/\/www.alptekinas.com\/tr\/wp-content\/uploads\/2019\/02\/52-768x432.jpg 768w, https:\/\/www.alptekinas.com\/tr\/wp-content\/uploads\/2019\/02\/52-1024x576.jpg 1024w\" sizes=\"(max-width: 2048px) 100vw, 2048px\" alt=\"\" loading=\"lazy\" \t\tclass=\"so-widget-image\"\/>\n\t<\/div>\n\n<\/div><\/div><\/div><\/div><\/div>","protected":false},"excerpt":{"rendered":"<p>ISPARTA DARIDERES\u0130 2 BARAJI \u0130N\u015eAATI YER\u0130:Isparta \u0130li Merkezi \u0130DARE:D.S.\u0130. XVIII. B\u00f6lge M\u00fcd\u00fcrl\u00fc\u011f\u00fc \u2013 Isparta PROJEN\u0130N AMACI:\u0130\u00e7me Suyu \u0130\u015eE BA\u015eLAMA TAR\u0130H\u0130:03.06.2015 \u0130\u015e\u0130N B\u0130T\u0130\u015e TAR\u0130H\u0130:27.02.2018<\/p>\n","protected":false},"author":1,"featured_media":0,"parent":0,"menu_order":0,"comment_status":"closed","ping_status":"closed","template":"","meta":[],"_links":{"self":[{"href":"https:\/\/www.alptekinas.com\/tr\/wp-json\/wp\/v2\/pages\/308"}],"collection":[{"href":"https:\/\/www.alptekinas.com\/tr\/wp-json\/wp\/v2\/pages"}],"about":[{"href":"https:\/\/www.alptekinas.com\/tr\/wp-json\/wp\/v2\/types\/page"}],"author":[{"embeddable":true,"href":"https:\/\/www.alptekinas.com\/tr\/wp-json\/wp\/v2\/users\/1"}],"replies":[{"embeddable":true,"href":"https:\/\/www.alptekinas.com\/tr\/wp-json\/wp\/v2\/comments?post=308"}],"version-history":[{"count":2,"href":"https:\/\/www.alptekinas.com\/tr\/wp-json\/wp\/v2\/pages\/308\/revisions"}],"predecessor-version":[{"id":310,"href":"https:\/\/www.alptekinas.com\/tr\/wp-json\/wp\/v2\/pages\/308\/revisions\/310"}],"wp:attachment":[{"href":"https:\/\/www.alptekinas.com\/tr\/wp-json\/wp\/v2\/media?parent=308"}],"curies":[{"name":"wp","href":"https:\/\/api.w.org\/{rel}","templated":true}]}}