{"id":311,"date":"2019-03-04T16:21:46","date_gmt":"2019-03-04T13:21:46","guid":{"rendered":"https:\/\/alptekinas.com\/tr\/?page_id=311"},"modified":"2019-03-04T16:21:47","modified_gmt":"2019-03-04T13:21:47","slug":"isparta-yalvac-yukarikasikara-goleti-ve-sulamasi","status":"publish","type":"page","link":"https:\/\/www.alptekinas.com\/tr\/isparta-yalvac-yukarikasikara-goleti-ve-sulamasi\/","title":{"rendered":"ISPARTA YALVA\u00c7 YUKARIKA\u015eIKARA G\u00d6LET\u0130 VE SULAMASI"},"content":{"rendered":"<div id=\"pl-311\"  class=\"panel-layout\" ><div id=\"pg-311-0\"  class=\"panel-grid panel-no-style\" ><div id=\"pgc-311-0-0\"  class=\"panel-grid-cell\" ><div id=\"panel-311-0-0-0\" class=\"so-panel widget widget_sow-editor panel-first-child panel-last-child\" data-index=\"0\" ><div\n\t\t\t\n\t\t\tclass=\"so-widget-sow-editor so-widget-sow-editor-base\"\n\t\t\t\n\t\t>\n<div class=\"siteorigin-widget-tinymce textwidget\">\n\t<p><strong>ISPARTA YALVA\u00c7 YUKARIKA\u015eIKARA G\u00d6LET\u0130 VE SULAMASI<\/strong><\/p>\n<ul>\n<li><strong>YER\u0130:<\/strong>Isparta \u0130li Yalva\u00e7 \u0130l\u00e7esi Yukar\u0131ka\u015f\u0131kara K\u00f6y\u00fc s\u0131n\u0131rlar\u0131nda<\/li>\n<li><strong>\u0130DARE:<\/strong>D.S.\u0130. XVIII. B\u00f6lge M\u00fcd\u00fcrl\u00fc\u011f\u00fc \u2013 Isparta<\/li>\n<li><strong>PROJEN\u0130N AMACI:<\/strong>Sulama<\/li>\n<li><strong>\u0130\u015eE BA\u015eLAMA TAR\u0130H\u0130:<\/strong>17.06.2016<\/li>\n<li><strong>\u0130\u015e\u0130N B\u0130T\u0130\u015e TAR\u0130H\u0130:<\/strong>07.07.2018<\/li>\n<\/ul>\n<\/div>\n<\/div><\/div><\/div><\/div><div id=\"pg-311-1\"  class=\"panel-grid panel-no-style\" ><div id=\"pgc-311-1-0\"  class=\"panel-grid-cell\" ><div id=\"panel-311-1-0-0\" class=\"so-panel widget widget_sow-image panel-first-child panel-last-child\" data-index=\"1\" ><div\n\t\t\t\n\t\t\tclass=\"so-widget-sow-image so-widget-sow-image-default-8b5b6f678277-311\"\n\t\t\t\n\t\t>\n<div class=\"sow-image-container\">\n\t\t<img \n\tsrc=\"https:\/\/www.alptekinas.com\/tr\/wp-content\/uploads\/2019\/02\/53.jpg\" width=\"2048\" height=\"1152\" srcset=\"https:\/\/www.alptekinas.com\/tr\/wp-content\/uploads\/2019\/02\/53.jpg 2048w, https:\/\/www.alptekinas.com\/tr\/wp-content\/uploads\/2019\/02\/53-300x169.jpg 300w, https:\/\/www.alptekinas.com\/tr\/wp-content\/uploads\/2019\/02\/53-768x432.jpg 768w, https:\/\/www.alptekinas.com\/tr\/wp-content\/uploads\/2019\/02\/53-1024x576.jpg 1024w\" sizes=\"(max-width: 2048px) 100vw, 2048px\" alt=\"\" loading=\"lazy\" \t\tclass=\"so-widget-image\"\/>\n\t<\/div>\n\n<\/div><\/div><\/div><div id=\"pgc-311-1-1\"  class=\"panel-grid-cell\" ><div id=\"panel-311-1-1-0\" class=\"so-panel widget widget_sow-image panel-first-child panel-last-child\" data-index=\"2\" ><div\n\t\t\t\n\t\t\tclass=\"so-widget-sow-image so-widget-sow-image-default-8b5b6f678277-311\"\n\t\t\t\n\t\t>\n<div class=\"sow-image-container\">\n\t\t<img \n\tsrc=\"https:\/\/www.alptekinas.com\/tr\/wp-content\/uploads\/2019\/02\/54.jpg\" width=\"2048\" height=\"1152\" srcset=\"https:\/\/www.alptekinas.com\/tr\/wp-content\/uploads\/2019\/02\/54.jpg 2048w, https:\/\/www.alptekinas.com\/tr\/wp-content\/uploads\/2019\/02\/54-300x169.jpg 300w, https:\/\/www.alptekinas.com\/tr\/wp-content\/uploads\/2019\/02\/54-768x432.jpg 768w, https:\/\/www.alptekinas.com\/tr\/wp-content\/uploads\/2019\/02\/54-1024x576.jpg 1024w\" sizes=\"(max-width: 2048px) 100vw, 2048px\" alt=\"\" loading=\"lazy\" \t\tclass=\"so-widget-image\"\/>\n\t<\/div>\n\n<\/div><\/div><\/div><\/div><\/div>","protected":false},"excerpt":{"rendered":"<p>ISPARTA YALVA\u00c7 YUKARIKA\u015eIKARA G\u00d6LET\u0130 VE SULAMASI YER\u0130:Isparta \u0130li Yalva\u00e7 \u0130l\u00e7esi Yukar\u0131ka\u015f\u0131kara K\u00f6y\u00fc s\u0131n\u0131rlar\u0131nda \u0130DARE:D.S.\u0130. XVIII. B\u00f6lge M\u00fcd\u00fcrl\u00fc\u011f\u00fc \u2013 Isparta PROJEN\u0130N AMACI:Sulama \u0130\u015eE BA\u015eLAMA TAR\u0130H\u0130:17.06.2016 \u0130\u015e\u0130N B\u0130T\u0130\u015e TAR\u0130H\u0130:07.07.2018<\/p>\n","protected":false},"author":1,"featured_media":0,"parent":0,"menu_order":0,"comment_status":"closed","ping_status":"closed","template":"","meta":[],"_links":{"self":[{"href":"https:\/\/www.alptekinas.com\/tr\/wp-json\/wp\/v2\/pages\/311"}],"collection":[{"href":"https:\/\/www.alptekinas.com\/tr\/wp-json\/wp\/v2\/pages"}],"about":[{"href":"https:\/\/www.alptekinas.com\/tr\/wp-json\/wp\/v2\/types\/page"}],"author":[{"embeddable":true,"href":"https:\/\/www.alptekinas.com\/tr\/wp-json\/wp\/v2\/users\/1"}],"replies":[{"embeddable":true,"href":"https:\/\/www.alptekinas.com\/tr\/wp-json\/wp\/v2\/comments?post=311"}],"version-history":[{"count":2,"href":"https:\/\/www.alptekinas.com\/tr\/wp-json\/wp\/v2\/pages\/311\/revisions"}],"predecessor-version":[{"id":313,"href":"https:\/\/www.alptekinas.com\/tr\/wp-json\/wp\/v2\/pages\/311\/revisions\/313"}],"wp:attachment":[{"href":"https:\/\/www.alptekinas.com\/tr\/wp-json\/wp\/v2\/media?parent=311"}],"curies":[{"name":"wp","href":"https:\/\/api.w.org\/{rel}","templated":true}]}}