{"id":314,"date":"2019-03-04T16:23:18","date_gmt":"2019-03-04T13:23:18","guid":{"rendered":"https:\/\/alptekinas.com\/tr\/?page_id=314"},"modified":"2019-03-04T16:23:19","modified_gmt":"2019-03-04T13:23:19","slug":"antalya-kas-sutlegen-baraji-ve-sulamasi-insaati","status":"publish","type":"page","link":"https:\/\/www.alptekinas.com\/tr\/antalya-kas-sutlegen-baraji-ve-sulamasi-insaati\/","title":{"rendered":"ANTALYA KA\u015e S\u00dcTLE\u011eEN BARAJI VE SULAMASI \u0130N\u015eAATI"},"content":{"rendered":"<div id=\"pl-314\"  class=\"panel-layout\" ><div id=\"pg-314-0\"  class=\"panel-grid panel-no-style\" ><div id=\"pgc-314-0-0\"  class=\"panel-grid-cell\" ><div id=\"panel-314-0-0-0\" class=\"so-panel widget widget_sow-editor panel-first-child panel-last-child\" data-index=\"0\" ><div\n\t\t\t\n\t\t\tclass=\"so-widget-sow-editor so-widget-sow-editor-base\"\n\t\t\t\n\t\t>\n<div class=\"siteorigin-widget-tinymce textwidget\">\n\t<p><strong>ANTALYA KA\u015e S\u00dcTLE\u011eEN BARAJI VE SULAMASI \u0130N\u015eAATI<\/strong><\/p>\n<ul>\n<li><strong>YER\u0130:\u00a0 <\/strong>Antalya \u0130li Ka\u015f \u0130l\u00e7esi S\u00fctle\u011fen K\u00f6y\u00fc s\u0131n\u0131rlar\u0131nda<\/li>\n<li><strong>\u0130DARE:\u00a0 <\/strong>D.S.\u0130. XIII. B\u00f6lge M\u00fcd\u00fcrl\u00fc\u011f\u00fc \u2013 Antalya<\/li>\n<li><strong>PROJEN\u0130N AMACI:\u00a0 <\/strong>Sulama<\/li>\n<li><strong>\u0130\u015eE BA\u015eLAMA TAR\u0130H\u0130:\u00a0 <\/strong>02.09.2016<\/li>\n<li><strong>\u0130\u015e\u0130N B\u0130T\u0130\u015e TAR\u0130H\u0130:\u00a0 <\/strong>25.02.2019<\/li>\n<\/ul>\n<\/div>\n<\/div><\/div><\/div><\/div><div id=\"pg-314-1\"  class=\"panel-grid panel-no-style\" ><div id=\"pgc-314-1-0\"  class=\"panel-grid-cell\" ><div id=\"panel-314-1-0-0\" class=\"so-panel widget widget_sow-image panel-first-child panel-last-child\" data-index=\"1\" ><div\n\t\t\t\n\t\t\tclass=\"so-widget-sow-image so-widget-sow-image-default-8b5b6f678277-314\"\n\t\t\t\n\t\t>\n<div class=\"sow-image-container\">\n\t\t<img \n\tsrc=\"https:\/\/www.alptekinas.com\/tr\/wp-content\/uploads\/2019\/02\/55.jpg\" width=\"2048\" height=\"1152\" srcset=\"https:\/\/www.alptekinas.com\/tr\/wp-content\/uploads\/2019\/02\/55.jpg 2048w, https:\/\/www.alptekinas.com\/tr\/wp-content\/uploads\/2019\/02\/55-300x169.jpg 300w, https:\/\/www.alptekinas.com\/tr\/wp-content\/uploads\/2019\/02\/55-768x432.jpg 768w, https:\/\/www.alptekinas.com\/tr\/wp-content\/uploads\/2019\/02\/55-1024x576.jpg 1024w\" sizes=\"(max-width: 2048px) 100vw, 2048px\" alt=\"\" loading=\"lazy\" \t\tclass=\"so-widget-image\"\/>\n\t<\/div>\n\n<\/div><\/div><\/div><div id=\"pgc-314-1-1\"  class=\"panel-grid-cell\" ><div id=\"panel-314-1-1-0\" class=\"so-panel widget widget_sow-image panel-first-child panel-last-child\" data-index=\"2\" ><div\n\t\t\t\n\t\t\tclass=\"so-widget-sow-image so-widget-sow-image-default-8b5b6f678277-314\"\n\t\t\t\n\t\t>\n<div class=\"sow-image-container\">\n\t\t<img \n\tsrc=\"https:\/\/www.alptekinas.com\/tr\/wp-content\/uploads\/2019\/02\/56.jpg\" width=\"2048\" height=\"1152\" srcset=\"https:\/\/www.alptekinas.com\/tr\/wp-content\/uploads\/2019\/02\/56.jpg 2048w, https:\/\/www.alptekinas.com\/tr\/wp-content\/uploads\/2019\/02\/56-300x169.jpg 300w, https:\/\/www.alptekinas.com\/tr\/wp-content\/uploads\/2019\/02\/56-768x432.jpg 768w, https:\/\/www.alptekinas.com\/tr\/wp-content\/uploads\/2019\/02\/56-1024x576.jpg 1024w\" sizes=\"(max-width: 2048px) 100vw, 2048px\" alt=\"\" loading=\"lazy\" \t\tclass=\"so-widget-image\"\/>\n\t<\/div>\n\n<\/div><\/div><\/div><\/div><\/div>","protected":false},"excerpt":{"rendered":"<p>ANTALYA KA\u015e S\u00dcTLE\u011eEN BARAJI VE SULAMASI \u0130N\u015eAATI YER\u0130:\u00a0 Antalya \u0130li Ka\u015f \u0130l\u00e7esi S\u00fctle\u011fen K\u00f6y\u00fc s\u0131n\u0131rlar\u0131nda \u0130DARE:\u00a0 D.S.\u0130. XIII. B\u00f6lge M\u00fcd\u00fcrl\u00fc\u011f\u00fc \u2013 Antalya PROJEN\u0130N AMACI:\u00a0 Sulama \u0130\u015eE BA\u015eLAMA TAR\u0130H\u0130:\u00a0 02.09.2016 \u0130\u015e\u0130N B\u0130T\u0130\u015e TAR\u0130H\u0130:\u00a0 25.02.2019<\/p>\n","protected":false},"author":1,"featured_media":0,"parent":0,"menu_order":0,"comment_status":"closed","ping_status":"closed","template":"","meta":[],"_links":{"self":[{"href":"https:\/\/www.alptekinas.com\/tr\/wp-json\/wp\/v2\/pages\/314"}],"collection":[{"href":"https:\/\/www.alptekinas.com\/tr\/wp-json\/wp\/v2\/pages"}],"about":[{"href":"https:\/\/www.alptekinas.com\/tr\/wp-json\/wp\/v2\/types\/page"}],"author":[{"embeddable":true,"href":"https:\/\/www.alptekinas.com\/tr\/wp-json\/wp\/v2\/users\/1"}],"replies":[{"embeddable":true,"href":"https:\/\/www.alptekinas.com\/tr\/wp-json\/wp\/v2\/comments?post=314"}],"version-history":[{"count":2,"href":"https:\/\/www.alptekinas.com\/tr\/wp-json\/wp\/v2\/pages\/314\/revisions"}],"predecessor-version":[{"id":316,"href":"https:\/\/www.alptekinas.com\/tr\/wp-json\/wp\/v2\/pages\/314\/revisions\/316"}],"wp:attachment":[{"href":"https:\/\/www.alptekinas.com\/tr\/wp-json\/wp\/v2\/media?parent=314"}],"curies":[{"name":"wp","href":"https:\/\/api.w.org\/{rel}","templated":true}]}}