{"id":317,"date":"2019-03-04T16:24:54","date_gmt":"2019-03-04T13:24:54","guid":{"rendered":"https:\/\/alptekinas.com\/tr\/?page_id=317"},"modified":"2019-03-04T16:24:55","modified_gmt":"2019-03-04T13:24:55","slug":"antalya-finike-kapicay-baraji-sulamasi-insaati","status":"publish","type":"page","link":"https:\/\/www.alptekinas.com\/tr\/antalya-finike-kapicay-baraji-sulamasi-insaati\/","title":{"rendered":"ANTALYA F\u0130N\u0130KE KAPI\u00c7AY BARAJI SULAMASI \u0130N\u015eAATI"},"content":{"rendered":"<div id=\"pl-317\"  class=\"panel-layout\" ><div id=\"pg-317-0\"  class=\"panel-grid panel-no-style\" ><div id=\"pgc-317-0-0\"  class=\"panel-grid-cell\" ><div id=\"panel-317-0-0-0\" class=\"so-panel widget widget_sow-editor panel-first-child panel-last-child\" data-index=\"0\" ><div\n\t\t\t\n\t\t\tclass=\"so-widget-sow-editor so-widget-sow-editor-base\"\n\t\t\t\n\t\t>\n<div class=\"siteorigin-widget-tinymce textwidget\">\n\t<p><strong>ANTALYA F\u0130N\u0130KE KAPI\u00c7AY BARAJI SULAMASI \u0130N\u015eAATI<\/strong><\/p>\n<ul>\n<li><strong>YER\u0130:\u00a0 <\/strong>Antalya \u0130li Finike \u0130l\u00e7esi S\u0131n\u0131rlar\u0131nda<\/li>\n<li><strong>\u0130DARE:\u00a0 <\/strong>D.S.\u0130. XIII. B\u00f6lge M\u00fcd\u00fcrl\u00fc\u011f\u00fc \u2013 Antalya<\/li>\n<li><strong>PROJEN\u0130N AMACI:\u00a0 <\/strong>Sulama<\/li>\n<li><strong>\u0130\u015eE BA\u015eLAMA TAR\u0130H\u0130:\u00a0 <\/strong>17.08.2016<\/li>\n<li><strong>\u0130\u015e\u0130N B\u0130T\u0130\u015e TAR\u0130H\u0130:\u00a0 <\/strong>25.10.2018<\/li>\n<\/ul>\n<\/div>\n<\/div><\/div><\/div><\/div><div id=\"pg-317-1\"  class=\"panel-grid panel-no-style\" ><div id=\"pgc-317-1-0\"  class=\"panel-grid-cell\" ><div id=\"panel-317-1-0-0\" class=\"so-panel widget widget_sow-image panel-first-child panel-last-child\" data-index=\"1\" ><div\n\t\t\t\n\t\t\tclass=\"so-widget-sow-image so-widget-sow-image-default-8b5b6f678277-317\"\n\t\t\t\n\t\t>\n<div class=\"sow-image-container\">\n\t\t<img \n\tsrc=\"https:\/\/www.alptekinas.com\/tr\/wp-content\/uploads\/2019\/02\/57-e1551706416977.jpg\" width=\"590\" height=\"528\" srcset=\"https:\/\/www.alptekinas.com\/tr\/wp-content\/uploads\/2019\/02\/57-e1551706416977.jpg 590w, https:\/\/www.alptekinas.com\/tr\/wp-content\/uploads\/2019\/02\/57-e1551706416977-300x268.jpg 300w\" sizes=\"(max-width: 590px) 100vw, 590px\" title=\"57\" alt=\"\" loading=\"lazy\" \t\tclass=\"so-widget-image\"\/>\n\t<\/div>\n\n<\/div><\/div><\/div><div id=\"pgc-317-1-1\"  class=\"panel-grid-cell\" ><div id=\"panel-317-1-1-0\" class=\"so-panel widget widget_sow-image panel-first-child panel-last-child\" data-index=\"2\" ><div\n\t\t\t\n\t\t\tclass=\"so-widget-sow-image so-widget-sow-image-default-8b5b6f678277-317\"\n\t\t\t\n\t\t>\n<div class=\"sow-image-container\">\n\t\t<img \n\tsrc=\"https:\/\/www.alptekinas.com\/tr\/wp-content\/uploads\/2019\/02\/58.jpg\" width=\"800\" height=\"600\" srcset=\"https:\/\/www.alptekinas.com\/tr\/wp-content\/uploads\/2019\/02\/58.jpg 800w, https:\/\/www.alptekinas.com\/tr\/wp-content\/uploads\/2019\/02\/58-300x225.jpg 300w, https:\/\/www.alptekinas.com\/tr\/wp-content\/uploads\/2019\/02\/58-768x576.jpg 768w\" sizes=\"(max-width: 800px) 100vw, 800px\" alt=\"\" loading=\"lazy\" \t\tclass=\"so-widget-image\"\/>\n\t<\/div>\n\n<\/div><\/div><\/div><\/div><\/div>","protected":false},"excerpt":{"rendered":"<p>ANTALYA F\u0130N\u0130KE KAPI\u00c7AY BARAJI SULAMASI \u0130N\u015eAATI YER\u0130:\u00a0 Antalya \u0130li Finike \u0130l\u00e7esi S\u0131n\u0131rlar\u0131nda \u0130DARE:\u00a0 D.S.\u0130. XIII. B\u00f6lge M\u00fcd\u00fcrl\u00fc\u011f\u00fc \u2013 Antalya PROJEN\u0130N AMACI:\u00a0 Sulama \u0130\u015eE BA\u015eLAMA TAR\u0130H\u0130:\u00a0 17.08.2016 \u0130\u015e\u0130N B\u0130T\u0130\u015e TAR\u0130H\u0130:\u00a0 25.10.2018<\/p>\n","protected":false},"author":1,"featured_media":0,"parent":0,"menu_order":0,"comment_status":"closed","ping_status":"closed","template":"","meta":[],"_links":{"self":[{"href":"https:\/\/www.alptekinas.com\/tr\/wp-json\/wp\/v2\/pages\/317"}],"collection":[{"href":"https:\/\/www.alptekinas.com\/tr\/wp-json\/wp\/v2\/pages"}],"about":[{"href":"https:\/\/www.alptekinas.com\/tr\/wp-json\/wp\/v2\/types\/page"}],"author":[{"embeddable":true,"href":"https:\/\/www.alptekinas.com\/tr\/wp-json\/wp\/v2\/users\/1"}],"replies":[{"embeddable":true,"href":"https:\/\/www.alptekinas.com\/tr\/wp-json\/wp\/v2\/comments?post=317"}],"version-history":[{"count":2,"href":"https:\/\/www.alptekinas.com\/tr\/wp-json\/wp\/v2\/pages\/317\/revisions"}],"predecessor-version":[{"id":319,"href":"https:\/\/www.alptekinas.com\/tr\/wp-json\/wp\/v2\/pages\/317\/revisions\/319"}],"wp:attachment":[{"href":"https:\/\/www.alptekinas.com\/tr\/wp-json\/wp\/v2\/media?parent=317"}],"curies":[{"name":"wp","href":"https:\/\/api.w.org\/{rel}","templated":true}]}}