{"id":320,"date":"2019-03-04T16:26:39","date_gmt":"2019-03-04T13:26:39","guid":{"rendered":"https:\/\/alptekinas.com\/tr\/?page_id=320"},"modified":"2019-03-04T16:26:40","modified_gmt":"2019-03-04T13:26:40","slug":"cankiri-kursunlu-igdir-goleti-insaati","status":"publish","type":"page","link":"https:\/\/www.alptekinas.com\/tr\/cankiri-kursunlu-igdir-goleti-insaati\/","title":{"rendered":"\u00c7ANKIRI KUR\u015eUNLU \u0130\u011eD\u0130R G\u00d6LET\u0130 \u0130N\u015eAATI"},"content":{"rendered":"<div id=\"pl-320\"  class=\"panel-layout\" ><div id=\"pg-320-0\"  class=\"panel-grid panel-no-style\" ><div id=\"pgc-320-0-0\"  class=\"panel-grid-cell\" ><div id=\"panel-320-0-0-0\" class=\"so-panel widget widget_sow-editor panel-first-child panel-last-child\" data-index=\"0\" ><div\n\t\t\t\n\t\t\tclass=\"so-widget-sow-editor so-widget-sow-editor-base\"\n\t\t\t\n\t\t>\n<div class=\"siteorigin-widget-tinymce textwidget\">\n\t<p><strong>\u00c7ANKIRI KUR\u015eUNLU \u0130\u011eD\u0130R G\u00d6LET\u0130 \u0130N\u015eAATI<\/strong><\/p>\n<ul>\n<li><strong>YER\u0130:\u00a0 <\/strong>\u00c7ank\u0131r\u0131 \u0130li Kur\u015funlu \u0130l\u00e7esi \u0130\u011fdir K\u00f6y\u00fc S\u0131n\u0131rlar\u0131nda<\/li>\n<li><strong>\u0130DARE:\u00a0 <\/strong>D.S.\u0130. V. B\u00f6lge M\u00fcd\u00fcrl\u00fc\u011f\u00fc \u2013 Ankara<\/li>\n<li><strong>PROJEN\u0130N AMACI:\u00a0 <\/strong>Sulama<\/li>\n<li><strong>\u0130\u015eE BA\u015eLAMA TAR\u0130H\u0130:\u00a0 <\/strong>20.07.2016<\/li>\n<li><strong>\u0130\u015e\u0130N B\u0130T\u0130\u015e TAR\u0130H\u0130:\u00a0 <\/strong>16.08.2018<\/li>\n<\/ul>\n<\/div>\n<\/div><\/div><\/div><\/div><div id=\"pg-320-1\"  class=\"panel-grid panel-no-style\" ><div id=\"pgc-320-1-0\"  class=\"panel-grid-cell\" ><div id=\"panel-320-1-0-0\" class=\"so-panel widget widget_sow-image panel-first-child panel-last-child\" data-index=\"1\" ><div\n\t\t\t\n\t\t\tclass=\"so-widget-sow-image so-widget-sow-image-default-8b5b6f678277-320\"\n\t\t\t\n\t\t>\n<div class=\"sow-image-container\">\n\t\t<img \n\tsrc=\"https:\/\/www.alptekinas.com\/tr\/wp-content\/uploads\/2019\/02\/59.jpg\" width=\"800\" height=\"600\" srcset=\"https:\/\/www.alptekinas.com\/tr\/wp-content\/uploads\/2019\/02\/59.jpg 800w, https:\/\/www.alptekinas.com\/tr\/wp-content\/uploads\/2019\/02\/59-300x225.jpg 300w, https:\/\/www.alptekinas.com\/tr\/wp-content\/uploads\/2019\/02\/59-768x576.jpg 768w\" sizes=\"(max-width: 800px) 100vw, 800px\" alt=\"\" loading=\"lazy\" \t\tclass=\"so-widget-image\"\/>\n\t<\/div>\n\n<\/div><\/div><\/div><div id=\"pgc-320-1-1\"  class=\"panel-grid-cell\" ><div id=\"panel-320-1-1-0\" class=\"so-panel widget widget_sow-image panel-first-child panel-last-child\" data-index=\"2\" ><div\n\t\t\t\n\t\t\tclass=\"so-widget-sow-image so-widget-sow-image-default-8b5b6f678277-320\"\n\t\t\t\n\t\t>\n<div class=\"sow-image-container\">\n\t\t<img \n\tsrc=\"https:\/\/www.alptekinas.com\/tr\/wp-content\/uploads\/2019\/02\/60.jpg\" width=\"800\" height=\"600\" srcset=\"https:\/\/www.alptekinas.com\/tr\/wp-content\/uploads\/2019\/02\/60.jpg 800w, https:\/\/www.alptekinas.com\/tr\/wp-content\/uploads\/2019\/02\/60-300x225.jpg 300w, https:\/\/www.alptekinas.com\/tr\/wp-content\/uploads\/2019\/02\/60-768x576.jpg 768w\" sizes=\"(max-width: 800px) 100vw, 800px\" alt=\"\" loading=\"lazy\" \t\tclass=\"so-widget-image\"\/>\n\t<\/div>\n\n<\/div><\/div><\/div><\/div><\/div>","protected":false},"excerpt":{"rendered":"<p>\u00c7ANKIRI KUR\u015eUNLU \u0130\u011eD\u0130R G\u00d6LET\u0130 \u0130N\u015eAATI YER\u0130:\u00a0 \u00c7ank\u0131r\u0131 \u0130li Kur\u015funlu \u0130l\u00e7esi \u0130\u011fdir K\u00f6y\u00fc S\u0131n\u0131rlar\u0131nda \u0130DARE:\u00a0 D.S.\u0130. V. B\u00f6lge M\u00fcd\u00fcrl\u00fc\u011f\u00fc \u2013 Ankara PROJEN\u0130N AMACI:\u00a0 Sulama \u0130\u015eE BA\u015eLAMA TAR\u0130H\u0130:\u00a0 20.07.2016 \u0130\u015e\u0130N B\u0130T\u0130\u015e TAR\u0130H\u0130:\u00a0 16.08.2018<\/p>\n","protected":false},"author":1,"featured_media":0,"parent":0,"menu_order":0,"comment_status":"closed","ping_status":"closed","template":"","meta":[],"_links":{"self":[{"href":"https:\/\/www.alptekinas.com\/tr\/wp-json\/wp\/v2\/pages\/320"}],"collection":[{"href":"https:\/\/www.alptekinas.com\/tr\/wp-json\/wp\/v2\/pages"}],"about":[{"href":"https:\/\/www.alptekinas.com\/tr\/wp-json\/wp\/v2\/types\/page"}],"author":[{"embeddable":true,"href":"https:\/\/www.alptekinas.com\/tr\/wp-json\/wp\/v2\/users\/1"}],"replies":[{"embeddable":true,"href":"https:\/\/www.alptekinas.com\/tr\/wp-json\/wp\/v2\/comments?post=320"}],"version-history":[{"count":2,"href":"https:\/\/www.alptekinas.com\/tr\/wp-json\/wp\/v2\/pages\/320\/revisions"}],"predecessor-version":[{"id":322,"href":"https:\/\/www.alptekinas.com\/tr\/wp-json\/wp\/v2\/pages\/320\/revisions\/322"}],"wp:attachment":[{"href":"https:\/\/www.alptekinas.com\/tr\/wp-json\/wp\/v2\/media?parent=320"}],"curies":[{"name":"wp","href":"https:\/\/api.w.org\/{rel}","templated":true}]}}