{"id":323,"date":"2019-03-04T16:28:19","date_gmt":"2019-03-04T13:28:19","guid":{"rendered":"https:\/\/alptekinas.com\/tr\/?page_id=323"},"modified":"2019-03-04T16:28:19","modified_gmt":"2019-03-04T13:28:19","slug":"sulakyurt-baraji-sulamasi-insaati","status":"publish","type":"page","link":"https:\/\/www.alptekinas.com\/tr\/sulakyurt-baraji-sulamasi-insaati\/","title":{"rendered":"SULAKYURT BARAJI SULAMASI \u0130N\u015eAATI"},"content":{"rendered":"<div id=\"pl-323\"  class=\"panel-layout\" ><div id=\"pg-323-0\"  class=\"panel-grid panel-no-style\" ><div id=\"pgc-323-0-0\"  class=\"panel-grid-cell\" ><div id=\"panel-323-0-0-0\" class=\"so-panel widget widget_sow-editor panel-first-child panel-last-child\" data-index=\"0\" ><div\n\t\t\t\n\t\t\tclass=\"so-widget-sow-editor so-widget-sow-editor-base\"\n\t\t\t\n\t\t>\n<div class=\"siteorigin-widget-tinymce textwidget\">\n\t<p><strong>SULAKYURT BARAJI SULAMASI \u0130N\u015eAATI<\/strong><\/p>\n<ul>\n<li><strong>YER\u0130:\u00a0 <\/strong>K\u0131r\u0131kkale \u0130li Sulakyurt \u0130l\u00e7esi S\u0131n\u0131rlar\u0131nda<\/li>\n<li><strong>\u0130DARE:\u00a0 <\/strong>D.S.\u0130. V. B\u00f6lge M\u00fcd\u00fcrl\u00fc\u011f\u00fc \u2013 Ankara<\/li>\n<li><strong>PROJEN\u0130N AMACI :\u00a0 <\/strong>Sulama<\/li>\n<li><strong>\u0130\u015eE BA\u015eLAMA TAR\u0130H:\u00a0 <\/strong>16.01.2015<\/li>\n<li><strong>\u0130\u015e\u0130N B\u0130T\u0130\u015e TAR\u0130H\u0130:\u00a0 <\/strong>19.09.2017<\/li>\n<\/ul>\n<\/div>\n<\/div><\/div><\/div><\/div><div id=\"pg-323-1\"  class=\"panel-grid panel-no-style\" ><div id=\"pgc-323-1-0\"  class=\"panel-grid-cell\" ><div id=\"panel-323-1-0-0\" class=\"so-panel widget widget_sow-image panel-first-child panel-last-child\" data-index=\"1\" ><div\n\t\t\t\n\t\t\tclass=\"so-widget-sow-image so-widget-sow-image-default-8b5b6f678277-323\"\n\t\t\t\n\t\t>\n<div class=\"sow-image-container\">\n\t\t<img \n\tsrc=\"https:\/\/www.alptekinas.com\/tr\/wp-content\/uploads\/2019\/02\/61.jpg\" width=\"3264\" height=\"2448\" srcset=\"https:\/\/www.alptekinas.com\/tr\/wp-content\/uploads\/2019\/02\/61.jpg 3264w, https:\/\/www.alptekinas.com\/tr\/wp-content\/uploads\/2019\/02\/61-300x225.jpg 300w, https:\/\/www.alptekinas.com\/tr\/wp-content\/uploads\/2019\/02\/61-768x576.jpg 768w, https:\/\/www.alptekinas.com\/tr\/wp-content\/uploads\/2019\/02\/61-1024x768.jpg 1024w\" sizes=\"(max-width: 3264px) 100vw, 3264px\" alt=\"\" loading=\"lazy\" \t\tclass=\"so-widget-image\"\/>\n\t<\/div>\n\n<\/div><\/div><\/div><div id=\"pgc-323-1-1\"  class=\"panel-grid-cell\" ><div id=\"panel-323-1-1-0\" class=\"so-panel widget widget_sow-image panel-first-child panel-last-child\" data-index=\"2\" ><div\n\t\t\t\n\t\t\tclass=\"so-widget-sow-image so-widget-sow-image-default-8b5b6f678277-323\"\n\t\t\t\n\t\t>\n<div class=\"sow-image-container\">\n\t\t<img \n\tsrc=\"https:\/\/www.alptekinas.com\/tr\/wp-content\/uploads\/2019\/02\/62.jpg\" width=\"2448\" height=\"3264\" srcset=\"https:\/\/www.alptekinas.com\/tr\/wp-content\/uploads\/2019\/02\/62.jpg 2448w, https:\/\/www.alptekinas.com\/tr\/wp-content\/uploads\/2019\/02\/62-225x300.jpg 225w, https:\/\/www.alptekinas.com\/tr\/wp-content\/uploads\/2019\/02\/62-768x1024.jpg 768w\" sizes=\"(max-width: 2448px) 100vw, 2448px\" alt=\"\" loading=\"lazy\" \t\tclass=\"so-widget-image\"\/>\n\t<\/div>\n\n<\/div><\/div><\/div><\/div><\/div>","protected":false},"excerpt":{"rendered":"<p>SULAKYURT BARAJI SULAMASI \u0130N\u015eAATI YER\u0130:\u00a0 K\u0131r\u0131kkale \u0130li Sulakyurt \u0130l\u00e7esi S\u0131n\u0131rlar\u0131nda \u0130DARE:\u00a0 D.S.\u0130. V. B\u00f6lge M\u00fcd\u00fcrl\u00fc\u011f\u00fc \u2013 Ankara PROJEN\u0130N AMACI :\u00a0 Sulama \u0130\u015eE BA\u015eLAMA TAR\u0130H:\u00a0 16.01.2015 \u0130\u015e\u0130N B\u0130T\u0130\u015e TAR\u0130H\u0130:\u00a0 19.09.2017<\/p>\n","protected":false},"author":1,"featured_media":0,"parent":0,"menu_order":0,"comment_status":"closed","ping_status":"closed","template":"","meta":[],"_links":{"self":[{"href":"https:\/\/www.alptekinas.com\/tr\/wp-json\/wp\/v2\/pages\/323"}],"collection":[{"href":"https:\/\/www.alptekinas.com\/tr\/wp-json\/wp\/v2\/pages"}],"about":[{"href":"https:\/\/www.alptekinas.com\/tr\/wp-json\/wp\/v2\/types\/page"}],"author":[{"embeddable":true,"href":"https:\/\/www.alptekinas.com\/tr\/wp-json\/wp\/v2\/users\/1"}],"replies":[{"embeddable":true,"href":"https:\/\/www.alptekinas.com\/tr\/wp-json\/wp\/v2\/comments?post=323"}],"version-history":[{"count":2,"href":"https:\/\/www.alptekinas.com\/tr\/wp-json\/wp\/v2\/pages\/323\/revisions"}],"predecessor-version":[{"id":325,"href":"https:\/\/www.alptekinas.com\/tr\/wp-json\/wp\/v2\/pages\/323\/revisions\/325"}],"wp:attachment":[{"href":"https:\/\/www.alptekinas.com\/tr\/wp-json\/wp\/v2\/media?parent=323"}],"curies":[{"name":"wp","href":"https:\/\/api.w.org\/{rel}","templated":true}]}}