{"id":339,"date":"2019-03-04T16:58:53","date_gmt":"2019-03-04T13:58:53","guid":{"rendered":"https:\/\/alptekinas.com\/tr\/?page_id=339"},"modified":"2019-03-04T17:04:10","modified_gmt":"2019-03-04T14:04:10","slug":"alptekin-otel-erzincan","status":"publish","type":"page","link":"https:\/\/www.alptekinas.com\/tr\/alptekin-otel-erzincan\/","title":{"rendered":"Alptekin Otel \u2013 Erzincan"},"content":{"rendered":"<div id=\"pl-339\"  class=\"panel-layout\" ><div id=\"pg-339-0\"  class=\"panel-grid panel-no-style\" ><div id=\"pgc-339-0-0\"  class=\"panel-grid-cell\" ><div id=\"panel-339-0-0-0\" class=\"so-panel widget widget_sow-editor panel-first-child panel-last-child\" data-index=\"0\" ><div\n\t\t\t\n\t\t\tclass=\"so-widget-sow-editor so-widget-sow-editor-base\"\n\t\t\t\n\t\t>\n<div class=\"siteorigin-widget-tinymce textwidget\">\n\t<p><strong>Alptekin Otel \u2013 Erzincan<\/strong><\/p>\n<p>Hanc\u0131\u00e7iftli\u011fi K\u00f6y\u00fc Erzurum Karayolu (Erzurum Karayolu 10. Km) <strong>Erzincan\/Merkez<\/strong><\/p>\n<p><strong>Tel :<\/strong> 0446 246 10 08\u00a0\u00a0\u00a0\u00a0\u00a0\u00a0\u00a0<strong>\u00a0 Fax :<\/strong> 0446 246 10 12<\/p>\n<p>37S 551080,58 dD 4395464,43 mK<\/p>\n<\/div>\n<\/div><\/div><\/div><div id=\"pgc-339-0-1\"  class=\"panel-grid-cell\" ><div id=\"panel-339-0-1-0\" class=\"widget_text so-panel widget widget_custom_html panel-first-child panel-last-child\" data-index=\"1\" ><div class=\"textwidget custom-html-widget\"><iframe src=\"https:\/\/www.google.com\/maps\/embed?pb=!1m18!1m12!1m3!1d29203.81579492441!2d39.56305284156787!3d39.70205563994323!2m3!1f0!2f0!3f0!3m2!1i1024!2i768!4f13.1!3m3!1m2!1s0x407012d265ef84d7%3A0x5864aa3debbf5154!2zSGFuY8Sxw6dpZnRsacSfaSwgMjQwMDIgSGFuY8Sxw6dpZnRsacSfaSBLw7Z5w7wvRXJ6aW5jYW4gTWVya2V6L0VyemluY2Fu!5e0!3m2!1str!2str!4v1551707874654\" width=\"500\" height=\"250\" frameborder=\"0\" style=\"border:0\" allowfullscreen><\/iframe><\/div><\/div><\/div><\/div><\/div>","protected":false},"excerpt":{"rendered":"<p>Alptekin Otel \u2013 Erzincan Hanc\u0131\u00e7iftli\u011fi K\u00f6y\u00fc Erzurum Karayolu (Erzurum Karayolu 10. Km) Erzincan\/Merkez Tel : 0446 246 10 08\u00a0\u00a0\u00a0\u00a0\u00a0\u00a0\u00a0\u00a0 Fax : 0446 246 10 12 37S 551080,58 dD 4395464,43 mK<\/p>\n","protected":false},"author":1,"featured_media":0,"parent":0,"menu_order":0,"comment_status":"closed","ping_status":"closed","template":"","meta":[],"_links":{"self":[{"href":"https:\/\/www.alptekinas.com\/tr\/wp-json\/wp\/v2\/pages\/339"}],"collection":[{"href":"https:\/\/www.alptekinas.com\/tr\/wp-json\/wp\/v2\/pages"}],"about":[{"href":"https:\/\/www.alptekinas.com\/tr\/wp-json\/wp\/v2\/types\/page"}],"author":[{"embeddable":true,"href":"https:\/\/www.alptekinas.com\/tr\/wp-json\/wp\/v2\/users\/1"}],"replies":[{"embeddable":true,"href":"https:\/\/www.alptekinas.com\/tr\/wp-json\/wp\/v2\/comments?post=339"}],"version-history":[{"count":3,"href":"https:\/\/www.alptekinas.com\/tr\/wp-json\/wp\/v2\/pages\/339\/revisions"}],"predecessor-version":[{"id":349,"href":"https:\/\/www.alptekinas.com\/tr\/wp-json\/wp\/v2\/pages\/339\/revisions\/349"}],"wp:attachment":[{"href":"https:\/\/www.alptekinas.com\/tr\/wp-json\/wp\/v2\/media?parent=339"}],"curies":[{"name":"wp","href":"https:\/\/api.w.org\/{rel}","templated":true}]}}