{"id":342,"date":"2019-03-04T17:01:09","date_gmt":"2019-03-04T14:01:09","guid":{"rendered":"https:\/\/alptekinas.com\/tr\/?page_id=342"},"modified":"2019-03-04T17:02:54","modified_gmt":"2019-03-04T14:02:54","slug":"alptekin-butik-otel-izmir","status":"publish","type":"page","link":"https:\/\/www.alptekinas.com\/tr\/alptekin-butik-otel-izmir\/","title":{"rendered":"Alptekin Butik Otel-\u0130zmir"},"content":{"rendered":"<div id=\"pl-342\"  class=\"panel-layout\" ><div id=\"pg-342-0\"  class=\"panel-grid panel-no-style\" ><div id=\"pgc-342-0-0\"  class=\"panel-grid-cell\" ><div id=\"panel-342-0-0-0\" class=\"so-panel widget widget_sow-editor panel-first-child panel-last-child\" data-index=\"0\" ><div\n\t\t\t\n\t\t\tclass=\"so-widget-sow-editor so-widget-sow-editor-base\"\n\t\t\t\n\t\t>\n<div class=\"siteorigin-widget-tinymce textwidget\">\n\t<p><strong>Alptekin Butik Otel \u2013 \u0130zmir \u00dcrkmez<\/strong><\/p>\n<p>Mersin Alan\u0131 Mahallesi \u00dcrkmez Caddesi 207,\u00a035467\u00a0,\u00a0<strong>Seferihisar,\u00a0T\u00fcrkiye<\/strong><\/p>\n<p><strong>Tel :<\/strong> (0232) 742 21 24<\/p>\n<p>35S 497208,88 dD 4214711,54 mK<\/p>\n<\/div>\n<\/div><\/div><\/div><div id=\"pgc-342-0-1\"  class=\"panel-grid-cell\" ><div id=\"panel-342-0-1-0\" class=\"widget_text so-panel widget widget_custom_html panel-first-child panel-last-child\" data-index=\"1\" ><div class=\"textwidget custom-html-widget\"><iframe src=\"https:\/\/www.google.com\/maps\/embed?pb=!1m18!1m12!1m3!1d3140.5835176483765!2d26.965944614682403!3d38.080079402309394!2m3!1f0!2f0!3f0!3m2!1i1024!2i768!4f13.1!3m3!1m2!1s0x14bbf79dde775309%3A0x5c7252ac0c97bdd7!2sAlptekin+Butik+Otel!5e0!3m2!1str!2str!4v1551708031942\" width=\"500\" height=\"250\" frameborder=\"0\" style=\"border:0\" allowfullscreen><\/iframe><\/div><\/div><\/div><\/div><\/div>","protected":false},"excerpt":{"rendered":"<p>Alptekin Butik Otel \u2013 \u0130zmir \u00dcrkmez Mersin Alan\u0131 Mahallesi \u00dcrkmez Caddesi 207,\u00a035467\u00a0,\u00a0Seferihisar,\u00a0T\u00fcrkiye Tel : (0232) 742 21 24 35S 497208,88 dD 4214711,54 mK<\/p>\n","protected":false},"author":1,"featured_media":0,"parent":0,"menu_order":0,"comment_status":"closed","ping_status":"closed","template":"","meta":[],"_links":{"self":[{"href":"https:\/\/www.alptekinas.com\/tr\/wp-json\/wp\/v2\/pages\/342"}],"collection":[{"href":"https:\/\/www.alptekinas.com\/tr\/wp-json\/wp\/v2\/pages"}],"about":[{"href":"https:\/\/www.alptekinas.com\/tr\/wp-json\/wp\/v2\/types\/page"}],"author":[{"embeddable":true,"href":"https:\/\/www.alptekinas.com\/tr\/wp-json\/wp\/v2\/users\/1"}],"replies":[{"embeddable":true,"href":"https:\/\/www.alptekinas.com\/tr\/wp-json\/wp\/v2\/comments?post=342"}],"version-history":[{"count":3,"href":"https:\/\/www.alptekinas.com\/tr\/wp-json\/wp\/v2\/pages\/342\/revisions"}],"predecessor-version":[{"id":347,"href":"https:\/\/www.alptekinas.com\/tr\/wp-json\/wp\/v2\/pages\/342\/revisions\/347"}],"wp:attachment":[{"href":"https:\/\/www.alptekinas.com\/tr\/wp-json\/wp\/v2\/media?parent=342"}],"curies":[{"name":"wp","href":"https:\/\/api.w.org\/{rel}","templated":true}]}}