{"id":350,"date":"2019-03-04T17:07:36","date_gmt":"2019-03-04T14:07:36","guid":{"rendered":"https:\/\/alptekinas.com\/tr\/?page_id=350"},"modified":"2019-03-04T17:26:43","modified_gmt":"2019-03-04T14:26:43","slug":"shell-erzincan","status":"publish","type":"page","link":"https:\/\/www.alptekinas.com\/tr\/shell-erzincan\/","title":{"rendered":"Shell \u2013 Erzincan"},"content":{"rendered":"<div id=\"pl-350\"  class=\"panel-layout\" ><div id=\"pg-350-0\"  class=\"panel-grid panel-no-style\" ><div id=\"pgc-350-0-0\"  class=\"panel-grid-cell\" ><div id=\"panel-350-0-0-0\" class=\"so-panel widget widget_sow-editor panel-first-child panel-last-child\" data-index=\"0\" ><div\n\t\t\t\n\t\t\tclass=\"so-widget-sow-editor so-widget-sow-editor-base\"\n\t\t\t\n\t\t>\n<div class=\"siteorigin-widget-tinymce textwidget\">\n\t<h4>Shell \u2013 Erzincan<\/h4>\n<p>Hanc\u0131\u00e7iftli\u011fi K\u00f6y\u00fc Erzurum Karayolu (Erzurum Karayolu 10. Km)<strong> Erzincan\/Merkez<\/strong><\/p>\n<p>37S 551080,58 dD4395464,43 mK<\/p>\n<\/div>\n<\/div><\/div><\/div><div id=\"pgc-350-0-1\"  class=\"panel-grid-cell\" ><div id=\"panel-350-0-1-0\" class=\"widget_text so-panel widget widget_custom_html panel-first-child panel-last-child\" data-index=\"1\" ><div class=\"textwidget custom-html-widget\"><iframe src=\"https:\/\/www.google.com\/maps\/embed?pb=!1m14!1m8!1m3!1d12277.721094100803!2d39.595879!3d39.707512!3m2!1i1024!2i768!4f13.1!3m3!1m2!1s0x0%3A0x857a848d4c61ccff!2sShell!5e0!3m2!1str!2str!4v1551708394694\" width=\"500\" height=\"250\" frameborder=\"0\" style=\"border:0\" allowfullscreen><\/iframe><\/div><\/div><\/div><\/div><\/div>","protected":false},"excerpt":{"rendered":"<p>Shell \u2013 Erzincan Hanc\u0131\u00e7iftli\u011fi K\u00f6y\u00fc Erzurum Karayolu (Erzurum Karayolu 10. Km) Erzincan\/Merkez 37S 551080,58 dD4395464,43 mK<\/p>\n","protected":false},"author":1,"featured_media":0,"parent":0,"menu_order":0,"comment_status":"closed","ping_status":"closed","template":"","meta":[],"_links":{"self":[{"href":"https:\/\/www.alptekinas.com\/tr\/wp-json\/wp\/v2\/pages\/350"}],"collection":[{"href":"https:\/\/www.alptekinas.com\/tr\/wp-json\/wp\/v2\/pages"}],"about":[{"href":"https:\/\/www.alptekinas.com\/tr\/wp-json\/wp\/v2\/types\/page"}],"author":[{"embeddable":true,"href":"https:\/\/www.alptekinas.com\/tr\/wp-json\/wp\/v2\/users\/1"}],"replies":[{"embeddable":true,"href":"https:\/\/www.alptekinas.com\/tr\/wp-json\/wp\/v2\/comments?post=350"}],"version-history":[{"count":3,"href":"https:\/\/www.alptekinas.com\/tr\/wp-json\/wp\/v2\/pages\/350\/revisions"}],"predecessor-version":[{"id":363,"href":"https:\/\/www.alptekinas.com\/tr\/wp-json\/wp\/v2\/pages\/350\/revisions\/363"}],"wp:attachment":[{"href":"https:\/\/www.alptekinas.com\/tr\/wp-json\/wp\/v2\/media?parent=350"}],"curies":[{"name":"wp","href":"https:\/\/api.w.org\/{rel}","templated":true}]}}